{"id":999,"date":"2026-03-09T07:04:03","date_gmt":"2026-03-09T07:04:03","guid":{"rendered":"https:\/\/apiobi.com\/?post_type=product&#038;p=999"},"modified":"2026-03-09T07:20:02","modified_gmt":"2026-03-09T07:20:02","slug":"support-de-carte-graphique-gpu-26-50-mm-support-anti-affaissement-pour-carte-video-support-gpu-imprimable-en-3d-gsc003","status":"publish","type":"product","link":"https:\/\/apiobi.com\/es\/boutique\/modeles-3d\/technologie-informatique-3d\/support-de-carte-graphique-gpu-26-50-mm-support-anti-affaissement-pour-carte-video-support-gpu-imprimable-en-3d-gsc003\/","title":{"rendered":"Soporte de Unidad de Tarjeta Gr\u00e1fica (GPU) 26-50 mm | Soporte de tarjeta de v\u00eddeo antideslizante, soporte de GPU imprimible en 3D | GSC003"},"content":{"rendered":"<h4>Support de GPU robuste et pr\u00e9cis<\/h4>\n<p>Support de carte graphique <strong>solide et pr\u00e9cis<\/strong>, r\u00e9glable de <strong>26 \u00e0 50 mm en hauteur<\/strong>, con\u00e7u pour <strong>\u00e9viter l\u2019affaissement (GPU sag)<\/strong> et soutenir efficacement la carte graphique.<\/p>\n<h4><strong>Dimensions :<\/strong><\/h4>\n<ul>\n<li><strong>Hauteur ferm\u00e9e :<\/strong> 26 mm<\/li>\n<li><strong>Hauteur maximale :<\/strong> 50 mm<\/li>\n<li><strong>Diam\u00e8tre :<\/strong> 17 mm<\/li>\n<li><strong>Filetage :<\/strong> \u00e9quivalent <strong>M8\u2013M12<\/strong><\/li>\n<li><strong>Pas d\u2019aimants, pas de patins \u00e0 ins\u00e9rer entre la carte et le support, aucun m\u00e9tal conducteur<\/strong> \u2014 simplement un support r\u00e9glable, efficace, capable de rivaliser avec des mod\u00e8les <strong>deux \u00e0 trois fois plus chers<\/strong>.<\/li>\n<li><strong>Le jeu fonctionnel a \u00e9t\u00e9 sp\u00e9cialement ajust\u00e9 pour tenir compte des tol\u00e9rances de l\u2019impression 3D<\/strong>, notamment en <strong>PETG<\/strong>.<\/li>\n<\/ul>\n<p>La conception de cet ensemble a \u00e9t\u00e9 <strong>enti\u00e8rement repens\u00e9e<\/strong> afin d\u2019assurer une compatibilit\u00e9 fiable avec des <strong>configurations PC gamer r\u00e9elles et test\u00e9es<\/strong>.<\/p>\n<p>Il est \u00e9galement parfait pour <strong>sur\u00e9lever une box internet, une console de jeux ou tout appareil ayant besoin d\u2019espace pour mieux respirer<\/strong> \ud83d\ude42<\/p>\n<hr \/>\n<p>&nbsp;<\/p>","protected":false},"excerpt":{"rendered":"<p>Support de carte graphique <strong>solide et pr\u00e9cis<\/strong>, r\u00e9glable de <strong>26 \u00e0 50 mm en hauteur<\/strong><\/p>","protected":false},"featured_media":1006,"comment_status":"open","ping_status":"closed","template":"","meta":{"_themeisle_gutenberg_block_has_review":false},"product_brand":[302],"product_cat":[130,146],"product_tag":[707,237,706,721,718,713,720,705,708,297,684,725,724,701,717,712,702,723,383,722,710,618,719,709],"class_list":{"0":"post-999","1":"product","2":"type-product","3":"status-publish","4":"has-post-thumbnail","6":"product_brand-apiobi","7":"product_cat-modeles-3d","8":"product_cat-technologie-informatique-3d","9":"product_tag-amd","10":"product_tag-apiobi","11":"product_tag-asus","12":"product_tag-boitier-pc-ouvert","13":"product_tag-carte-graphique","14":"product_tag-chassis","15":"product_tag-fichier-stl","16":"product_tag-geforce","17":"product_tag-gygabite","18":"product_tag-imprimable-en-3d","19":"product_tag-matx","20":"product_tag-msi","21":"product_tag-nitro","22":"product_tag-nvidia","23":"product_tag-ordinateur","24":"product_tag-pc","25":"product_tag-radeon","26":"product_tag-sapphyre","27":"product_tag-support","28":"product_tag-support-gpu","29":"product_tag-ti","30":"product_tag-upgrade","31":"product_tag-video","32":"product_tag-xt","34":"first","35":"instock","36":"featured","37":"downloadable","38":"virtual","39":"sold-individually","40":"purchasable","41":"product-type-simple"},"_links":{"self":[{"href":"https:\/\/apiobi.com\/es\/wp-json\/wp\/v2\/product\/999","targetHints":{"allow":["GET"]}}],"collection":[{"href":"https:\/\/apiobi.com\/es\/wp-json\/wp\/v2\/product"}],"about":[{"href":"https:\/\/apiobi.com\/es\/wp-json\/wp\/v2\/types\/product"}],"replies":[{"embeddable":true,"href":"https:\/\/apiobi.com\/es\/wp-json\/wp\/v2\/comments?post=999"}],"wp:featuredmedia":[{"embeddable":true,"href":"https:\/\/apiobi.com\/es\/wp-json\/wp\/v2\/media\/1006"}],"wp:attachment":[{"href":"https:\/\/apiobi.com\/es\/wp-json\/wp\/v2\/media?parent=999"}],"wp:term":[{"taxonomy":"product_brand","embeddable":true,"href":"https:\/\/apiobi.com\/es\/wp-json\/wp\/v2\/product_brand?post=999"},{"taxonomy":"product_cat","embeddable":true,"href":"https:\/\/apiobi.com\/es\/wp-json\/wp\/v2\/product_cat?post=999"},{"taxonomy":"product_tag","embeddable":true,"href":"https:\/\/apiobi.com\/es\/wp-json\/wp\/v2\/product_tag?post=999"}],"curies":[{"name":"wp","href":"https:\/\/api.w.org\/{rel}","templated":true}]}}