{"id":994,"date":"2026-03-09T06:42:53","date_gmt":"2026-03-09T06:42:53","guid":{"rendered":"https:\/\/apiobi.com\/?post_type=product&#038;p=994"},"modified":"2026-03-09T07:03:46","modified_gmt":"2026-03-09T07:03:46","slug":"poignee-pour-profile-aluminium-2020-h2020","status":"publish","type":"product","link":"https:\/\/apiobi.com\/es\/boutique\/modeles-3d\/technologie-informatique-3d\/poignee-pour-profile-aluminium-2020-h2020\/","title":{"rendered":"Asa para perfil de aluminio 2020 - H2020"},"content":{"rendered":"<h4>Poign\u00e9e premium imprimable en 3D pour profil\u00e9s aluminium ou profil\u00e9s 2020 imprim\u00e9s en 3D<\/h4>\n<p><strong>Ajoutez une poign\u00e9e \u00e0 vos projets construits avec des profil\u00e9s 20\u00d720 :<\/strong><\/p>\n<ul>\n<li>Ch\u00e2ssis d\u2019imprimante 3D (structure principale et renforts)<\/li>\n<li>Petite CNC ou graveuse laser (portique + structure)<\/li>\n<li>\u00c9tabli \/ poste de travail modulaire<\/li>\n<li>\u00c9tag\u00e8res de rangement (atelier, garage)<\/li>\n<li>Chariot ou desserte d\u2019atelier sur roulettes<\/li>\n<li>Bureau ou table avec pieds en profil\u00e9s 2020<\/li>\n<li>Support \/ meuble pour imprimante 3D ou PC (tour + \u00e9crans)<\/li>\n<li>Ch\u00e2ssis l\u00e9ger pour robot ou banc de test \u00e9lectronique<\/li>\n<li>Enceinte ou carter de protection pour machine (panneaux + structure 2020)<\/li>\n<\/ul>\n<hr \/>\n<h4>Dimensions<\/h4>\n<ul>\n<li><strong>Longueur :<\/strong> 106 mm<\/li>\n<li><strong>Largeur :<\/strong> 19 mm<\/li>\n<li><strong>Hauteur :<\/strong> 30 mm<\/li>\n<\/ul>\n<p>Cette poign\u00e9e est con\u00e7ue pour \u00eatre fix\u00e9e avec des <strong>vis M4 \u00d7 10 mm<\/strong>.<\/p>\n<p>Vous trouverez des <strong>\u00e9crous T-slot imprimables en 3D avec filetage M4<\/strong> dans le catalogue<\/p>\n<p>&nbsp;<\/p>","protected":false},"excerpt":{"rendered":"<p>Poign\u00e9e premium imprimable en 3D pour profil\u00e9s aluminium ou profil\u00e9s 2020 imprim\u00e9s en 3D<\/p>","protected":false},"featured_media":997,"comment_status":"open","ping_status":"closed","template":"","meta":{"_themeisle_gutenberg_block_has_review":false},"product_brand":[302],"product_cat":[130,146],"product_tag":[692,267,694,707,237,706,711,713,696,688,208,715,699,700,705,690,708,689,697,684,687,701,695,685,714,712,686,693,683,716,691,702,704,703,197,710,698,709],"class_list":{"0":"post-994","1":"product","2":"type-product","3":"status-publish","4":"has-post-thumbnail","6":"product_brand-apiobi","7":"product_cat-modeles-3d","8":"product_cat-technologie-informatique-3d","9":"product_tag-2020-t-slot","10":"product_tag-3d-printable","11":"product_tag-3d-printed-profile","12":"product_tag-amd","13":"product_tag-apiobi","14":"product_tag-asus","15":"product_tag-boitier","16":"product_tag-chassis","17":"product_tag-computer-chassis","18":"product_tag-custom-build","19":"product_tag-diy","20":"product_tag-equerre","21":"product_tag-gamer","22":"product_tag-gaming","23":"product_tag-geforce","24":"product_tag-gpu-mount","25":"product_tag-gygabite","26":"product_tag-high-airflow","27":"product_tag-hobbyist","28":"product_tag-matx","29":"product_tag-modular","30":"product_tag-nvidia","31":"product_tag-open-frame","32":"product_tag-open-air","33":"product_tag-ouvert","34":"product_tag-pc","35":"product_tag-pc-case","36":"product_tag-pc-modding","37":"product_tag-piece-detachee","38":"product_tag-profile-2020","39":"product_tag-psu-mount","40":"product_tag-radeon","41":"product_tag-rtx","42":"product_tag-rx","43":"product_tag-stl","44":"product_tag-ti","45":"product_tag-workstation","46":"product_tag-xt","48":"first","49":"instock","50":"downloadable","51":"virtual","52":"sold-individually","53":"purchasable","54":"product-type-simple"},"_links":{"self":[{"href":"https:\/\/apiobi.com\/es\/wp-json\/wp\/v2\/product\/994","targetHints":{"allow":["GET"]}}],"collection":[{"href":"https:\/\/apiobi.com\/es\/wp-json\/wp\/v2\/product"}],"about":[{"href":"https:\/\/apiobi.com\/es\/wp-json\/wp\/v2\/types\/product"}],"replies":[{"embeddable":true,"href":"https:\/\/apiobi.com\/es\/wp-json\/wp\/v2\/comments?post=994"}],"wp:featuredmedia":[{"embeddable":true,"href":"https:\/\/apiobi.com\/es\/wp-json\/wp\/v2\/media\/997"}],"wp:attachment":[{"href":"https:\/\/apiobi.com\/es\/wp-json\/wp\/v2\/media?parent=994"}],"wp:term":[{"taxonomy":"product_brand","embeddable":true,"href":"https:\/\/apiobi.com\/es\/wp-json\/wp\/v2\/product_brand?post=994"},{"taxonomy":"product_cat","embeddable":true,"href":"https:\/\/apiobi.com\/es\/wp-json\/wp\/v2\/product_cat?post=994"},{"taxonomy":"product_tag","embeddable":true,"href":"https:\/\/apiobi.com\/es\/wp-json\/wp\/v2\/product_tag?post=994"}],"curies":[{"name":"wp","href":"https:\/\/api.w.org\/{rel}","templated":true}]}}