{"id":979,"date":"2026-03-08T18:04:35","date_gmt":"2026-03-08T18:04:35","guid":{"rendered":"https:\/\/apiobi.com\/?post_type=product&#038;p=979"},"modified":"2026-04-14T05:36:57","modified_gmt":"2026-04-14T05:36:57","slug":"3dpecheur-senuelo-gancho-seguro-keeper-titular-para-cana-de-pescar-cana-de-pescar-gancho-seguro-keeper-titular-rhk2","status":"publish","type":"product","link":"https:\/\/apiobi.com\/es\/boutique\/modeles-3d\/outdoor-sport\/peche-3dpecheur\/accroche-hamecon-leurre-3dpecheur-support-securise-dhamecon-a-fixer-sur-canne-a-peche-fishing-rod-hook-secure-keeper-holder-rhk2\/","title":{"rendered":"Soporte de anzuelo, se\u00f1uelo 3Dpecheur | Soporte de anzuelo seguro para fijar a la ca\u00f1a de pescar | RHK2"},"content":{"rendered":"<h3>Soporte imprimible en 3D para anzuelos, se\u00f1uelos y moscas que se fija al blank de la ca\u00f1a de pescar: \u00a1s\u00f3lido, discreto y probado en los bancos!<\/h3>\n<p>Un nuevo modelo dise\u00f1ado tras el <strong>Versi\u00f3n RHK1<\/strong>, para satisfacer necesidades similares pero con <strong>diferentes formas y sistemas de fijaci\u00f3n<\/strong>, ofreciendo a los pescadores una alternativa que se adapte a sus h\u00e1bitos y a su equipo.<\/p>\n<h4>\u2705 Por qu\u00e9 destaca este modelo<\/h4>\n<ul>\n<li><strong>Alternativa a RHK1 :<\/strong> misma funci\u00f3n, geometr\u00eda y tacto diferentes<\/li>\n<li><strong>Sin movimientos ni deslizamientos :<\/strong> no se caen ni se pierden durante el transporte<\/li>\n<li><strong>Protege la varilla:<\/strong> sin riesgo de ara\u00f1azos ni rozaduras<\/li>\n<li><strong>Compacta y discreta:<\/strong> no interfiere en el lanzamiento ni en el almacenamiento<\/li>\n<li><strong>Anillo ancho :<\/strong> admite una gran variedad de anzuelos y se\u00f1uelos, incluso triples pesados<\/li>\n<li>Longitud <strong>s\u00f3lo 2 cm<\/strong> - eficaz, sencillo e invisible una vez instalado<\/li>\n<\/ul>\n<p>Aseg\u00farelo con <strong>dos collares rilsan de 100 \u00d7 2,5 mm<\/strong> (o uno m\u00e1s grande) para una sujeci\u00f3n segura, sin vibraciones ni deslizamientos.<\/p>\n<hr \/>\n<h4>\ud83c\udfaf Par\u00e1metros y consejos para la impresi\u00f3n en 3D<\/h4>\n<p>Todos los modelos se han impreso y probado en un <strong>Original Ender 3 Pro<\/strong>, equipado con un <strong>BLTouch<\/strong> y un <strong>Placa PEI<\/strong>. Esto demuestra que :<\/p>\n<ol>\n<li>El modelo es <strong>totalmente imprimible en 3D<\/strong><\/li>\n<li>Es compatible con <strong>la mayor\u00eda de las impresoras FDM<\/strong>, sin ajustes avanzados<\/li>\n<\/ol>\n<hr \/>\n<h4>\ud83c\udfa3 Dise\u00f1ado por un pescador, para pescadores<\/h4>\n<p>Como pescador aficionado, dise\u00f1o modelos que realmente responden a las necesidades del campo.<br \/>\nEsta versi\u00f3n RHK2 ofrece <strong>una soluci\u00f3n s\u00f3lida, limpia y minimalista para sujetar el gancho<\/strong> - probados y aprobados durante sesiones de pesca reales.<\/p>\n<p>&nbsp;<\/p>\n<hr \/>\n<p><em>Mis modelos est\u00e1n dise\u00f1ados para impresi\u00f3n 3D FDM. Responden a las necesidades espec\u00edficas de los pescadores. Se han dise\u00f1ado, impreso y probado varias veces en situaciones reales para lograr resultados \u00f3ptimos. \u00a1Estos accesorios de pesca se crearon porque yo mismo los necesitaba!<\/em><\/p>","protected":false},"excerpt":{"rendered":"<p>Accroche hame\u00e7on, leurre, mouche\u00a0imprimable en 3D,\u00a0\u00e0 fixer sur le blank de votre canne \u00e0 p\u00eache\u00a0 \u2014 solide, discret et test\u00e9 sur les berges! Un nouveau mod\u00e8le con\u00e7u apr\u00e8s la version RHK1, r\u00e9pondant \u00e0 des besoins similaires mais avec une forme et un syst\u00e8me de fixation diff\u00e9rents, offrant aux p\u00eacheurs une alternative selon leurs habitudes et [&hellip;]<\/p>\n","protected":false},"featured_media":982,"comment_status":"open","ping_status":"closed","template":"","meta":{"_themeisle_gutenberg_block_has_review":false},"product_brand":[303,302],"product_cat":[130,136,152,150],"product_tag":[238,60,364,237,369,521,356,354,519,262,62,350,304,345,222,526,522,527,520,528,327,231,529,421,353,525,383,427],"class_list":{"0":"post-979","1":"product","2":"type-product","3":"status-publish","4":"has-post-thumbnail","6":"product_brand-3dpecheur","7":"product_brand-apiobi","8":"product_cat-modeles-3d","9":"product_cat-peche-3dpecheur","10":"product_cat-peche-a-la-mouche","11":"product_cat-peche-carpe","12":"product_tag-3dpecheur","13":"product_tag-accessoire","14":"product_tag-accessorie","15":"product_tag-apiobi","16":"product_tag-appat","17":"product_tag-attache","18":"product_tag-bait","19":"product_tag-canne","20":"product_tag-casting","21":"product_tag-crochet","22":"product_tag-equipement","23":"product_tag-fish","24":"product_tag-fishing","25":"product_tag-holder","26":"product_tag-hook","27":"product_tag-lancer","28":"product_tag-lead","29":"product_tag-leurre","30":"product_tag-lure","31":"product_tag-materiel","32":"product_tag-materiel-de-peche","33":"product_tag-peche","34":"product_tag-plomb","35":"product_tag-poisson","36":"product_tag-rod","37":"product_tag-street-fishing","38":"product_tag-support","39":"product_tag-tackle","41":"first","42":"instock","43":"featured","44":"downloadable","45":"virtual","46":"sold-individually","47":"purchasable","48":"product-type-simple"},"_links":{"self":[{"href":"https:\/\/apiobi.com\/es\/wp-json\/wp\/v2\/product\/979","targetHints":{"allow":["GET"]}}],"collection":[{"href":"https:\/\/apiobi.com\/es\/wp-json\/wp\/v2\/product"}],"about":[{"href":"https:\/\/apiobi.com\/es\/wp-json\/wp\/v2\/types\/product"}],"replies":[{"embeddable":true,"href":"https:\/\/apiobi.com\/es\/wp-json\/wp\/v2\/comments?post=979"}],"wp:featuredmedia":[{"embeddable":true,"href":"https:\/\/apiobi.com\/es\/wp-json\/wp\/v2\/media\/982"}],"wp:attachment":[{"href":"https:\/\/apiobi.com\/es\/wp-json\/wp\/v2\/media?parent=979"}],"wp:term":[{"taxonomy":"product_brand","embeddable":true,"href":"https:\/\/apiobi.com\/es\/wp-json\/wp\/v2\/product_brand?post=979"},{"taxonomy":"product_cat","embeddable":true,"href":"https:\/\/apiobi.com\/es\/wp-json\/wp\/v2\/product_cat?post=979"},{"taxonomy":"product_tag","embeddable":true,"href":"https:\/\/apiobi.com\/es\/wp-json\/wp\/v2\/product_tag?post=979"}],"curies":[{"name":"wp","href":"https:\/\/api.w.org\/{rel}","templated":true}]}}