{"id":910,"date":"2026-03-06T09:59:44","date_gmt":"2026-03-06T09:59:44","guid":{"rendered":"https:\/\/apiobi.com\/?post_type=product&#038;p=910"},"modified":"2026-04-14T05:29:53","modified_gmt":"2026-04-14T05:29:53","slug":"indicateur-de-touches-mouche-12mm-small-fly-fishing-strike-indicator","status":"publish","type":"product","link":"https:\/\/apiobi.com\/es\/boutique\/modeles-3d\/outdoor-sport\/peche-3dpecheur\/peche-a-la-mouche\/indicateur-de-touches-mouche-12mm-small-fly-fishing-strike-indicator\/","title":{"rendered":"Indicador de llave de mosca 12mm | PEQUE\u00d1O"},"content":{"rendered":"<p><strong>Indicateur de touche de 12 mm 3Dpecheur, taille SMALL <\/strong>pour la p\u00eache \u00e0 la mouche.<br \/>\nCe mod\u00e8le de 12 mm est facile \u00e0 lancer et \u00e0 rep\u00e9rer sur l&#8217;eau comme tout indicateur du commerce.<\/p>\n<p>Ces indicateurs, con\u00e7us pour la p\u00eache \u00e0 la mouche, facilitent le maintien de l&#8217;emplacement souhait\u00e9 et la pr\u00e9sentation de la nymphe \u00e0 la profondeur id\u00e9ale. Haute visibilit\u00e9 et ultra-sensibilit\u00e9. Excellentes performances les conditions qui exigent discr\u00e9tion et finesse de bas de ligne.<\/p>\n<p>No pellizcan ni debilitan el sedal. F\u00e1ciles de colocar y ajustar en el bajo de l\u00ednea. Nunca se hunden.<\/p>\n<p>Mis modelos est\u00e1n dise\u00f1ados para impresi\u00f3n 3D FDM. Est\u00e1n dise\u00f1ados para satisfacer las necesidades espec\u00edficas de pescadores a mosca exigentes como yo. Son dise\u00f1ados, impresos y probados varias veces en condiciones reales de pesca por m\u00ed mismo y un fant\u00e1stico equipo de amigos pescadores, hasta obtener resultados \u00f3ptimos.<\/p>\n<p>&nbsp;<\/p>\n<p>&nbsp;<\/p>","protected":false},"excerpt":{"rendered":"<p>Indicateur de touches 12mm \u00e0 fixer sur le bas de ligne \u00e0 l&#8217;aide d&#8217;une simple boucle pour la p\u00eache en nymphe. Parfait en rivi\u00e8re et r\u00e9servoir!<\/p>","protected":false},"featured_media":911,"comment_status":"open","ping_status":"closed","template":"","meta":{"_themeisle_gutenberg_block_has_review":false},"product_brand":[303,302],"product_cat":[156,130,136,152],"product_tag":[238,237,579,575,425,589,582,420,583,576,586,574,584,507,588,581,578,587,580,590,573,506,197,569,585,513,577,541,550],"class_list":{"0":"post-910","1":"product","2":"type-product","3":"status-publish","4":"has-post-thumbnail","6":"product_brand-3dpecheur","7":"product_brand-apiobi","8":"product_cat-flotteurs","9":"product_cat-modeles-3d","10":"product_cat-peche-3dpecheur","11":"product_cat-peche-a-la-mouche","12":"product_tag-3dpecheur","13":"product_tag-apiobi","14":"product_tag-bas-de-ligne","15":"product_tag-ferrage","16":"product_tag-float","17":"product_tag-floating","18":"product_tag-flottant","19":"product_tag-flotteur","20":"product_tag-fly-fishing","21":"product_tag-indicateur","22":"product_tag-indicator","23":"product_tag-ligne","24":"product_tag-line","25":"product_tag-marqueur","26":"product_tag-midge","27":"product_tag-moucheron","28":"product_tag-nylon","29":"product_tag-nymph","30":"product_tag-nymphe","31":"product_tag-nymphing","32":"product_tag-peche-a-la-mouche","33":"product_tag-repere","34":"product_tag-stl","35":"product_tag-streamer","36":"product_tag-strike","37":"product_tag-touche","38":"product_tag-toucher","39":"product_tag-trout","40":"product_tag-truite","42":"first","43":"instock","44":"featured","45":"downloadable","46":"virtual","47":"sold-individually","48":"purchasable","49":"product-type-simple"},"_links":{"self":[{"href":"https:\/\/apiobi.com\/es\/wp-json\/wp\/v2\/product\/910","targetHints":{"allow":["GET"]}}],"collection":[{"href":"https:\/\/apiobi.com\/es\/wp-json\/wp\/v2\/product"}],"about":[{"href":"https:\/\/apiobi.com\/es\/wp-json\/wp\/v2\/types\/product"}],"replies":[{"embeddable":true,"href":"https:\/\/apiobi.com\/es\/wp-json\/wp\/v2\/comments?post=910"}],"wp:featuredmedia":[{"embeddable":true,"href":"https:\/\/apiobi.com\/es\/wp-json\/wp\/v2\/media\/911"}],"wp:attachment":[{"href":"https:\/\/apiobi.com\/es\/wp-json\/wp\/v2\/media?parent=910"}],"wp:term":[{"taxonomy":"product_brand","embeddable":true,"href":"https:\/\/apiobi.com\/es\/wp-json\/wp\/v2\/product_brand?post=910"},{"taxonomy":"product_cat","embeddable":true,"href":"https:\/\/apiobi.com\/es\/wp-json\/wp\/v2\/product_cat?post=910"},{"taxonomy":"product_tag","embeddable":true,"href":"https:\/\/apiobi.com\/es\/wp-json\/wp\/v2\/product_tag?post=910"}],"curies":[{"name":"wp","href":"https:\/\/api.w.org\/{rel}","templated":true}]}}