{"id":895,"date":"2026-03-06T09:05:47","date_gmt":"2026-03-06T09:05:47","guid":{"rendered":"https:\/\/apiobi.com\/?post_type=product&#038;p=895"},"modified":"2026-03-06T09:22:40","modified_gmt":"2026-03-06T09:22:40","slug":"support-de-cadre-barrette-superieure-de-ruche-outil-apicole-mains-libres-scl-002","status":"publish","type":"product","link":"https:\/\/apiobi.com\/es\/boutique\/modeles-3d\/aquaculture-apiculture-nichoirs\/support-de-cadre-barrette-superieure-de-ruche-outil-apicole-mains-libres-scl-002\/","title":{"rendered":"Soporte de marco, barra superior de la colmena - Herramienta ap\u00edcola manos libres | SCL-002"},"content":{"rendered":"<h2 data-section-id=\"14mjhur\" data-start=\"44\" data-end=\"137\">Support pour barrettes et cadres de ruche \u2013 Manipulation facile lors des inspections<\/h2>\n<p data-start=\"139\" data-end=\"458\">Se fixe facilement sur une planche verticale de la structure de la ruche, sur le cadre du toit, ou sur tout <strong data-start=\"411\" data-end=\"457\">support vertical de 24 \u00e0 25 mm d\u2019\u00e9paisseur<\/strong>.<\/p>\n<h3 data-section-id=\"haviiy\" data-start=\"460\" data-end=\"492\">Caracter\u00edsticas principales<\/h3>\n<ul data-start=\"494\" data-end=\"1045\">\n<li data-section-id=\"hygh3u\" data-start=\"494\" data-end=\"564\">\n<p data-start=\"496\" data-end=\"564\"><strong data-start=\"496\" data-end=\"532\">Support robuste \u00e0 deux positions<\/strong> pour une flexibilit\u00e9 maximale<\/p>\n<\/li>\n<li data-section-id=\"1jvsxq4\" data-start=\"565\" data-end=\"658\">\n<p data-start=\"567\" data-end=\"658\">Peut accueillir des <strong data-start=\"587\" data-end=\"656\">barrettes et cadres jusqu\u2019\u00e0 40 mm de largeur et 30 mm d\u2019\u00e9paisseur<\/strong><\/p>\n<\/li>\n<li data-section-id=\"r58ak2\" data-start=\"659\" data-end=\"742\">\n<p data-start=\"661\" data-end=\"742\"><strong data-start=\"661\" data-end=\"706\">Crochet d\u2019extr\u00e9mit\u00e9 et trou de suspension<\/strong> pour ranger facilement vos outils<\/p>\n<\/li>\n<li data-section-id=\"gd6tfo\" data-start=\"743\" data-end=\"1045\">\n<p data-start=\"745\" data-end=\"1045\"><strong data-start=\"745\" data-end=\"776\">Compatibilit\u00e9 universelle :<\/strong> TBH, K\u00e9nyane, Tanzanienne, Dadant, Langstroth, Warr\u00e9, Voirnot, ou toute ruche avec des planches jusqu\u2019\u00e0 <strong data-start=\"881\" data-end=\"902\">25 mm d\u2019\u00e9paisseur<\/strong>.<br data-start=\"903\" data-end=\"906\" \/>Si votre planche est plus fine que <strong data-start=\"943\" data-end=\"952\">24 mm<\/strong>, ajoutez simplement une petite cale \u2014 <strong data-start=\"991\" data-end=\"1045\">aucun ajustement dans le slicer n\u2019est n\u00e9cessaire !<\/strong><\/p>\n<\/li>\n<\/ul>\n<p data-start=\"1047\" data-end=\"1249\" data-is-last-node=\"\" data-is-only-node=\"\">Ce support est <strong data-start=\"1062\" data-end=\"1106\">solide, pratique et pr\u00eat \u00e0 vous assister<\/strong> lors de toutes vos inspections.<br data-start=\"1138\" data-end=\"1141\" \/>Un accessoire indispensable pour les apiculteurs qui recherchent <strong data-start=\"1206\" data-end=\"1248\">efficacit\u00e9, durabilit\u00e9 et design prim\u00e9<\/strong>.<\/p>","protected":false},"excerpt":{"rendered":"<p>Rendez vos inspections de ruches plus fluides gr\u00e2ce \u00e0 ce support polyvalent imprim\u00e9 en 3D<\/p>","protected":false},"featured_media":898,"comment_status":"open","ping_status":"closed","template":"","meta":{"_themeisle_gutenberg_block_has_review":false},"product_brand":[302],"product_cat":[140,130],"product_tag":[626,637,636,237,638,627,639,631,640,635,633,230,297,630,634,625,632,628,629],"class_list":{"0":"post-895","1":"product","2":"type-product","3":"status-publish","4":"has-post-thumbnail","6":"product_brand-apiobi","7":"product_cat-aquaculture-apiculture-nichoirs","8":"product_cat-modeles-3d","9":"product_tag-abeille","10":"product_tag-apiculteur","11":"product_tag-apiculture","12":"product_tag-apiobi","13":"product_tag-barette","14":"product_tag-bees","15":"product_tag-cire","16":"product_tag-foundation","17":"product_tag-gratuit","18":"product_tag-honeycomb","19":"product_tag-horizontale","20":"product_tag-impression-3d","21":"product_tag-imprimable-en-3d","22":"product_tag-kenyane","23":"product_tag-miel","24":"product_tag-ruche","25":"product_tag-starter","26":"product_tag-tbh","27":"product_tag-top-bar-hive","29":"first","30":"instock","31":"downloadable","32":"virtual","33":"sold-individually","34":"purchasable","35":"product-type-simple"},"_links":{"self":[{"href":"https:\/\/apiobi.com\/es\/wp-json\/wp\/v2\/product\/895","targetHints":{"allow":["GET"]}}],"collection":[{"href":"https:\/\/apiobi.com\/es\/wp-json\/wp\/v2\/product"}],"about":[{"href":"https:\/\/apiobi.com\/es\/wp-json\/wp\/v2\/types\/product"}],"replies":[{"embeddable":true,"href":"https:\/\/apiobi.com\/es\/wp-json\/wp\/v2\/comments?post=895"}],"wp:featuredmedia":[{"embeddable":true,"href":"https:\/\/apiobi.com\/es\/wp-json\/wp\/v2\/media\/898"}],"wp:attachment":[{"href":"https:\/\/apiobi.com\/es\/wp-json\/wp\/v2\/media?parent=895"}],"wp:term":[{"taxonomy":"product_brand","embeddable":true,"href":"https:\/\/apiobi.com\/es\/wp-json\/wp\/v2\/product_brand?post=895"},{"taxonomy":"product_cat","embeddable":true,"href":"https:\/\/apiobi.com\/es\/wp-json\/wp\/v2\/product_cat?post=895"},{"taxonomy":"product_tag","embeddable":true,"href":"https:\/\/apiobi.com\/es\/wp-json\/wp\/v2\/product_tag?post=895"}],"curies":[{"name":"wp","href":"https:\/\/api.w.org\/{rel}","templated":true}]}}