{"id":886,"date":"2026-03-06T08:39:32","date_gmt":"2026-03-06T08:39:32","guid":{"rendered":"https:\/\/apiobi.com\/?post_type=product&#038;p=886"},"modified":"2026-03-06T09:01:11","modified_gmt":"2026-03-06T09:01:11","slug":"profil-en-v-pour-barrette-de-ruche-horizontale-tbh-top-bar-hive-foundation-starter-comb-guides","status":"publish","type":"product","link":"https:\/\/apiobi.com\/es\/boutique\/modeles-3d\/aquaculture-apiculture-nichoirs\/profil-en-v-pour-barrette-de-ruche-horizontale-tbh-top-bar-hive-foundation-starter-comb-guides\/","title":{"rendered":"Perfil en V para barra horizontal de la colmena | TBH | Barra superior de arranque de cimientos de colmena | Gu\u00edas de panal"},"content":{"rendered":"<h2>Une contribution \u00e0 l\u2019apiculture simplifi\u00e9e<\/h2>\n<p>J&#8217;apporte aujourd&#8217;hui ma modeste contribution au travail r\u00e9alis\u00e9 par tout ceux qui \u0153uvrent au d\u00e9veloppement de l&#8217;apiculture. C&#8217;est le cas de ceux qui aident \u00e0 la fabrication de ruches et\/ou d&#8217;accessoires avec du bois de r\u00e9cup\u00e9ration et de palettes non trait\u00e9es, avec du mat\u00e9riel artisanal et des m\u00e9thodes de gestion naturelles et sans produits chimiques : c&#8217;est l&#8217;apiculture simplifi\u00e9e.<\/p>\n<p>Malheureusement, beaucoup de tutos, plans et explications sont destin\u00e9s \u00e0 des bricoleurs lourdement \u00e9quip\u00e9s de machines destin\u00e9es aux menuisiers, \u00e9b\u00e9nistes, ce n&#8217;est pas mon cas. C&#8217;est tr\u00e8s frustrant de voir une vid\u00e9o ou l&#8217;auteur explique que c&#8217;est tr\u00e8s simple \u00e0 fabriquer alors qu&#8217;il dispose en fait d&#8217;un mat\u00e9riel pro \u00e0 plusieurs milliers d&#8217;euros, non ?<\/p>\n<hr \/>\n<h2>Mon projet de ruche Top Bar<\/h2>\n<p>Je termine actuellement la fabrication d&#8217;une ruche horizontale de type K\u00e9nyane (<strong>TOP BAR HIVE<\/strong>) gr\u00e2ce au contenu informatif, aux explications pragmatiques et aux ouvrages d\u00e9di\u00e9s \u00e0 l&#8217;apiculture naturelle et aux ruches Top Bar de Phil Chandler.<\/p>\n<p>Merci Philip !<\/p>\n<p>Ma nouvelle ruche est termin\u00e9e et je fabrique actuellement les barrettes sup\u00e9rieures (<em>comb guides<\/em>) de <strong>430 mm de longueur<\/strong> et <strong>22 mm d&#8217;\u00e9paisseur<\/strong>, dot\u00e9es d&#8217;un <strong>profil en V<\/strong>.<\/p>\n<hr \/>\n<h2>Le mod\u00e8le 3D propos\u00e9<\/h2>\n<p>Je vous propose ce <strong>mod\u00e8le 3D de profil en V de 380 mm de longueur<\/strong> (<strong>377 mm exactement pour supporter les imperfections du bois et de d\u00e9coupe surtout \ud83d\ude09<\/strong>).<\/p>\n<p>Son co\u00fbt de fabrication en <strong>PETG<\/strong> est d\u00e9risoire en comparaison des prix ind\u00e9cents des profils bois en V ou rond du commerce, de type baguette triangulaire <strong>15 \u00d7 15 \u00d7 15 mm<\/strong> qui, de surcro\u00eet, ne sont pas r\u00e9ellement adapt\u00e9s.<\/p>\n<p>L&#8217;angle de <strong>30\u00b0<\/strong> permet un bon suivi du profil le long des c\u00f4t\u00e9s de la ruche.<br \/>\nL&#8217;expertise de <strong>Philip Chandler<\/strong> recommande que le profil vienne en but\u00e9e contre les longueurs des c\u00f4t\u00e9s. C&#8217;est fait ! D&#8217;o\u00f9 le plat avant l&#8217;angle aux extr\u00e9mit\u00e9s.<\/p>\n<p>\u27a1\ufe0f Il est \u00e0 <strong>coller avec de la colle \u00e0 bois<\/strong>.<br \/>\nDes <strong>empreintes sous le profil<\/strong> ont \u00e9t\u00e9 ajout\u00e9es pour faciliter l&#8217;accroche.<\/p>\n<hr \/>\n<h2>Gratuit mais pas sans valeur<\/h2>\n<p>M\u00eame si le gratuit n&#8217;a pas de valeur, m\u00eame si la conception de produits fonctionnels est mon activit\u00e9 professionnelle pleine et passionn\u00e9e, <strong>ce profil 3D est gratuit<\/strong>.<\/p>\n<p>A <strong>commentaire pour donner du sens \u00e0 ce projet <\/strong>, un <strong>partage sur vos r\u00e9seaux en citant apiobi<\/strong>, un <strong>merci<\/strong> feront ma journ\u00e9e et maintiendront la gratuit\u00e9.<\/p>\n<p>Je profite de l&#8217;occasion pour rappeler que la gratuit\u00e9 ne permet pas pour autant de <strong>tirer profits de ce fichier et des produits ou de ses d\u00e9riv\u00e9s fabriqu\u00e9s \u00e0 partir de ce mod\u00e8le 3D<\/strong>.<\/p>\n<p><strong>Merci de respecter la propri\u00e9t\u00e9 intellectuelle, svp !<\/strong><\/p>\n<hr \/>\n<h2>Un dernier mot<\/h2>\n<p><strong>Prendre soin des abeilles, c&#8217;est prot\u00e9ger l&#8217;humanit\u00e9, non ?<\/strong><\/p>\n<p>Merci pour elles,<br \/>\n<strong>l&#8217;humanit\u00e9 est sourde.<\/strong><\/p>","protected":false},"excerpt":{"rendered":"<p>Support de cadres, barres, lattes, barrettes pour ruches\u00a0 : solide, adaptable et test\u00e9 jusqu\u2019\u00e0 6 kg.<br \/>\nL\u2019outil pratique pour apiculteurs amateurs et professionnels !<\/p>","protected":false},"featured_media":888,"comment_status":"open","ping_status":"closed","template":"","meta":{"_themeisle_gutenberg_block_has_review":false},"product_brand":[302],"product_cat":[140,130],"product_tag":[626,637,636,237,638,627,639,631,640,635,633,230,297,630,634,625,632,628,629],"class_list":{"0":"post-886","1":"product","2":"type-product","3":"status-publish","4":"has-post-thumbnail","6":"product_brand-apiobi","7":"product_cat-aquaculture-apiculture-nichoirs","8":"product_cat-modeles-3d","9":"product_tag-abeille","10":"product_tag-apiculteur","11":"product_tag-apiculture","12":"product_tag-apiobi","13":"product_tag-barette","14":"product_tag-bees","15":"product_tag-cire","16":"product_tag-foundation","17":"product_tag-gratuit","18":"product_tag-honeycomb","19":"product_tag-horizontale","20":"product_tag-impression-3d","21":"product_tag-imprimable-en-3d","22":"product_tag-kenyane","23":"product_tag-miel","24":"product_tag-ruche","25":"product_tag-starter","26":"product_tag-tbh","27":"product_tag-top-bar-hive","29":"first","30":"instock","31":"downloadable","32":"virtual","33":"sold-individually","34":"purchasable","35":"product-type-simple"},"_links":{"self":[{"href":"https:\/\/apiobi.com\/es\/wp-json\/wp\/v2\/product\/886","targetHints":{"allow":["GET"]}}],"collection":[{"href":"https:\/\/apiobi.com\/es\/wp-json\/wp\/v2\/product"}],"about":[{"href":"https:\/\/apiobi.com\/es\/wp-json\/wp\/v2\/types\/product"}],"replies":[{"embeddable":true,"href":"https:\/\/apiobi.com\/es\/wp-json\/wp\/v2\/comments?post=886"}],"wp:featuredmedia":[{"embeddable":true,"href":"https:\/\/apiobi.com\/es\/wp-json\/wp\/v2\/media\/888"}],"wp:attachment":[{"href":"https:\/\/apiobi.com\/es\/wp-json\/wp\/v2\/media?parent=886"}],"wp:term":[{"taxonomy":"product_brand","embeddable":true,"href":"https:\/\/apiobi.com\/es\/wp-json\/wp\/v2\/product_brand?post=886"},{"taxonomy":"product_cat","embeddable":true,"href":"https:\/\/apiobi.com\/es\/wp-json\/wp\/v2\/product_cat?post=886"},{"taxonomy":"product_tag","embeddable":true,"href":"https:\/\/apiobi.com\/es\/wp-json\/wp\/v2\/product_tag?post=886"}],"curies":[{"name":"wp","href":"https:\/\/api.w.org\/{rel}","templated":true}]}}