{"id":877,"date":"2026-03-06T07:55:36","date_gmt":"2026-03-06T07:55:36","guid":{"rendered":"https:\/\/apiobi.com\/?post_type=product&#038;p=877"},"modified":"2026-03-06T08:16:20","modified_gmt":"2026-03-06T08:16:20","slug":"support-pour-cadre-et-barrette-superieure-de-ruche-outil-ultra-resistant-imprime-en-3d-pour-tous-types-de-ruches-scl-001","status":"publish","type":"product","link":"https:\/\/apiobi.com\/es\/boutique\/modeles-3d\/aquaculture-apiculture-nichoirs\/support-pour-cadre-et-barrette-superieure-de-ruche-outil-ultra-resistant-imprime-en-3d-pour-tous-types-de-ruches-scl-001\/","title":{"rendered":"Support pour cadre et barrette sup\u00e9rieure de ruche | Outil ultra-r\u00e9sistant imprim\u00e9 en 3D pour tous types de ruches | SCL-001"},"content":{"rendered":"<h2>Un support robuste et polyvalent imprim\u00e9 en 3D pour cadres et barrettes \ud83d\udc1d<\/h2>\n<p>Facilitez vos inspections de ruches gr\u00e2ce \u00e0 ce <strong>support ultra-solide pour cadres et barrettes<\/strong>, sp\u00e9cialement con\u00e7u pour les apiculteurs exigeants.<br \/>\nImprimez <strong>2 ou 3 supports<\/strong> afin de cr\u00e9er votre propre support long et gagner en confort lors des manipulations et des visites de rucher.<\/p>\n<p>\u2705 <strong>Compatible avec tous les types de ruches<\/strong> : TBH, Kenyane, Tanzanienne, Dadant, Langstroth, Warr\u00e9, Voirnot, Cadron\u2026 tous les mod\u00e8les avec des planches jusqu\u2019\u00e0 <strong>25 mm d\u2019\u00e9paisseur<\/strong>.<br \/>\n\u27a1\ufe0f Astuce : si vos planches font moins de <strong>24 mm<\/strong>, il suffit simplement d\u2019ajouter une <strong>cale<\/strong> \u2014 inutile de redimensionner le mod\u00e8le dans votre slicer.<\/p>\n<p>\u2705 <strong>Pratique et personnalisable<\/strong> :<\/p>\n<ul>\n<li><strong>Zone de travail de 120 mm<\/strong>, id\u00e9ale pour poser plusieurs cadres ou barrettes.<\/li>\n<li>\u00c9paisseur du mod\u00e8le : <strong>10 mm<\/strong>, mais vous pouvez facilement <strong>le renforcer en augmentant la hauteur sur l\u2019axe Z dans votre slicer<\/strong>.<\/li>\n<\/ul>\n<p>\u2705 <strong>Test\u00e9 et approuv\u00e9 par des apiculteurs<\/strong> :<br \/>\nCe mod\u00e8le n\u2019est <strong>pas un gadget<\/strong>, mais <strong>un v\u00e9ritable outil d\u2019apiculture<\/strong>. De nombreux tests ont \u00e9t\u00e9 r\u00e9alis\u00e9s pour valider sa solidit\u00e9 : il supporte <strong>jusqu\u2019\u00e0 6 kg sans la moindre d\u00e9formation<\/strong> (voir photo avec <strong>3 bouteilles de 2 litres<\/strong>).<\/p>\n<p>En r\u00e9sum\u00e9 : <strong>120 mm de surface utile, 6 kg support\u00e9s avec seulement 2 supports<\/strong>, sans complication \u2014 <strong>un v\u00e9ritable outil con\u00e7u pour les apiculteurs<\/strong>\u00a0\ud83d\udc1d<\/p>","protected":false},"excerpt":{"rendered":"<p>Support de cadres, barres, lattes, barrettes pour ruches\u00a0 : solide, adaptable et test\u00e9 jusqu\u2019\u00e0 6 kg.<br \/>\nL\u2019outil pratique pour apiculteurs amateurs et professionnels !<\/p>","protected":false},"featured_media":881,"comment_status":"open","ping_status":"closed","template":"","meta":{"_themeisle_gutenberg_block_has_review":false},"product_brand":[302],"product_cat":[140,130],"product_tag":[],"class_list":{"0":"post-877","1":"product","2":"type-product","3":"status-publish","4":"has-post-thumbnail","6":"product_brand-apiobi","7":"product_cat-aquaculture-apiculture-nichoirs","8":"product_cat-modeles-3d","10":"first","11":"instock","12":"downloadable","13":"virtual","14":"sold-individually","15":"purchasable","16":"product-type-simple"},"_links":{"self":[{"href":"https:\/\/apiobi.com\/es\/wp-json\/wp\/v2\/product\/877","targetHints":{"allow":["GET"]}}],"collection":[{"href":"https:\/\/apiobi.com\/es\/wp-json\/wp\/v2\/product"}],"about":[{"href":"https:\/\/apiobi.com\/es\/wp-json\/wp\/v2\/types\/product"}],"replies":[{"embeddable":true,"href":"https:\/\/apiobi.com\/es\/wp-json\/wp\/v2\/comments?post=877"}],"wp:featuredmedia":[{"embeddable":true,"href":"https:\/\/apiobi.com\/es\/wp-json\/wp\/v2\/media\/881"}],"wp:attachment":[{"href":"https:\/\/apiobi.com\/es\/wp-json\/wp\/v2\/media?parent=877"}],"wp:term":[{"taxonomy":"product_brand","embeddable":true,"href":"https:\/\/apiobi.com\/es\/wp-json\/wp\/v2\/product_brand?post=877"},{"taxonomy":"product_cat","embeddable":true,"href":"https:\/\/apiobi.com\/es\/wp-json\/wp\/v2\/product_cat?post=877"},{"taxonomy":"product_tag","embeddable":true,"href":"https:\/\/apiobi.com\/es\/wp-json\/wp\/v2\/product_tag?post=877"}],"curies":[{"name":"wp","href":"https:\/\/api.w.org\/{rel}","templated":true}]}}