{"id":873,"date":"2026-03-06T07:39:50","date_gmt":"2026-03-06T07:39:50","guid":{"rendered":"https:\/\/apiobi.com\/?post_type=product&#038;p=873"},"modified":"2026-03-06T07:51:45","modified_gmt":"2026-03-06T07:51:45","slug":"kit-dinserts-avec-tete-pour-vis-m4-a-m6-bundle-dinserts-filetes-en-plastique-3d","status":"publish","type":"product","link":"https:\/\/apiobi.com\/es\/boutique\/modeles-3d\/technologie-informatique-3d\/kit-dinserts-avec-tete-pour-vis-m4-a-m6-bundle-dinserts-filetes-en-plastique-3d\/","title":{"rendered":"Juego de insertos con cabeza para tornillos M4 a M6 | Paquete de insertos roscados de pl\u00e1stico 3D"},"content":{"rendered":"<p>Ce kit comprend <strong>3<\/strong> <strong>inserts filet\u00e9s imprimables en 3D<\/strong> con\u00e7us pour des vis <strong>M4, M5 et M6<\/strong>. Les inserts sont destin\u00e9s \u00e0 \u00eatre ins\u00e9r\u00e9s dans un trou pr\u00e9-perc\u00e9 puis <strong>coll\u00e9s en place<\/strong>.<\/p>\n<p>Chaque insert est \u00e9quip\u00e9 de <strong>petites ailettes<\/strong> (idem mod\u00e8les laiton du commerce) autour du corps. La colle peut ainsi circuler autour de ces ailettes et cr\u00e9er <strong>un ancrage m\u00e9canique tr\u00e8s solide<\/strong> apr\u00e8s s\u00e9chage.<\/p>\n<p>La <strong>rondelle sup\u00e9rieure<\/strong> a deux fonctions :<\/p>\n<ul>\n<li>Elle permet de <strong>frapper ou presser l\u2019insert pour le mettre en place<\/strong>.<\/li>\n<li>Si vous souhaitez une surface parfaitement affleurante, <strong>la t\u00eate peut aussi \u00eatre coup\u00e9e une fois l\u2019insert install\u00e9<\/strong>.<\/li>\n<\/ul>\n<p>Gr\u00e2ce \u00e0 ce mod\u00e8le d\u2019insert, j\u2019ai pu <strong>r\u00e9parer un filetage endommag\u00e9 sur l\u2019alimentation d\u2019une imprimantes 3D (neuve!)<\/strong>. Coll\u00e9 avec une bi-composants \u00e9poxy, l\u2019ensemble <strong>alimentation\/support est devenu tr\u00e8s solide<\/strong>.<\/p>\n<p>Les <strong>tol\u00e9rances des filetages<\/strong> de ces mod\u00e8les ont \u00e9t\u00e9 <strong>optimis\u00e9es pour l\u2019impression 3D<\/strong>, afin d\u2019assurer un bon ajustement avec les vis.<\/p>\n<p><strong>Applications possibles :<\/strong><\/p>\n<ul>\n<li>Projets DIY avec <strong>tubes PVC<\/strong><\/li>\n<li>Assemblages en <strong>bois<\/strong> (serres, bo\u00eetiers, \u00e9tag\u00e8res, structures)<\/li>\n<li><strong>Mod\u00e9lisme<\/strong><\/li>\n<li>R\u00e9paration de <strong>pi\u00e8ces automobiles, \u00e9lectriques ou informatiques<\/strong><\/li>\n<li><strong>Camping car,<\/strong> (parois soute, cellule, etc.)<\/li>\n<li><strong>Airsoft<\/strong><\/li>\n<li>Bricolage et r\u00e9paration en g\u00e9n\u00e9ral<\/li>\n<\/ul>\n<p>Ces inserts constituent une <strong>solution simple et efficace pour int\u00e9grer un filetage solide dans vos projets<\/strong>.<\/p>\n<p>Sans aucun doute, ces inserts pourront <strong>vous sauver la mise et prolonger le plaisir de votre hobby pr\u00e9f\u00e9r\u00e9 !<\/strong><\/p>","protected":false},"excerpt":{"rendered":"<p>Bundle de 3 inserts filet\u00e9s avec t\u00eate imprimables en 3D pour vis M4 \u00e0 M6. Inserts filet\u00e9s en plastique durables avec ailettes pour collage, parfaits pour r\u00e9parations, assemblages.<\/p>","protected":false},"featured_media":876,"comment_status":"open","ping_status":"closed","template":"","meta":{"_themeisle_gutenberg_block_has_review":false},"product_brand":[302],"product_cat":[148,134,130,146],"product_tag":[614,613,237,606,602,600,605,612,609,616,230,229,599,620,621,622,623,624,604,209,601,608,619,615,514,611,197,617,610,607,618,603],"class_list":{"0":"post-873","1":"product","2":"type-product","3":"status-publish","4":"has-post-thumbnail","6":"product_brand-apiobi","7":"product_cat-bricolage-atelier","8":"product_cat-campingcar-vanlife","9":"product_cat-modeles-3d","10":"product_cat-technologie-informatique-3d","11":"product_tag-3d-printer","12":"product_tag-3d-printing","13":"product_tag-apiobi","14":"product_tag-collage","15":"product_tag-depannage","16":"product_tag-entretoise","17":"product_tag-fixation","18":"product_tag-fixing","19":"product_tag-gluing","20":"product_tag-headless","21":"product_tag-impression-3d","22":"product_tag-imprimante-3d","23":"product_tag-insert","24":"product_tag-m2","25":"product_tag-m3","26":"product_tag-m4","27":"product_tag-m5","28":"product_tag-m6","29":"product_tag-pas-de-vis","30":"product_tag-repair","31":"product_tag-reparation","32":"product_tag-sans-tete","33":"product_tag-screw","34":"product_tag-screw-thread","35":"product_tag-serrage","36":"product_tag-spacer","37":"product_tag-stl","38":"product_tag-tightening","39":"product_tag-troubleshooting","40":"product_tag-upgarde","41":"product_tag-upgrade","42":"product_tag-vis","44":"first","45":"instock","46":"downloadable","47":"virtual","48":"sold-individually","49":"purchasable","50":"product-type-simple"},"_links":{"self":[{"href":"https:\/\/apiobi.com\/es\/wp-json\/wp\/v2\/product\/873","targetHints":{"allow":["GET"]}}],"collection":[{"href":"https:\/\/apiobi.com\/es\/wp-json\/wp\/v2\/product"}],"about":[{"href":"https:\/\/apiobi.com\/es\/wp-json\/wp\/v2\/types\/product"}],"replies":[{"embeddable":true,"href":"https:\/\/apiobi.com\/es\/wp-json\/wp\/v2\/comments?post=873"}],"wp:featuredmedia":[{"embeddable":true,"href":"https:\/\/apiobi.com\/es\/wp-json\/wp\/v2\/media\/876"}],"wp:attachment":[{"href":"https:\/\/apiobi.com\/es\/wp-json\/wp\/v2\/media?parent=873"}],"wp:term":[{"taxonomy":"product_brand","embeddable":true,"href":"https:\/\/apiobi.com\/es\/wp-json\/wp\/v2\/product_brand?post=873"},{"taxonomy":"product_cat","embeddable":true,"href":"https:\/\/apiobi.com\/es\/wp-json\/wp\/v2\/product_cat?post=873"},{"taxonomy":"product_tag","embeddable":true,"href":"https:\/\/apiobi.com\/es\/wp-json\/wp\/v2\/product_tag?post=873"}],"curies":[{"name":"wp","href":"https:\/\/api.w.org\/{rel}","templated":true}]}}