{"id":867,"date":"2026-03-06T06:57:53","date_gmt":"2026-03-06T06:57:53","guid":{"rendered":"https:\/\/apiobi.com\/?post_type=product&#038;p=867"},"modified":"2026-04-01T08:05:31","modified_gmt":"2026-04-01T08:05:31","slug":"kit-dinserts-pour-vis-m2-a-m6-bundle-dinserts-filetes-en-plastique","status":"publish","type":"product","link":"https:\/\/apiobi.com\/es\/boutique\/modeles-3d\/technologie-informatique-3d\/kit-dinserts-pour-vis-m2-a-m6-bundle-dinserts-filetes-en-plastique\/","title":{"rendered":"Kit de insertos sin cabeza para tornillos M2 a M6 | Paquete de insertos roscados de pl\u00e1stico 3D"},"content":{"rendered":"<p>Ce kit comprend des mod\u00e8les 3D d&#8217;<strong>inserts con\u00e7us sur le m\u00eame principe que les mod\u00e8les m\u00e9talliques vendus dans le commerce<\/strong>, mais <strong>imprimables en 3D<\/strong>, pour une solution <strong>\u00e9conomique et pratique<\/strong>.<\/p>\n<p>Pour de nombreuses <strong>r\u00e9parations et assemblages<\/strong>, un insert en plastique est <strong>largement suffisant et pleinement fonctionnel<\/strong>, tout en \u00e9tant <strong>bien plus \u00e9conomique<\/strong>, notamment compar\u00e9 aux inserts en nylon souvent co\u00fbteux.<\/p>\n<p>Chaque insert est \u00e9quip\u00e9 de <strong>petites ailettes (idem design laiton)<\/strong>\u00a0autour desquelles la <strong>colle peut se r\u00e9partir<\/strong>, ce qui assure une <strong>fixation extr\u00eamement solide et durable<\/strong>.<br \/>\nCette conception permet de maintenir l\u2019insert <strong>fermement en place<\/strong>, m\u00eame sous <strong>contrainte m\u00e9canique mod\u00e9r\u00e9e<\/strong>.<\/p>\n<p>Les <strong>tol\u00e9rances de filetage ont \u00e9t\u00e9 soigneusement adapt\u00e9es \u00e0 l\u2019impression 3D<\/strong>, garantissant un <strong>ajustement pr\u00e9cis pour vis M2 \u00e0 M6<\/strong>.<\/p>\n<h3>DETAILS<\/h3>\n<ul>\n<li>M2X4<\/li>\n<li>M3X5.74<\/li>\n<li>M4X8.15<\/li>\n<li>M5X9.52<\/li>\n<li>M6X12.7<\/li>\n<\/ul>\n<h3>UTILISATION<\/h3>\n<p>Ces inserts peuvent \u00eatre utilis\u00e9s pour <strong>assembler, r\u00e9parer ou renforcer vos pi\u00e8ces imprim\u00e9es en 3D<\/strong>, mais aussi <strong>pour r\u00e9parer tout type d&#8217;\u00e9quipement dont le pas de vis est &#8216;foir\u00e9&#8217;<\/strong>.<\/p>\n<p>Avec ce kit, vous b\u00e9n\u00e9ficiez \u00e0 la fois de <strong>praticit\u00e9 et de fiabilit\u00e9<\/strong>, tout en <strong>r\u00e9duisant les co\u00fbts<\/strong>.<br \/>\nLe KIT inserts APIOBI deviendront rapidement <strong>un accessoire indispensable dans vos projets de bricolage, de r\u00e9paration<\/strong>.<\/p>","protected":false},"excerpt":{"rendered":"<p>Bundle de 5 inserts filet\u00e9s imprimables en 3D pour vis M2 \u00e0 M6. Inserts filet\u00e9s en plastique durables avec ailettes pour collage, parfaits pour r\u00e9parations, assemblages.<\/p>","protected":false},"featured_media":869,"comment_status":"open","ping_status":"closed","template":"","meta":{"_themeisle_gutenberg_block_has_review":false},"product_brand":[302],"product_cat":[148,134,130,146],"product_tag":[614,613,237,606,602,600,605,612,609,616,230,229,599,620,621,622,623,624,604,209,601,608,619,615,514,611,197,617,610,607,618,603],"class_list":{"0":"post-867","1":"product","2":"type-product","3":"status-publish","4":"has-post-thumbnail","6":"product_brand-apiobi","7":"product_cat-bricolage-atelier","8":"product_cat-campingcar-vanlife","9":"product_cat-modeles-3d","10":"product_cat-technologie-informatique-3d","11":"product_tag-3d-printer","12":"product_tag-3d-printing","13":"product_tag-apiobi","14":"product_tag-collage","15":"product_tag-depannage","16":"product_tag-entretoise","17":"product_tag-fixation","18":"product_tag-fixing","19":"product_tag-gluing","20":"product_tag-headless","21":"product_tag-impression-3d","22":"product_tag-imprimante-3d","23":"product_tag-insert","24":"product_tag-m2","25":"product_tag-m3","26":"product_tag-m4","27":"product_tag-m5","28":"product_tag-m6","29":"product_tag-pas-de-vis","30":"product_tag-repair","31":"product_tag-reparation","32":"product_tag-sans-tete","33":"product_tag-screw","34":"product_tag-screw-thread","35":"product_tag-serrage","36":"product_tag-spacer","37":"product_tag-stl","38":"product_tag-tightening","39":"product_tag-troubleshooting","40":"product_tag-upgarde","41":"product_tag-upgrade","42":"product_tag-vis","44":"first","45":"instock","46":"featured","47":"downloadable","48":"virtual","49":"sold-individually","50":"purchasable","51":"product-type-simple"},"_links":{"self":[{"href":"https:\/\/apiobi.com\/es\/wp-json\/wp\/v2\/product\/867","targetHints":{"allow":["GET"]}}],"collection":[{"href":"https:\/\/apiobi.com\/es\/wp-json\/wp\/v2\/product"}],"about":[{"href":"https:\/\/apiobi.com\/es\/wp-json\/wp\/v2\/types\/product"}],"replies":[{"embeddable":true,"href":"https:\/\/apiobi.com\/es\/wp-json\/wp\/v2\/comments?post=867"}],"wp:featuredmedia":[{"embeddable":true,"href":"https:\/\/apiobi.com\/es\/wp-json\/wp\/v2\/media\/869"}],"wp:attachment":[{"href":"https:\/\/apiobi.com\/es\/wp-json\/wp\/v2\/media?parent=867"}],"wp:term":[{"taxonomy":"product_brand","embeddable":true,"href":"https:\/\/apiobi.com\/es\/wp-json\/wp\/v2\/product_brand?post=867"},{"taxonomy":"product_cat","embeddable":true,"href":"https:\/\/apiobi.com\/es\/wp-json\/wp\/v2\/product_cat?post=867"},{"taxonomy":"product_tag","embeddable":true,"href":"https:\/\/apiobi.com\/es\/wp-json\/wp\/v2\/product_tag?post=867"}],"curies":[{"name":"wp","href":"https:\/\/api.w.org\/{rel}","templated":true}]}}