{"id":839,"date":"2026-03-05T12:49:19","date_gmt":"2026-03-05T12:49:19","guid":{"rendered":"https:\/\/apiobi.com\/?post_type=product&#038;p=839"},"modified":"2026-04-14T05:21:13","modified_gmt":"2026-04-14T05:21:13","slug":"canillero-mosca-ninfa-ftbd1-canillero-mosca-3dpecheur","status":"publish","type":"product","link":"https:\/\/apiobi.com\/es\/boutique\/modeles-3d\/outdoor-sport\/peche-3dpecheur\/montage-mouche\/porte-bobine-montage-mouche-nymphe-ftbd1-fly-tying-bobbin-holder-3dpecheur\/","title":{"rendered":"Portabobinas mosca \/ linfa - FTBD1 3Dpecheur"},"content":{"rendered":"<p>Montaje de moscas, <strong>varios portacarretes son esenciales<\/strong>. Muchas personas que poseen un modelo de gama alta con tubo de cer\u00e1mica (unos 30 euros) se ven obligadas a cortar el hilo para cambiar la bobina. Los modelos baratos (de 5 a 10 \u20ac), fabricados en India o Asia, suelen ejercer una tensi\u00f3n excesiva en los hilos m\u00e1s finos.<\/p>\n<p>Como no me gusta cambiar de carrete durante el montaje y prefiero tener varios carretes cargados y listos para usar, aqu\u00ed est\u00e1 por fin mi modelo de portabobinas imprimible en 3D, con las siguientes caracter\u00edsticas <strong>caracter\u00edsticas:<\/strong><\/p>\n<p><strong>- Tama\u00f1o est\u00e1ndar\u00a0<\/strong><\/p>\n<p><strong>- Impresi\u00f3n sencilla\u00a0<\/strong><\/p>\n<p>Le <strong>disco para un agarre firme entre el pulgar y el \u00edndice<\/strong>, Se trata de una estructura cl\u00e1sica pero, en mi opini\u00f3n, muy superior a los modelos cil\u00edndricos; ;<\/p>\n<p>El portacarretes con resorte garantiza <strong>tensi\u00f3n uniforme<\/strong>, ni demasiado fuerte ni demasiado d\u00e9bil, siempre que utilice <strong>filamentos resistentes a la flexi\u00f3n relativa<\/strong>.<\/p>\n<p>El tubo est\u00e1 dise\u00f1ado para ofrecer una gran versatilidad: su di\u00e1metro es perfecto para atar moscas peque\u00f1as, moscas grandes y ninfas y streamers de tama\u00f1o medio.<\/p>\n<p>El g<strong>el cable en el tubo es excelente<\/strong> y permite utilizar una gran variedad de alambres o espumill\u00f3n.<\/p>\n<p>Puedo montar f\u00e1cilmente peque\u00f1as ninfas con hilo dental.<\/p>\n<p>Carga de la bobina: este modelo se carga del mismo modo que todos los dem\u00e1s, incluso aspirando el hilo.<\/p>\n<p><strong>Unas palabras de M@t,<\/strong><br \/>\n<em>\u201cMis modelos 3D de accesorios de atado de moscas est\u00e1n dise\u00f1ados para la impresi\u00f3n 3D FDM.<\/em><\/p>\n<p><em>Est\u00e1n dise\u00f1ados para satisfacer las necesidades espec\u00edficas de los pescadores a mosca m\u00e1s exigentes... \u00a1como yo! Yo mismo las dise\u00f1o, imprimo y pruebo varias veces en condiciones reales de montaje\/pesca a mosca, hasta obtener resultados \u00f3ptimos.\u201d<\/em><\/p>","protected":false},"excerpt":{"rendered":"<p>Modelo EST\u00c1NDAR para una m\u00e1xima polivalencia y un agarre \u00f3ptimo<\/p>","protected":false},"featured_media":846,"comment_status":"open","ping_status":"closed","template":"","meta":{"_themeisle_gutenberg_block_has_review":false},"product_brand":[303,302],"product_cat":[130,154,136],"product_tag":[238,60,237,423,567,563,566,350,351,304,564,565,345,571,572,231,330,570,197,569,426,568,363],"class_list":{"0":"post-839","1":"product","2":"type-product","3":"status-publish","4":"has-post-thumbnail","6":"product_brand-3dpecheur","7":"product_brand-apiobi","8":"product_cat-modeles-3d","9":"product_cat-montage-mouche","10":"product_cat-peche-3dpecheur","11":"product_tag-3dpecheur","12":"product_tag-accessoire","13":"product_tag-apiobi","14":"product_tag-articles","15":"product_tag-bobbin","16":"product_tag-bobbin-holder","17":"product_tag-equipment","18":"product_tag-fish","19":"product_tag-fisherman","20":"product_tag-fishing","21":"product_tag-fly","22":"product_tag-fly-tying","23":"product_tag-holder","24":"product_tag-montage","25":"product_tag-mouche","26":"product_tag-peche","27":"product_tag-pecheur","28":"product_tag-porte-bobine","29":"product_tag-stl","30":"product_tag-streamer","31":"product_tag-supplies","32":"product_tag-thread","33":"product_tag-tool","35":"first","36":"instock","37":"featured","38":"downloadable","39":"virtual","40":"sold-individually","41":"purchasable","42":"product-type-simple"},"_links":{"self":[{"href":"https:\/\/apiobi.com\/es\/wp-json\/wp\/v2\/product\/839","targetHints":{"allow":["GET"]}}],"collection":[{"href":"https:\/\/apiobi.com\/es\/wp-json\/wp\/v2\/product"}],"about":[{"href":"https:\/\/apiobi.com\/es\/wp-json\/wp\/v2\/types\/product"}],"replies":[{"embeddable":true,"href":"https:\/\/apiobi.com\/es\/wp-json\/wp\/v2\/comments?post=839"}],"wp:featuredmedia":[{"embeddable":true,"href":"https:\/\/apiobi.com\/es\/wp-json\/wp\/v2\/media\/846"}],"wp:attachment":[{"href":"https:\/\/apiobi.com\/es\/wp-json\/wp\/v2\/media?parent=839"}],"wp:term":[{"taxonomy":"product_brand","embeddable":true,"href":"https:\/\/apiobi.com\/es\/wp-json\/wp\/v2\/product_brand?post=839"},{"taxonomy":"product_cat","embeddable":true,"href":"https:\/\/apiobi.com\/es\/wp-json\/wp\/v2\/product_cat?post=839"},{"taxonomy":"product_tag","embeddable":true,"href":"https:\/\/apiobi.com\/es\/wp-json\/wp\/v2\/product_tag?post=839"}],"curies":[{"name":"wp","href":"https:\/\/api.w.org\/{rel}","templated":true}]}}