{"id":834,"date":"2026-03-05T12:45:48","date_gmt":"2026-03-05T12:45:48","guid":{"rendered":"https:\/\/apiobi.com\/?post_type=product&#038;p=834"},"modified":"2026-04-14T05:22:02","modified_gmt":"2026-04-14T05:22:02","slug":"portabobinas-max-para-montaje-de-moscas-streamer-ftbd2-portabobinas-para-montaje-de-moscas","status":"publish","type":"product","link":"https:\/\/apiobi.com\/es\/boutique\/modeles-3d\/outdoor-sport\/peche-3dpecheur\/montage-mouche\/porte-bobine-max-pour-montage-renforce-mouche-streamer-ftbd2-fly-tying-bobbin-holder\/","title":{"rendered":"Portabobinas MAX para montaje reforzado de moscas \/ streamers - FTBD2"},"content":{"rendered":"<p><strong>Modelo FTBD2 3Dpecheur<\/strong> con caracter\u00edsticas id\u00e9nticas al<a href=\"https:\/\/apiobi.com\/es\/boutique\/modelos-3d\/pesca-3dpecheur\/montaje-de-moscas\/canillero-mosca-ninfa-ftbd1-canillero-mosca-3dpecheur\/\" target=\"_blank\" rel=\"noopener\">bobina est\u00e1ndar FTBD1<\/a> pero dise\u00f1ado para soportar hilos m\u00e1s gruesos para montar moscas m\u00e1s grandes, streamers y utilizar hilos de cobre, plomo, espumill\u00f3n, etc.<\/p>\n<p><strong>Unas palabras de M@t,<\/strong><br \/>\n<em>\u201cMis modelos 3D de accesorios de atado de moscas est\u00e1n dise\u00f1ados para la impresi\u00f3n 3D FDM.<\/em><\/p>\n<p><em>Est\u00e1n dise\u00f1ados para satisfacer las necesidades espec\u00edficas de los pescadores a mosca m\u00e1s exigentes... \u00a1como yo! Yo mismo las dise\u00f1o, imprimo y pruebo varias veces en condiciones reales de montaje\/pesca a mosca, hasta obtener resultados \u00f3ptimos.\u201d<\/em><\/p>","protected":false},"excerpt":{"rendered":"<p>Disco m\u00e1s ancho para pulgadas | Mayor di\u00e1metro y estructura tubular<\/p>","protected":false},"featured_media":837,"comment_status":"open","ping_status":"closed","template":"","meta":{"_themeisle_gutenberg_block_has_review":false},"product_brand":[303,302],"product_cat":[130,154,136],"product_tag":[238,60,237,423,567,563,566,350,351,304,564,565,345,571,572,231,330,570,197,569,426,568,363],"class_list":{"0":"post-834","1":"product","2":"type-product","3":"status-publish","4":"has-post-thumbnail","6":"product_brand-3dpecheur","7":"product_brand-apiobi","8":"product_cat-modeles-3d","9":"product_cat-montage-mouche","10":"product_cat-peche-3dpecheur","11":"product_tag-3dpecheur","12":"product_tag-accessoire","13":"product_tag-apiobi","14":"product_tag-articles","15":"product_tag-bobbin","16":"product_tag-bobbin-holder","17":"product_tag-equipment","18":"product_tag-fish","19":"product_tag-fisherman","20":"product_tag-fishing","21":"product_tag-fly","22":"product_tag-fly-tying","23":"product_tag-holder","24":"product_tag-montage","25":"product_tag-mouche","26":"product_tag-peche","27":"product_tag-pecheur","28":"product_tag-porte-bobine","29":"product_tag-stl","30":"product_tag-streamer","31":"product_tag-supplies","32":"product_tag-thread","33":"product_tag-tool","35":"first","36":"instock","37":"downloadable","38":"virtual","39":"sold-individually","40":"purchasable","41":"product-type-simple"},"_links":{"self":[{"href":"https:\/\/apiobi.com\/es\/wp-json\/wp\/v2\/product\/834","targetHints":{"allow":["GET"]}}],"collection":[{"href":"https:\/\/apiobi.com\/es\/wp-json\/wp\/v2\/product"}],"about":[{"href":"https:\/\/apiobi.com\/es\/wp-json\/wp\/v2\/types\/product"}],"replies":[{"embeddable":true,"href":"https:\/\/apiobi.com\/es\/wp-json\/wp\/v2\/comments?post=834"}],"wp:featuredmedia":[{"embeddable":true,"href":"https:\/\/apiobi.com\/es\/wp-json\/wp\/v2\/media\/837"}],"wp:attachment":[{"href":"https:\/\/apiobi.com\/es\/wp-json\/wp\/v2\/media?parent=834"}],"wp:term":[{"taxonomy":"product_brand","embeddable":true,"href":"https:\/\/apiobi.com\/es\/wp-json\/wp\/v2\/product_brand?post=834"},{"taxonomy":"product_cat","embeddable":true,"href":"https:\/\/apiobi.com\/es\/wp-json\/wp\/v2\/product_cat?post=834"},{"taxonomy":"product_tag","embeddable":true,"href":"https:\/\/apiobi.com\/es\/wp-json\/wp\/v2\/product_tag?post=834"}],"curies":[{"name":"wp","href":"https:\/\/api.w.org\/{rel}","templated":true}]}}