{"id":824,"date":"2026-03-05T10:21:36","date_gmt":"2026-03-05T10:21:36","guid":{"rendered":"https:\/\/apiobi.com\/?post_type=product&#038;p=824"},"modified":"2026-04-01T08:04:25","modified_gmt":"2026-04-01T08:04:25","slug":"flotteur-forme-olive-peche-au-coup-pf2","status":"publish","type":"product","link":"https:\/\/apiobi.com\/es\/boutique\/modeles-3d\/outdoor-sport\/peche-3dpecheur\/flotteurs\/flotteur-forme-olive-peche-au-coup-pf2\/","title":{"rendered":"Flotador \u2018oliva\u2019 pesca | PF2"},"content":{"rendered":"<p data-start=\"0\" data-end=\"254\">Flotteur <strong>80 mm<\/strong> para <strong data-start=\"14\" data-end=\"36\">eaux peu profondes<\/strong>, \u00e9quip\u00e9 d\u2019une <strong data-start=\"51\" data-end=\"70\">antenne de 2 mm<\/strong> y un <strong data-start=\"80\" data-end=\"100\">Quilla de 1,2 mm<\/strong>. Sa <strong data-start=\"105\" data-end=\"136\">flottabilit\u00e9 est excellente<\/strong>, tout comme sa <strong data-start=\"152\" data-end=\"164\">solidit\u00e9<\/strong>.<br data-start=\"165\" data-end=\"168\" \/>Il suffit d\u2019ajouter un segment de <strong>tube silicone<\/strong> en haut et un ou deux en bas pour l\u2019utiliser.<\/p>\n<p data-start=\"256\" data-end=\"604\">Si vous avez d\u00e9j\u00e0 imprim\u00e9 un objet devant \u00eatre <strong data-start=\"303\" data-end=\"333\">\u00e9tanche \u00e0 l\u2019eau ou \u00e0 l\u2019air<\/strong> (comme un vase ou un flotteur), vous savez que cela demande <strong data-start=\"394\" data-end=\"497\">un peu de pers\u00e9v\u00e9rance ainsi que des r\u00e9glages sp\u00e9cifiques dans votre slicer et sur votre imprimante<\/strong>. Mais c\u2019est tout \u00e0 fait <strong data-start=\"522\" data-end=\"558\">possible avec une imprimante FDM<\/strong>, et le r\u00e9sultat est parfaitement fonctionnel.<\/p>\n<div style=\"width: 640px;\" class=\"wp-video\"><video class=\"wp-video-shortcode\" id=\"video-824-1\" width=\"640\" height=\"360\" preload=\"metadata\" controls=\"controls\"><source type=\"video\/mp4\" src=\"https:\/\/videos.cults3d.com\/R0FOFlhXaUPq0lhKORjI00_Efdw=\/516x516\/filters:no_upscale():format(mp4)\/https:\/\/fbi.cults3d.com\/uploaders\/31485359\/illustration-file\/3e980a0d-f0c0-4385-8ade-ad7ce1480072\/Flotteur-friture-stl-p%C3%AAcheur-imprimante-3d-fichier-mod%C3%A8le-coup-3dpecheur.mp4?_=1\" \/><a href=\"https:\/\/videos.cults3d.com\/R0FOFlhXaUPq0lhKORjI00_Efdw=\/516x516\/filters:no_upscale():format(mp4)\/https:\/\/fbi.cults3d.com\/uploaders\/31485359\/illustration-file\/3e980a0d-f0c0-4385-8ade-ad7ce1480072\/Flotteur-friture-stl-p%C3%AAcheur-imprimante-3d-fichier-mod%C3%A8le-coup-3dpecheur.mp4\">https:\/\/videos.cults3d.com\/R0FOFlhXaUPq0lhKORjI00_Efdw=\/516x516\/filters:no_upscale():format(mp4)\/https:\/\/fbi.cults3d.com\/uploaders\/31485359\/illustration-file\/3e980a0d-f0c0-4385-8ade-ad7ce1480072\/Flotteur-friture-stl-p%C3%AAcheur-imprimante-3d-fichier-mod%C3%A8le-coup-3dpecheur.mp4<\/a><\/video><\/div>","protected":false},"excerpt":{"rendered":"<p>Flotteur &#8216;olive&#8217; pour p\u00eache au coup en eaux peu profondes, carpe, poissons blancs, friture pour impression 3D.<\/p>","protected":false},"featured_media":826,"comment_status":"open","ping_status":"closed","template":"","meta":{"_themeisle_gutenberg_block_has_review":false},"product_brand":[303,302],"product_cat":[156,130,136],"product_tag":[422,238,561,386,237,423,424,354,321,323,208,419,377,351,304,425,420,562,231,330,421,501,197,426,427],"class_list":{"0":"post-824","1":"product","2":"type-product","3":"status-publish","4":"has-post-thumbnail","6":"product_brand-3dpecheur","7":"product_brand-apiobi","8":"product_cat-flotteurs","9":"product_cat-modeles-3d","10":"product_cat-peche-3dpecheur","11":"product_tag-3d","12":"product_tag-3dpecheur","13":"product_tag-ablette","14":"product_tag-angler","15":"product_tag-apiobi","16":"product_tag-articles","17":"product_tag-bouchon","18":"product_tag-canne","19":"product_tag-carpe","20":"product_tag-coup","21":"product_tag-diy","22":"product_tag-eau-calme","23":"product_tag-etang","24":"product_tag-fisherman","25":"product_tag-fishing","26":"product_tag-float","27":"product_tag-flotteur","28":"product_tag-friture","29":"product_tag-peche","30":"product_tag-pecheur","31":"product_tag-poisson","32":"product_tag-riviere","33":"product_tag-stl","34":"product_tag-supplies","35":"product_tag-tackle","37":"first","38":"instock","39":"featured","40":"downloadable","41":"virtual","42":"sold-individually","43":"purchasable","44":"product-type-simple"},"_links":{"self":[{"href":"https:\/\/apiobi.com\/es\/wp-json\/wp\/v2\/product\/824","targetHints":{"allow":["GET"]}}],"collection":[{"href":"https:\/\/apiobi.com\/es\/wp-json\/wp\/v2\/product"}],"about":[{"href":"https:\/\/apiobi.com\/es\/wp-json\/wp\/v2\/types\/product"}],"replies":[{"embeddable":true,"href":"https:\/\/apiobi.com\/es\/wp-json\/wp\/v2\/comments?post=824"}],"wp:featuredmedia":[{"embeddable":true,"href":"https:\/\/apiobi.com\/es\/wp-json\/wp\/v2\/media\/826"}],"wp:attachment":[{"href":"https:\/\/apiobi.com\/es\/wp-json\/wp\/v2\/media?parent=824"}],"wp:term":[{"taxonomy":"product_brand","embeddable":true,"href":"https:\/\/apiobi.com\/es\/wp-json\/wp\/v2\/product_brand?post=824"},{"taxonomy":"product_cat","embeddable":true,"href":"https:\/\/apiobi.com\/es\/wp-json\/wp\/v2\/product_cat?post=824"},{"taxonomy":"product_tag","embeddable":true,"href":"https:\/\/apiobi.com\/es\/wp-json\/wp\/v2\/product_tag?post=824"}],"curies":[{"name":"wp","href":"https:\/\/api.w.org\/{rel}","templated":true}]}}