{"id":817,"date":"2026-03-05T09:17:02","date_gmt":"2026-03-05T09:17:02","guid":{"rendered":"https:\/\/apiobi.com\/?post_type=product&#038;p=817"},"modified":"2026-04-01T08:04:18","modified_gmt":"2026-04-01T08:04:18","slug":"flotteur-peche-a-roder-23-g-eaux-vives-peche-en-stalking","status":"publish","type":"product","link":"https:\/\/apiobi.com\/es\/boutique\/modeles-3d\/outdoor-sport\/peche-3dpecheur\/flotteurs\/flotteur-peche-a-roder-23-g-eaux-vives-peche-en-stalking\/","title":{"rendered":"Pesca con flotador - 2,3 g | Aguas bravas | Pesca al acecho"},"content":{"rendered":"<p><strong>Excellente visibilit\u00e9, capable de supporter des charges assez lourdes.<\/strong><\/p>\n<p><strong>Tama\u00f1o :<\/strong> 150 mm<br \/>\n<strong>Antenne :<\/strong> diam\u00e8tre 5 mm<br \/>\n<strong>Quille :<\/strong> longue pour une meilleure stabilit\u00e9<br \/>\n<strong>Peso :<\/strong> 2,3 g (selon la finition apr\u00e8s impression et le taux de remplissage)<br \/>\n<strong>Flottabilit\u00e9 et solidit\u00e9 :<\/strong> excellentes<\/p>\n<p>\ud83d\udc49 Ajouter <strong>des tubes silicone pour flotteur<\/strong> pour le montage.<\/p>\n<p>De nombreux p\u00eacheurs pr\u00e9f\u00e8rent les flotteurs <strong>en plastique<\/strong> plut\u00f4t qu\u2019en <strong>balsa ou en mousse<\/strong>, car ils permettent de <strong>mieux charger la ligne<\/strong>. C\u2019est avant tout une question de pr\u00e9f\u00e9rence.<\/p>\n<p>Si vous avez d\u00e9j\u00e0 imprim\u00e9 un objet devant \u00eatre <strong>\u00e9tanche ou herm\u00e9tique<\/strong> (comme un vase ou un flotteur), vous savez que cela demande <strong>un peu de pers\u00e9v\u00e9rance et des r\u00e9glages sp\u00e9cifiques du slicer et de l\u2019imprimante<\/strong>. Mais c\u2019est tout \u00e0 fait r\u00e9alisable avec une <strong>imprimante FDM<\/strong>, et le r\u00e9sultat est parfaitement fonctionnel.<\/p>\n<p><em>Nos mod\u00e8les sont con\u00e7us pour l\u2019impression 3D FDM. Ils sont pens\u00e9s pour r\u00e9pondre aux besoins sp\u00e9cifiques des p\u00eacheurs et sont con\u00e7us, imprim\u00e9s et test\u00e9s plusieurs fois en conditions r\u00e9elles de p\u00eache jusqu\u2019\u00e0 obtenir des r\u00e9sultats optimaux.<\/em> \ud83c\udfa3<\/p>","protected":false},"excerpt":{"rendered":"<p>Flotteur pour la p\u00eache de traque, \u00e0 roder de forme &#8216;stalking float&#8217; , loafer pour eaux rapides<\/p>","protected":false},"featured_media":822,"comment_status":"open","ping_status":"closed","template":"","meta":{"_themeisle_gutenberg_block_has_review":false},"product_brand":[303,302],"product_cat":[156,130,136],"product_tag":[267,238,386,237,360,554,553,544,350,351,304,425,420,230,560,526,548,552,232,231,559,558,330,421,545,501,555,546,542,551,543,557,549,547,197,556,541,550],"class_list":{"0":"post-817","1":"product","2":"type-product","3":"status-publish","4":"has-post-thumbnail","6":"product_brand-3dpecheur","7":"product_brand-apiobi","8":"product_cat-flotteurs","9":"product_cat-modeles-3d","10":"product_cat-peche-3dpecheur","11":"product_tag-3d-printable","12":"product_tag-3dpecheur","13":"product_tag-angler","14":"product_tag-apiobi","15":"product_tag-ball","16":"product_tag-balle","17":"product_tag-chevesne","18":"product_tag-chub","19":"product_tag-fish","20":"product_tag-fisherman","21":"product_tag-fishing","22":"product_tag-float","23":"product_tag-flotteur","24":"product_tag-impression-3d","25":"product_tag-itinerante","26":"product_tag-lancer","27":"product_tag-loafer","28":"product_tag-mer","29":"product_tag-outdoor","30":"product_tag-peche","31":"product_tag-peche-a-roder","32":"product_tag-peche-en-mer","33":"product_tag-pecheur","34":"product_tag-poisson","35":"product_tag-river","36":"product_tag-riviere","37":"product_tag-rond","38":"product_tag-round","39":"product_tag-salmon","40":"product_tag-saumon","41":"product_tag-sea","42":"product_tag-sea-fishing","43":"product_tag-spinning","44":"product_tag-stalking","45":"product_tag-stl","46":"product_tag-traque","47":"product_tag-trout","48":"product_tag-truite","50":"first","51":"instock","52":"downloadable","53":"virtual","54":"sold-individually","55":"purchasable","56":"product-type-simple"},"_links":{"self":[{"href":"https:\/\/apiobi.com\/es\/wp-json\/wp\/v2\/product\/817","targetHints":{"allow":["GET"]}}],"collection":[{"href":"https:\/\/apiobi.com\/es\/wp-json\/wp\/v2\/product"}],"about":[{"href":"https:\/\/apiobi.com\/es\/wp-json\/wp\/v2\/types\/product"}],"replies":[{"embeddable":true,"href":"https:\/\/apiobi.com\/es\/wp-json\/wp\/v2\/comments?post=817"}],"wp:featuredmedia":[{"embeddable":true,"href":"https:\/\/apiobi.com\/es\/wp-json\/wp\/v2\/media\/822"}],"wp:attachment":[{"href":"https:\/\/apiobi.com\/es\/wp-json\/wp\/v2\/media?parent=817"}],"wp:term":[{"taxonomy":"product_brand","embeddable":true,"href":"https:\/\/apiobi.com\/es\/wp-json\/wp\/v2\/product_brand?post=817"},{"taxonomy":"product_cat","embeddable":true,"href":"https:\/\/apiobi.com\/es\/wp-json\/wp\/v2\/product_cat?post=817"},{"taxonomy":"product_tag","embeddable":true,"href":"https:\/\/apiobi.com\/es\/wp-json\/wp\/v2\/product_tag?post=817"}],"curies":[{"name":"wp","href":"https:\/\/api.w.org\/{rel}","templated":true}]}}