{"id":806,"date":"2026-03-05T08:37:16","date_gmt":"2026-03-05T08:37:16","guid":{"rendered":"https:\/\/apiobi.com\/?post_type=product&#038;p=806"},"modified":"2026-04-01T08:04:04","modified_gmt":"2026-04-01T08:04:04","slug":"flotteur-rond-boule-pour-salmonides-et-gros-poissons-3gr-gros-appats-eaux-rapides-et-profondes-trr2","status":"publish","type":"product","link":"https:\/\/apiobi.com\/es\/boutique\/modeles-3d\/outdoor-sport\/peche-3dpecheur\/flotteurs\/flotteur-rond-boule-pour-salmonides-et-gros-poissons-3gr-gros-appats-eaux-rapides-et-profondes-trr2\/","title":{"rendered":"Flotador redondo \u2018BOULE\u2019 para salm\u00f3nidos y peces grandes - 3GR | Cebos grandes - Aguas r\u00e1pidas y profundas | TRR2"},"content":{"rendered":"<h2>Flotteur boule \u2013 Mod\u00e8le 3D pour eaux rapides et profondes<\/h2>\n<p><strong>Mod\u00e8le de flotteur boule imprimable en 3D<\/strong>, con\u00e7u pour la p\u00eache des <strong>salmonid\u00e9s et des plus gros poissons<\/strong> en eaux rapides et profondes, que ce soit en p\u00eache <strong>statique ou itin\u00e9rante<\/strong>.<\/p>\n<p>Lorsqu&#8217;on a besoin de <strong>contr\u00f4ler pr\u00e9cis\u00e9ment la trajectoire de la ligne dans des courants puissants et profonds<\/strong>, avec un flotteur capable de supporter <strong>de gros app\u00e2ts<\/strong>, ce mod\u00e8le est parfait !<\/p>\n<p>Gr\u00e2ce \u00e0 sa <strong>forme parfaitement ronde<\/strong>, le <strong>TTR2<\/strong> offre une <strong>excellente visibilit\u00e9 \u00e0 moyenne et longue distance<\/strong> gr\u00e2ce \u00e0 son <strong>antenne de 3 mm<\/strong>.<\/p>\n<p>Avec ses <strong>150 mm de longueur<\/strong>, ce flotteur permet :<\/p>\n<ul>\n<li>des <strong>lancers plus pr\u00e9cis<\/strong>,<\/li>\n<li>un <strong>suivi de trajectoire extr\u00eamement fiable<\/strong>,<\/li>\n<\/ul>\n<p>Il repr\u00e9sente une <strong>\u00e9volution notable de la c\u00e9l\u00e8bre \u201cboule Ni\u00e7oise\u201d<\/strong>, flotteur rond traditionnel utilis\u00e9 en France pour la p\u00eache de la truite, comme le c\u00e9l\u00e8bre <strong>bouchon \u201cToulousain\u201d<\/strong>.<\/p>\n<hr \/>\n<h2>Caract\u00e9ristiques<\/h2>\n<ul>\n<li><strong>Longueur :<\/strong> 150 mm<\/li>\n<li><strong>Antenne :<\/strong> 3 mm (solide et tr\u00e8s visible)<\/li>\n<li><strong>Quille :<\/strong> 2 mm (r\u00e9sistante et flexible)<\/li>\n<li><strong>Poids :<\/strong> environ <strong>3 g<\/strong> (selon la finition et le remplissage)<\/li>\n<li><strong>Flottabilit\u00e9 :<\/strong> excellente<\/li>\n<li><strong>Solidit\u00e9 :<\/strong> excellente<\/li>\n<\/ul>\n<p>\ud83d\udc49 Pour le montage, il suffit d\u2019ajouter <strong>3 segments de tubes en silicone<\/strong>.<\/p>","protected":false},"excerpt":{"rendered":"<p>Flotteur forme &#8216;boule&#8217; , innovation 3Dpecheur, pour supporter des app\u00e2ts lourds et volumineux dans des eaux puissantes.<\/p>","protected":false},"featured_media":808,"comment_status":"open","ping_status":"closed","template":"","meta":{"_themeisle_gutenberg_block_has_review":false},"product_brand":[303,302],"product_cat":[156,130,136],"product_tag":[267,238,386,237,360,554,553,544,350,351,304,425,420,230,526,548,552,232,231,330,421,545,501,555,546,542,551,543,549,547,197,556,541,550],"class_list":{"0":"post-806","1":"product","2":"type-product","3":"status-publish","4":"has-post-thumbnail","6":"product_brand-3dpecheur","7":"product_brand-apiobi","8":"product_cat-flotteurs","9":"product_cat-modeles-3d","10":"product_cat-peche-3dpecheur","11":"product_tag-3d-printable","12":"product_tag-3dpecheur","13":"product_tag-angler","14":"product_tag-apiobi","15":"product_tag-ball","16":"product_tag-balle","17":"product_tag-chevesne","18":"product_tag-chub","19":"product_tag-fish","20":"product_tag-fisherman","21":"product_tag-fishing","22":"product_tag-float","23":"product_tag-flotteur","24":"product_tag-impression-3d","25":"product_tag-lancer","26":"product_tag-loafer","27":"product_tag-mer","28":"product_tag-outdoor","29":"product_tag-peche","30":"product_tag-pecheur","31":"product_tag-poisson","32":"product_tag-river","33":"product_tag-riviere","34":"product_tag-rond","35":"product_tag-round","36":"product_tag-salmon","37":"product_tag-saumon","38":"product_tag-sea","39":"product_tag-spinning","40":"product_tag-stalking","41":"product_tag-stl","42":"product_tag-traque","43":"product_tag-trout","44":"product_tag-truite","46":"first","47":"instock","48":"downloadable","49":"virtual","50":"sold-individually","51":"purchasable","52":"product-type-simple"},"_links":{"self":[{"href":"https:\/\/apiobi.com\/es\/wp-json\/wp\/v2\/product\/806","targetHints":{"allow":["GET"]}}],"collection":[{"href":"https:\/\/apiobi.com\/es\/wp-json\/wp\/v2\/product"}],"about":[{"href":"https:\/\/apiobi.com\/es\/wp-json\/wp\/v2\/types\/product"}],"replies":[{"embeddable":true,"href":"https:\/\/apiobi.com\/es\/wp-json\/wp\/v2\/comments?post=806"}],"wp:featuredmedia":[{"embeddable":true,"href":"https:\/\/apiobi.com\/es\/wp-json\/wp\/v2\/media\/808"}],"wp:attachment":[{"href":"https:\/\/apiobi.com\/es\/wp-json\/wp\/v2\/media?parent=806"}],"wp:term":[{"taxonomy":"product_brand","embeddable":true,"href":"https:\/\/apiobi.com\/es\/wp-json\/wp\/v2\/product_brand?post=806"},{"taxonomy":"product_cat","embeddable":true,"href":"https:\/\/apiobi.com\/es\/wp-json\/wp\/v2\/product_cat?post=806"},{"taxonomy":"product_tag","embeddable":true,"href":"https:\/\/apiobi.com\/es\/wp-json\/wp\/v2\/product_tag?post=806"}],"curies":[{"name":"wp","href":"https:\/\/api.w.org\/{rel}","templated":true}]}}