{"id":662,"date":"2026-03-03T09:27:25","date_gmt":"2026-03-03T09:27:25","guid":{"rendered":"https:\/\/apiobi.com\/?post_type=product&#038;p=662"},"modified":"2026-03-05T08:29:04","modified_gmt":"2026-03-05T08:29:04","slug":"maillon-de-chaine-pour-sac-imprimable-en-3d-bandouliere-personnalisee-pour-sac-a-main-accessoires-fait-main","status":"publish","type":"product","link":"https:\/\/apiobi.com\/es\/boutique\/modeles-3d\/loisirs-creatifs-diy\/maillon-de-chaine-pour-sac-imprimable-en-3d-bandouliere-personnalisee-pour-sac-a-main-accessoires-fait-main\/","title":{"rendered":"Paquete de 3 segmentos de 3, 5 y 10 eslabones de cadena imprimible en 3D | Haz r\u00e1pidamente largos tramos de cadena"},"content":{"rendered":"<p>Acc\u00e9l\u00e9rez vos cr\u00e9ation de cha\u00eenes 3D gr\u00e2ce \u00e0 ces <strong>segments de maillons \u201cprint-in-place\u201d \u00e0 d\u00e9multiplier<\/strong>! Disponibles en <strong>3, 5 et 10 maillons<\/strong>, ils vous permettent de cr\u00e9er facilement des cha\u00eenes adapt\u00e9es \u00e0 la taille du plateau de votre imprimante.<br \/>\nUtilisez-les tels quels ou assemblez plusieurs segments \u00e0 l\u2019aide d\u2019un <strong>maillon de connexion<\/strong> (<a href=\"https:\/\/apiobi.com\/es\/boutique\/modelos-3d\/bricolaje-pasatiempos-creativos\/maillon-de-chaine-pour-sac-imprimable-en-3d-bandouliere-personnalisee-pour-sac-a-main-accessoires-fait-main-2\/\" target=\"_blank\" rel=\"noopener\">disponible au catalogue<\/a>) pour r\u00e9aliser des longueurs plus importantes, quel que soit votre projet.<\/p>\n<p>Ces maillons sont parfaits pour les <strong>cha\u00eenes d\u00e9coratives, bijoux personnalis\u00e9s, accessoires de maquettes ou prototypes m\u00e9caniques<\/strong>. D\u00e9butants comme experts appr\u00e9cieront leur pr\u00e9cision et leur simplicit\u00e9 d\u2019impression !<\/p>\n<h5>\u2705 Pourquoi vous allez les adorer<\/h5>\n<ul>\n<li><strong>Print-in-place<\/strong> \u2013 aucune assemblage n\u00e9cessaire.<\/li>\n<li><strong>Longueur personnalisable<\/strong> \u2013 combinez les segments selon vos besoins.<\/li>\n<li><strong>Pr\u00e9cision et fluidit\u00e9<\/strong> \u2013 surface lisse, sans facettes, pour un rendu propre et professionnel.<\/li>\n<li><strong>Polyvalence<\/strong> \u2013 d\u00e9coration, accessoires, projets cr\u00e9atifs ou pi\u00e8ces fonctionnelles.<\/li>\n<li><strong>Compatible avec la plupart des filaments<\/strong> \u2013 simple et efficace sur toutes les imprimantes FDM.<\/li>\n<\/ul>\n<h5>\ud83d\udccf Dimensions d\u2019un maillon<\/h5>\n<ul>\n<li><strong>Longitud<\/strong> : 30 mm<\/li>\n<li><strong>Largeur<\/strong> : 22 mm<\/li>\n<li><strong>Maillage<\/strong> : pr\u00e9cis, surface lisse, sans facettes<\/li>\n<\/ul>\n<p>R\u00e9alisez vos cha\u00eenes 3D plus rapidement, plus facilement et avec une pr\u00e9cision impeccable gr\u00e2ce \u00e0 ces segments pr\u00eats pour l&#8217;impression \u2013 parfaits pour tous les passionn\u00e9s de projet DIY aid\u00e9s de leur imprimante 3D! \u2728<\/p>","protected":false},"excerpt":{"rendered":"<p>Ensemble de 3 segments de 3, 5 et 10 maillons de cha\u00eene PREMIUM \u00e0 t\u00e9l\u00e9charger pour un prix unique. Longueurs personnalisables, maillage pr\u00e9cis, surface lisse sans facettes, print in place<\/p>","protected":false},"featured_media":670,"comment_status":"open","ping_status":"closed","template":"","meta":{"_themeisle_gutenberg_block_has_review":false},"product_brand":[302],"product_cat":[138,130],"product_tag":[434,438,267,430,442,451,463,461,454,237,437,455,448,462,459,460,452,447,453,457,456,446,450,458,443,436,399,431,444,429,406,435,297,445,464,449,440,439,432,433,441],"class_list":{"0":"post-662","1":"product","2":"type-product","3":"status-publish","4":"has-post-thumbnail","6":"product_brand-apiobi","7":"product_cat-loisirs-creatifs-diy","8":"product_cat-modeles-3d","9":"product_tag-3d-accessory","10":"product_tag-3d-diy","11":"product_tag-3d-printable","12":"product_tag-3d-printed-chain","13":"product_tag-abs-chain","14":"product_tag-accessoire-3d","15":"product_tag-accessoire-a-faire-soi-meme","16":"product_tag-accessoire-de-mode","17":"product_tag-accessoire-pour-sac","18":"product_tag-apiobi","19":"product_tag-bag-accessory","20":"product_tag-bricolage-3d","21":"product_tag-chaine-a-faire-soi-meme","22":"product_tag-chaine-a-maillons","23":"product_tag-chaine-abs","24":"product_tag-chaine-creative","25":"product_tag-chaine-faite-main","26":"product_tag-chaine-imprimee-en-3d","27":"product_tag-chaine-personnalisee","28":"product_tag-chaine-petg","29":"product_tag-chaine-pla","30":"product_tag-chaine-pour-sac-a-main","31":"product_tag-chaine-stl","32":"product_tag-chaine-tpu","33":"product_tag-creative-chain","34":"product_tag-custom-chain","35":"product_tag-diy-accessory","36":"product_tag-diy-chain","37":"product_tag-fashion-accessory","38":"product_tag-handbag-chain","39":"product_tag-handmade","40":"product_tag-handmade-chain","41":"product_tag-imprimable-en-3d","42":"product_tag-link-chain","43":"product_tag-loisir-creatif","44":"product_tag-maillons-imprimables","45":"product_tag-petg-chain","46":"product_tag-pla-chain","47":"product_tag-printable-links","48":"product_tag-stl-chain","49":"product_tag-tpu-chain","51":"first","52":"instock","53":"downloadable","54":"virtual","55":"sold-individually","56":"purchasable","57":"product-type-simple"},"_links":{"self":[{"href":"https:\/\/apiobi.com\/es\/wp-json\/wp\/v2\/product\/662","targetHints":{"allow":["GET"]}}],"collection":[{"href":"https:\/\/apiobi.com\/es\/wp-json\/wp\/v2\/product"}],"about":[{"href":"https:\/\/apiobi.com\/es\/wp-json\/wp\/v2\/types\/product"}],"replies":[{"embeddable":true,"href":"https:\/\/apiobi.com\/es\/wp-json\/wp\/v2\/comments?post=662"}],"wp:featuredmedia":[{"embeddable":true,"href":"https:\/\/apiobi.com\/es\/wp-json\/wp\/v2\/media\/670"}],"wp:attachment":[{"href":"https:\/\/apiobi.com\/es\/wp-json\/wp\/v2\/media?parent=662"}],"wp:term":[{"taxonomy":"product_brand","embeddable":true,"href":"https:\/\/apiobi.com\/es\/wp-json\/wp\/v2\/product_brand?post=662"},{"taxonomy":"product_cat","embeddable":true,"href":"https:\/\/apiobi.com\/es\/wp-json\/wp\/v2\/product_cat?post=662"},{"taxonomy":"product_tag","embeddable":true,"href":"https:\/\/apiobi.com\/es\/wp-json\/wp\/v2\/product_tag?post=662"}],"curies":[{"name":"wp","href":"https:\/\/api.w.org\/{rel}","templated":true}]}}