{"id":657,"date":"2026-03-03T07:45:44","date_gmt":"2026-03-03T07:45:44","guid":{"rendered":"https:\/\/apiobi.com\/?post_type=product&#038;p=657"},"modified":"2026-04-01T08:01:31","modified_gmt":"2026-04-01T08:01:31","slug":"gamme-complete-de-5-flotteurs-forme-ronde-boule-rspf1-a-rspf5","status":"publish","type":"product","link":"https:\/\/apiobi.com\/es\/boutique\/modeles-3d\/outdoor-sport\/peche-3dpecheur\/flotteurs\/gamme-complete-de-5-flotteurs-forme-ronde-boule-rspf1-a-rspf5\/","title":{"rendered":"Gama completa de 5 flotadores redondos \u2018bola\u2019 | RSPF1 a RSPF5"},"content":{"rendered":"<h4>Gamme compl\u00e8te de 5 flotteurs de p\u00eache \u2013 Corps rond<\/h4>\n<p data-start=\"245\" data-end=\"383\">La flottabilit\u00e9 de cette gamme de flotteurs by 3Dpecheur est excellente, tout comme sa solidit\u00e9.<br data-start=\"300\" data-end=\"303\" \/>Quilles et antennes ont des diam\u00e8tres courants dans l&#8217;univers des flotteurs : Il suffit d\u2019ajouter <strong>un segment de tube silicone sur l&#8217;antenne et deux sur la quille.<\/strong><\/p>\n<p data-start=\"385\" data-end=\"696\">Si vous avez d\u00e9j\u00e0 imprim\u00e9 un \u00e9quipement devant \u00eatre <strong>\u00e9tanche ou herm\u00e9tique<\/strong> (comme un vase ou un flotteur), vous savez que cela demande de la pers\u00e9v\u00e9rance et des r\u00e9glages sp\u00e9cifiques sur votre slicer et votre imprimante. Mais cela reste tout \u00e0 fait r\u00e9alisable avec une imprimante 3D FDM, et parfaitement fonctionnel.<\/p>\n<p data-start=\"698\" data-end=\"944\">Mes mod\u00e8les sont con\u00e7us pour l\u2019impression 3D FDM. Ils sont pens\u00e9s pour r\u00e9pondre aux besoins sp\u00e9cifiques des p\u00eacheurs. Ils sont <strong>con\u00e7us\/imprim\u00e9s\/test\u00e9s<\/strong> \u00e0 plusieurs reprises en conditions r\u00e9elles de p\u00eache jusqu\u2019\u00e0 obtenir des r\u00e9sultats optimaux.<\/p>\n<hr \/>\n<h4><strong>D\u00e9tails de la gamme :<\/strong><\/h4>\n<h5><strong>RSPF1<\/strong><\/h5>\n<ul>\n<li>Longueur : <strong>110 mm<\/strong><\/li>\n<li>Corps : <strong>10 mm<\/strong><\/li>\n<li>Antenne : <strong>1,2 mm<\/strong><\/li>\n<li>Quille : <strong>1,2 mm<\/strong><\/li>\n<li>Peso : <strong>~0,3 g<\/strong><\/li>\n<\/ul>\n<h5><strong>RSPF2<\/strong><\/h5>\n<ul>\n<li>Longueur : <strong>110 mm<\/strong><\/li>\n<li>Corps : <strong>11,5 mm<\/strong><\/li>\n<li>Antenne : <strong>1,2 mm<\/strong><\/li>\n<li>Quille : <strong>1,2 mm<\/strong><\/li>\n<li>Peso : <strong>0,3 g<\/strong><\/li>\n<\/ul>\n<h5><strong>RSPF3<\/strong><\/h5>\n<ul>\n<li>Longueur : <strong>110 mm<\/strong><\/li>\n<li>Corps : <strong>13 mm<\/strong><\/li>\n<li>Antenne : <strong>1,2 mm<\/strong><\/li>\n<li>Quille : <strong>1,2 mm<\/strong><\/li>\n<\/ul>\n<h5><strong>RSPF4<\/strong><\/h5>\n<ul>\n<li>Longueur : <strong>130 mm<\/strong><\/li>\n<li>Corps : <strong>15 mm<\/strong><\/li>\n<li>Antenne : <strong>1,6 mm<\/strong><\/li>\n<li>Quille : <strong>1,2 mm<\/strong><\/li>\n<\/ul>\n<h5><strong>RSPF5<\/strong><\/h5>\n<ul>\n<li>Longueur : <strong>130 mm<\/strong><\/li>\n<li>Corps : <strong>19 mm<\/strong><\/li>\n<li>Antenne : <strong>2 mm<\/strong><\/li>\n<li>Quille : <strong>1,6 mm<\/strong><\/li>\n<\/ul>\n<p><strong>Achetez 5 flotteurs, payez en 4 : le t\u00e9l\u00e9chargement du set complet g\u00e9n\u00e8re une remise automatique de 20% par rapport au prix des 5 flotteurs achet\u00e9s individuellement.<\/strong><\/p>","protected":false},"excerpt":{"rendered":"<p>Set de 5 flotteurs pour p\u00eache au coup, carpe, poissons blancs imprimable 3D.<\/p>","protected":false},"featured_media":659,"comment_status":"open","ping_status":"closed","template":"","meta":{"_themeisle_gutenberg_block_has_review":false},"product_brand":[303,302],"product_cat":[156,130,136],"product_tag":[422,238,386,237,423,424,428,354,321,323,208,419,377,351,304,425,420,231,330,421,197,426,427],"class_list":{"0":"post-657","1":"product","2":"type-product","3":"status-publish","4":"has-post-thumbnail","6":"product_brand-3dpecheur","7":"product_brand-apiobi","8":"product_cat-flotteurs","9":"product_cat-modeles-3d","10":"product_cat-peche-3dpecheur","11":"product_tag-3d","12":"product_tag-3dpecheur","13":"product_tag-angler","14":"product_tag-apiobi","15":"product_tag-articles","16":"product_tag-bouchon","17":"product_tag-bundle","18":"product_tag-canne","19":"product_tag-carpe","20":"product_tag-coup","21":"product_tag-diy","22":"product_tag-eau-calme","23":"product_tag-etang","24":"product_tag-fisherman","25":"product_tag-fishing","26":"product_tag-float","27":"product_tag-flotteur","28":"product_tag-peche","29":"product_tag-pecheur","30":"product_tag-poisson","31":"product_tag-stl","32":"product_tag-supplies","33":"product_tag-tackle","35":"first","36":"instock","37":"downloadable","38":"virtual","39":"sold-individually","40":"purchasable","41":"product-type-simple"},"_links":{"self":[{"href":"https:\/\/apiobi.com\/es\/wp-json\/wp\/v2\/product\/657","targetHints":{"allow":["GET"]}}],"collection":[{"href":"https:\/\/apiobi.com\/es\/wp-json\/wp\/v2\/product"}],"about":[{"href":"https:\/\/apiobi.com\/es\/wp-json\/wp\/v2\/types\/product"}],"replies":[{"embeddable":true,"href":"https:\/\/apiobi.com\/es\/wp-json\/wp\/v2\/comments?post=657"}],"wp:featuredmedia":[{"embeddable":true,"href":"https:\/\/apiobi.com\/es\/wp-json\/wp\/v2\/media\/659"}],"wp:attachment":[{"href":"https:\/\/apiobi.com\/es\/wp-json\/wp\/v2\/media?parent=657"}],"wp:term":[{"taxonomy":"product_brand","embeddable":true,"href":"https:\/\/apiobi.com\/es\/wp-json\/wp\/v2\/product_brand?post=657"},{"taxonomy":"product_cat","embeddable":true,"href":"https:\/\/apiobi.com\/es\/wp-json\/wp\/v2\/product_cat?post=657"},{"taxonomy":"product_tag","embeddable":true,"href":"https:\/\/apiobi.com\/es\/wp-json\/wp\/v2\/product_tag?post=657"}],"curies":[{"name":"wp","href":"https:\/\/api.w.org\/{rel}","templated":true}]}}