{"id":649,"date":"2026-03-03T07:21:15","date_gmt":"2026-03-03T07:21:15","guid":{"rendered":"https:\/\/apiobi.com\/?post_type=product&#038;p=649"},"modified":"2026-04-01T08:01:20","modified_gmt":"2026-04-01T08:01:20","slug":"flotteur-rond-boule-03-gr-rspf2","status":"publish","type":"product","link":"https:\/\/apiobi.com\/es\/boutique\/modeles-3d\/outdoor-sport\/peche-3dpecheur\/flotteurs\/flotteur-rond-boule-03-gr-rspf2\/","title":{"rendered":"Flotador redondo - \u00abBola\u00bb - 0,3 GR - RSPF2"},"content":{"rendered":"<p data-start=\"108\" data-end=\"243\"><strong>Mod\u00e8le 3D du flotteur &#8216;boule&#8217; RSPF2 &#8211; 0,3 GR<\/strong> (deuxi\u00e8me mod\u00e8le de la gamme de 5 flotteurs ronds 3Dpecheur pour p\u00eache au coup).<br data-start=\"176\" data-end=\"179\" \/><strong data-start=\"179\" data-end=\"192\">Antenne :<\/strong> 1,2 mm<br data-start=\"199\" data-end=\"202\" \/><strong data-start=\"202\" data-end=\"214\">Quille :<\/strong> 1,2 mm<br data-start=\"221\" data-end=\"224\" \/><strong data-start=\"224\" data-end=\"235\">Poids :<\/strong> 0,3 g<\/p>\n<p data-start=\"245\" data-end=\"383\">Sa flottabilit\u00e9 est excellente, tout comme sa solidit\u00e9.<br data-start=\"300\" data-end=\"303\" \/>Il suffit d\u2019ajouter un segment de tube silicone sur le dessus et deux sur le dessous.<\/p>\n<p data-start=\"385\" data-end=\"696\">Si vous avez d\u00e9j\u00e0 imprim\u00e9 une pi\u00e8ce devant \u00eatre \u00e9tanche ou herm\u00e9tique (comme un vase ou un flotteur), vous savez que cela demande de la pers\u00e9v\u00e9rance et des r\u00e9glages sp\u00e9cifiques sur votre slicer et votre imprimante. Mais cela reste tout \u00e0 fait r\u00e9alisable avec une imprimante 3D FDM, et parfaitement fonctionnel.<\/p>\n<p data-start=\"698\" data-end=\"944\">Mes mod\u00e8les sont con\u00e7us pour l\u2019impression 3D FDM. Ils sont pens\u00e9s pour r\u00e9pondre aux besoins sp\u00e9cifiques des p\u00eacheurs. Ils sont con\u00e7us\/imprim\u00e9s\/test\u00e9s \u00e0 plusieurs reprises en conditions r\u00e9elles de p\u00eache jusqu\u2019\u00e0 obtenir des r\u00e9sultats optimaux.<\/p>","protected":false},"excerpt":{"rendered":"<p>Flotteur pour p\u00eache au coup, carpe, poissons blancs imprimable 3D.<\/p>","protected":false},"featured_media":655,"comment_status":"open","ping_status":"closed","template":"","meta":{"_themeisle_gutenberg_block_has_review":false},"product_brand":[303,302],"product_cat":[156,130,136],"product_tag":[422,238,386,237,423,424,354,321,323,208,419,377,351,304,425,420,231,330,421,197,426,427],"class_list":{"0":"post-649","1":"product","2":"type-product","3":"status-publish","4":"has-post-thumbnail","6":"product_brand-3dpecheur","7":"product_brand-apiobi","8":"product_cat-flotteurs","9":"product_cat-modeles-3d","10":"product_cat-peche-3dpecheur","11":"product_tag-3d","12":"product_tag-3dpecheur","13":"product_tag-angler","14":"product_tag-apiobi","15":"product_tag-articles","16":"product_tag-bouchon","17":"product_tag-canne","18":"product_tag-carpe","19":"product_tag-coup","20":"product_tag-diy","21":"product_tag-eau-calme","22":"product_tag-etang","23":"product_tag-fisherman","24":"product_tag-fishing","25":"product_tag-float","26":"product_tag-flotteur","27":"product_tag-peche","28":"product_tag-pecheur","29":"product_tag-poisson","30":"product_tag-stl","31":"product_tag-supplies","32":"product_tag-tackle","34":"first","35":"instock","36":"downloadable","37":"virtual","38":"sold-individually","39":"purchasable","40":"product-type-simple"},"_links":{"self":[{"href":"https:\/\/apiobi.com\/es\/wp-json\/wp\/v2\/product\/649","targetHints":{"allow":["GET"]}}],"collection":[{"href":"https:\/\/apiobi.com\/es\/wp-json\/wp\/v2\/product"}],"about":[{"href":"https:\/\/apiobi.com\/es\/wp-json\/wp\/v2\/types\/product"}],"replies":[{"embeddable":true,"href":"https:\/\/apiobi.com\/es\/wp-json\/wp\/v2\/comments?post=649"}],"wp:featuredmedia":[{"embeddable":true,"href":"https:\/\/apiobi.com\/es\/wp-json\/wp\/v2\/media\/655"}],"wp:attachment":[{"href":"https:\/\/apiobi.com\/es\/wp-json\/wp\/v2\/media?parent=649"}],"wp:term":[{"taxonomy":"product_brand","embeddable":true,"href":"https:\/\/apiobi.com\/es\/wp-json\/wp\/v2\/product_brand?post=649"},{"taxonomy":"product_cat","embeddable":true,"href":"https:\/\/apiobi.com\/es\/wp-json\/wp\/v2\/product_cat?post=649"},{"taxonomy":"product_tag","embeddable":true,"href":"https:\/\/apiobi.com\/es\/wp-json\/wp\/v2\/product_tag?post=649"}],"curies":[{"name":"wp","href":"https:\/\/api.w.org\/{rel}","templated":true}]}}