{"id":640,"date":"2026-03-03T06:18:53","date_gmt":"2026-03-03T06:18:53","guid":{"rendered":"https:\/\/apiobi.com\/?post_type=product&#038;p=640"},"modified":"2026-03-05T08:29:04","modified_gmt":"2026-03-05T08:29:04","slug":"portabobinas-de-muneca-dispensador-de-lana-portatil-para-ganchillo-y-tricot","status":"publish","type":"product","link":"https:\/\/apiobi.com\/es\/boutique\/modeles-3d\/loisirs-creatifs-diy\/porte-fil-derouleur-de-pelote-pour-poignet-distributeur-de-laine-portable-pour-le-crochet-et-le-tricot\/","title":{"rendered":"Portahilos, dispensador de ovillos para mu\u00f1eca | Dispensador port\u00e1til de lana para ganchillo y tricot"},"content":{"rendered":"<p><strong>Pr\u00e1ctico portabobinas para ganchillo y punto. Dispensador de hilo de lana port\u00e1til a prueba de nudos para facilitar sus creaciones artesanales. El accesorio de ganchillo DIY perfecto tanto para aficionados como para profesionales.<\/strong><\/p>\n<p>Este dispensador facilita el desenrollado del hilo (lana, algod\u00f3n, acr\u00edlico, etc.). Dise\u00f1ado para llevarlo directamente en la mu\u00f1eca, tambi\u00e9n puede colgarse f\u00e1cilmente en cualquier lugar donde tejas o hagas ganchillo: tiradores de puertas, retrovisores de coches, l\u00e1mparas de escritorio y mucho m\u00e1s.<\/p>\n<p>Gracias al tubo dentado insertado en el centro del ovillo, el conjunto gira libremente alrededor de su eje principal. El hilo se desenrolla sin esfuerzo, sin que las hebras sobrantes caigan al suelo. El peso natural de la lana y su contacto con la base del soporte regulan la tensi\u00f3n y garantizan un desenrollado perfectamente controlado.<\/p>\n<p>Este apoyo al hilo es fruto de un planteamiento verdaderamente colaborativo, nacido de la colaboraci\u00f3n entre <strong>apiobi<\/strong>\u00a0y <strong>@Lolo Cr\u00e9a\u2019 Crochet ganchillera con talento, apasionada de los bolsos, los amigurumis y los peluches<\/strong>. Sus necesidades y comentarios, combinados con la experiencia de apiobi en el dise\u00f1o de productos innovadores, transformaron una idea sencilla en un objeto pensado hasta el \u00faltimo detalle.<\/p>\n<p>En <strong>apiobi<\/strong>, Cada accesorio se dise\u00f1a para que sea \u00fatil, duradero y de alto rendimiento. El proceso incluye el modelado, la creaci\u00f3n de prototipos y la realizaci\u00f3n de pruebas reales por parte de los usuarios. <strong>EXPERTOS,<\/strong> para obtener un producto que responda realmente a las expectativas de los dise\u00f1adores. Esta colaboraci\u00f3n ilustra nuestro enfoque: combinar las opiniones de los usuarios, la innovaci\u00f3n y el rigor en el dise\u00f1o para desarrollar accesorios que realmente mejoren la experiencia creativa.<\/p>\n<p><strong>Descargar contenido:<\/strong><\/p>\n<ul>\n<li>El soporte de base plana para el dispensador de lana<\/li>\n<li>Un tubo con muescas<\/li>\n<li>Una anilla dividida para sujetarlo a una mu\u00f1equera o a cualquier cord\u00f3n de su elecci\u00f3n<\/li>\n<\/ul>","protected":false},"excerpt":{"rendered":"<p><strong>Portabobinas y desenrollador de lana port\u00e1til para tejer a ganchillo y punto cuando est\u00e1s de viaje.<\/strong><\/p>","protected":false},"featured_media":648,"comment_status":"open","ping_status":"closed","template":"","meta":{"_themeisle_gutenberg_block_has_review":false},"product_brand":[302],"product_cat":[138,130],"product_tag":[400,414,403,237,407,417,262,402,411,396,418,208,399,408,406,401,412,397,413,398,415,197,416,395,405,394,409,393,404,410],"class_list":{"0":"post-640","1":"product","2":"type-product","3":"status-publish","4":"has-post-thumbnail","6":"product_brand-apiobi","7":"product_cat-loisirs-creatifs-diy","8":"product_cat-modeles-3d","9":"product_tag-3d-printed","10":"product_tag-amigurumi","11":"product_tag-anti-tangle","12":"product_tag-apiobi","13":"product_tag-craft-tool","14":"product_tag-creation","15":"product_tag-crochet","16":"product_tag-crochet-accessory","17":"product_tag-crochet-lover","18":"product_tag-crochet-tool","19":"product_tag-crocheteuse","20":"product_tag-diy","21":"product_tag-diy-accessory","22":"product_tag-fiber-arts","23":"product_tag-handmade","24":"product_tag-knitting-accessory","25":"product_tag-knitting-lover","26":"product_tag-knitting-tool","27":"product_tag-laine","28":"product_tag-portable-yarn","29":"product_tag-poupees","30":"product_tag-stl","31":"product_tag-tricot","32":"product_tag-wool-dispenser","33":"product_tag-wool-winder","34":"product_tag-wrist-yarn-holder","35":"product_tag-yarn-caddy","36":"product_tag-yarn-holder","37":"product_tag-yarn-organizer","38":"product_tag-yarn-support","40":"first","41":"instock","42":"downloadable","43":"virtual","44":"sold-individually","45":"purchasable","46":"product-type-simple"},"_links":{"self":[{"href":"https:\/\/apiobi.com\/es\/wp-json\/wp\/v2\/product\/640","targetHints":{"allow":["GET"]}}],"collection":[{"href":"https:\/\/apiobi.com\/es\/wp-json\/wp\/v2\/product"}],"about":[{"href":"https:\/\/apiobi.com\/es\/wp-json\/wp\/v2\/types\/product"}],"replies":[{"embeddable":true,"href":"https:\/\/apiobi.com\/es\/wp-json\/wp\/v2\/comments?post=640"}],"wp:featuredmedia":[{"embeddable":true,"href":"https:\/\/apiobi.com\/es\/wp-json\/wp\/v2\/media\/648"}],"wp:attachment":[{"href":"https:\/\/apiobi.com\/es\/wp-json\/wp\/v2\/media?parent=640"}],"wp:term":[{"taxonomy":"product_brand","embeddable":true,"href":"https:\/\/apiobi.com\/es\/wp-json\/wp\/v2\/product_brand?post=640"},{"taxonomy":"product_cat","embeddable":true,"href":"https:\/\/apiobi.com\/es\/wp-json\/wp\/v2\/product_cat?post=640"},{"taxonomy":"product_tag","embeddable":true,"href":"https:\/\/apiobi.com\/es\/wp-json\/wp\/v2\/product_tag?post=640"}],"curies":[{"name":"wp","href":"https:\/\/api.w.org\/{rel}","templated":true}]}}