{"id":617,"date":"2026-03-02T13:21:51","date_gmt":"2026-03-02T13:21:51","guid":{"rendered":"https:\/\/apiobi.com\/?post_type=product&#038;p=617"},"modified":"2026-04-01T08:01:06","modified_gmt":"2026-04-01T08:01:06","slug":"support-de-canne-arriere-3dpecheur-water-lily-butt-grip-rod-rest","status":"publish","type":"product","link":"https:\/\/apiobi.com\/es\/boutique\/modeles-3d\/outdoor-sport\/peche-3dpecheur\/peche-carpe\/support-de-canne-arriere-3dpecheur-water-lily-butt-grip-rod-rest\/","title":{"rendered":"3Dpecheur | WATER LILY| Soporte de ca\u00f1a con empu\u00f1adura a tope"},"content":{"rendered":"<h4 data-start=\"111\" data-end=\"179\"><strong data-start=\"114\" data-end=\"179\">Butt Grip \/ Support, grip de canne arri\u00e8re &#8211; Fleur de n\u00e9nuphar<\/strong><\/h4>\n<hr data-start=\"721\" data-end=\"724\" \/>\n<h2 data-start=\"726\" data-end=\"744\"><strong data-start=\"729\" data-end=\"744\">DESCRIPTION<\/strong><\/h2>\n<ul data-start=\"745\" data-end=\"1051\">\n<li data-start=\"745\" data-end=\"822\">\n<p data-start=\"747\" data-end=\"822\">Compatible avec des talons de <strong data-start=\"777\" data-end=\"786\">18 mm<\/strong>, <strong data-start=\"788\" data-end=\"797\">20 mm<\/strong>, <strong data-start=\"799\" data-end=\"808\">23 mm<\/strong> de diam\u00e8tre<\/p>\n<\/li>\n<li data-start=\"823\" data-end=\"885\">\n<p data-start=\"825\" data-end=\"885\">Filetage standard <strong data-start=\"843\" data-end=\"851\">3\/8&#8243;<\/strong> (tol\u00e9rance incluse pour l&#8217;impr\u00e9ssion D<\/p>\n<\/li>\n<li data-start=\"823\" data-end=\"885\">\n<p data-start=\"825\" data-end=\"885\">Mod\u00e8le <strong data-start=\"895\" data-end=\"916\">flexible, robuste<\/strong>, con\u00e7u et am\u00e9lior\u00e9 au fil de nombreux tests<\/p>\n<\/li>\n<li data-start=\"823\" data-end=\"885\">\n<p data-start=\"825\" data-end=\"885\">Parfaitement adapt\u00e9 aux petits diam\u00e8tres, maintient la canne de mani\u00e8re s\u00fbre et stable<\/p>\n<\/li>\n<li data-start=\"823\" data-end=\"885\">\n<hr data-start=\"1053\" data-end=\"1056\" \/>\n<p data-start=\"1058\" data-end=\"1289\">Nos mod\u00e8les sont con\u00e7us sp\u00e9cifiquement pour l\u2019impression <strong data-start=\"1115\" data-end=\"1122\">FDM<\/strong>, afin de r\u00e9pondre aux besoins r\u00e9els de p\u00eacheurs exigeants.<br data-start=\"1172\" data-end=\"1175\" \/>Ils sont <strong data-start=\"1184\" data-end=\"1214\">con\u00e7us, imprim\u00e9s et test\u00e9s<\/strong> plusieurs fois en situations de p\u00eache jusqu\u2019\u00e0 obtenir un r\u00e9sultat optimal.<\/p>\n<p data-start=\"1291\" data-end=\"1529\">Nos mod\u00e8les 3D ne sont <strong data-start=\"1314\" data-end=\"1340\">pas de simples gadgets<\/strong> qui ressemblent vaguement \u00e0 des accessoires du commerce :<br data-start=\"1398\" data-end=\"1401\" \/>ce sont de <strong data-start=\"1412\" data-end=\"1447\">v\u00e9ritables\u00a0 mod\u00e8le 3D d&#8217;articles de p\u00eache<\/strong>, respectant les <strong data-start=\"1464\" data-end=\"1480\">m\u00eames normes<\/strong>, <strong data-start=\"1482\" data-end=\"1496\">dimensions<\/strong> et <strong data-start=\"1500\" data-end=\"1526\">exigences ergonomiques<\/strong>.<\/p>\n<p data-start=\"1531\" data-end=\"1855\">Par exemple, pour les filetages de rod rest ou de butt grip, il ne s\u2019agit pas d\u2019un pseudo-filetage approximatif de 8, 9 ou 10 mm :<br data-start=\"1661\" data-end=\"1664\" \/>c\u2019est le <strong data-start=\"1673\" data-end=\"1710\">v\u00e9ritable filetage universel 3\/8&#8243;<\/strong>, pr\u00e9cis, utilis\u00e9 par la quasi-totalit\u00e9 des marques de rod pods, buzz bars, d\u00e9tecteurs, etc., avec les <strong data-start=\"1813\" data-end=\"1854\">tol\u00e9rances adapt\u00e9es \u00e0 l\u2019impression 3D<\/strong>.<\/p>\n<\/li>\n<\/ul>","protected":false},"excerpt":{"rendered":"<p><span class=\"vp-body-m\">Le support de canne arri\u00e8re 3Dpecheur, Water Lily, permet de poser votre talon de canne et de le gripper fermement<\/span><\/p>","protected":false},"featured_media":620,"comment_status":"open","ping_status":"closed","template":"","meta":{"_themeisle_gutenberg_block_has_review":false},"product_brand":[303,302],"product_cat":[130,136,150],"product_tag":[267,238,390,386,237,385,388,310,305,321,391,322,350,351,304,381,380,345,230,392,352,382,389,306,346,384,197,383,324,387],"class_list":{"0":"post-617","1":"product","2":"type-product","3":"status-publish","4":"has-post-thumbnail","6":"product_brand-3dpecheur","7":"product_brand-apiobi","8":"product_cat-modeles-3d","9":"product_cat-peche-3dpecheur","10":"product_cat-peche-carpe","11":"product_tag-3d-printable","12":"product_tag-3dpecheur","13":"product_tag-anglaise","14":"product_tag-angler","15":"product_tag-apiobi","16":"product_tag-bankstick","17":"product_tag-butt","18":"product_tag-buzzbar","19":"product_tag-carp","20":"product_tag-carpe","21":"product_tag-epuisette","22":"product_tag-feeder","23":"product_tag-fish","24":"product_tag-fisherman","25":"product_tag-fishing","26":"product_tag-fishing-rod","27":"product_tag-grip","28":"product_tag-holder","29":"product_tag-impression-3d","30":"product_tag-net","31":"product_tag-pique","32":"product_tag-pod","33":"product_tag-rear","34":"product_tag-rod-rest","35":"product_tag-rodpod","36":"product_tag-set","37":"product_tag-stl","38":"product_tag-support","39":"product_tag-support-de-canne","40":"product_tag-tripod","42":"first","43":"instock","44":"downloadable","45":"virtual","46":"sold-individually","47":"purchasable","48":"product-type-simple"},"_links":{"self":[{"href":"https:\/\/apiobi.com\/es\/wp-json\/wp\/v2\/product\/617","targetHints":{"allow":["GET"]}}],"collection":[{"href":"https:\/\/apiobi.com\/es\/wp-json\/wp\/v2\/product"}],"about":[{"href":"https:\/\/apiobi.com\/es\/wp-json\/wp\/v2\/types\/product"}],"replies":[{"embeddable":true,"href":"https:\/\/apiobi.com\/es\/wp-json\/wp\/v2\/comments?post=617"}],"wp:featuredmedia":[{"embeddable":true,"href":"https:\/\/apiobi.com\/es\/wp-json\/wp\/v2\/media\/620"}],"wp:attachment":[{"href":"https:\/\/apiobi.com\/es\/wp-json\/wp\/v2\/media?parent=617"}],"wp:term":[{"taxonomy":"product_brand","embeddable":true,"href":"https:\/\/apiobi.com\/es\/wp-json\/wp\/v2\/product_brand?post=617"},{"taxonomy":"product_cat","embeddable":true,"href":"https:\/\/apiobi.com\/es\/wp-json\/wp\/v2\/product_cat?post=617"},{"taxonomy":"product_tag","embeddable":true,"href":"https:\/\/apiobi.com\/es\/wp-json\/wp\/v2\/product_tag?post=617"}],"curies":[{"name":"wp","href":"https:\/\/api.w.org\/{rel}","templated":true}]}}