{"id":612,"date":"2026-03-02T13:00:31","date_gmt":"2026-03-02T13:00:31","guid":{"rendered":"https:\/\/apiobi.com\/?post_type=product&#038;p=612"},"modified":"2026-04-01T08:00:33","modified_gmt":"2026-04-01T08:00:33","slug":"support-de-canne-arriere-3dpecheur-u-usr1","status":"publish","type":"product","link":"https:\/\/apiobi.com\/es\/boutique\/modeles-3d\/outdoor-sport\/peche-3dpecheur\/peche-carpe\/support-de-canne-arriere-3dpecheur-u-usr1\/","title":{"rendered":"Porta bast\u00f3n trasero 3Dpecheur | U | USR1"},"content":{"rendered":"<h4 data-start=\"131\" data-end=\"201\"><strong data-start=\"134\" data-end=\"199\">SUPPORT ARRI\u00c8RE DE CANNE \u2013 U\u00a0<\/strong><\/h4>\n<ul>\n<li data-start=\"202\" data-end=\"335\">En forme de <strong data-start=\"214\" data-end=\"219\">U<\/strong>, plus fin que le mod\u00e8le <strong data-start=\"246\" data-end=\"254\">USR2<\/strong><\/li>\n<li data-start=\"202\" data-end=\"335\"><strong data-start=\"246\" data-end=\"254\">70mm<\/strong><\/li>\n<li data-start=\"202\" data-end=\"335\">Filetage standard <strong data-start=\"275\" data-end=\"283\">3\/8&#8243;<\/strong> (incluant les tol\u00e9rances propres \u00e0 l\u2019impression 3D)<\/li>\n<li data-start=\"202\" data-end=\"335\">pour \u00e9quiper vos\u00a0 bankstick, buzzbar, rodpod, etc.<\/li>\n<\/ul>\n<p data-start=\"337\" data-end=\"702\">Les plus grandes marques d\u2019\u00e9quipements de p\u00eache n\u2019h\u00e9sitent pas \u00e0 fabriquer des accessoires moul\u00e9s en plastiques rigides (<strong data-start=\"465\" data-end=\"472\">ABS<\/strong>) ou plus flexibles, voire souples, pour \u00e9pouser parfaitement la forme de la canne.<br data-start=\"555\" data-end=\"558\" \/>Gr\u00e2ce \u00e0 l\u2019impression 3D, on obtient des r\u00e9sultats \u00e9quivalents avec de l\u2019<strong data-start=\"630\" data-end=\"637\">ABS<\/strong>, du TPU du <strong data-start=\"642\" data-end=\"651\">nylon<\/strong> ou du <strong data-start=\"658\" data-end=\"666\">PETG <\/strong>que je privil\u00e9gie personnellement et vous recommande pour la majorit\u00e9 de vos \u00e9quipements OUTDOOR.<\/p>\n<p data-start=\"704\" data-end=\"901\">Le filetage de ce support arri\u00e8re est particuli\u00e8rement robuste, tout comme le corps de la pi\u00e8ce.<br data-start=\"800\" data-end=\"803\" \/>Imprimer soi-m\u00eame ses accessoires de p\u00eache permet \u00e9galement de r\u00e9duire consid\u00e9rablement les co\u00fbts.<\/p>","protected":false},"excerpt":{"rendered":"<p><span class=\"vp-body-m\">Le support 3Dpecheur, t\u00eate en U, permet de poser votre talon de canne (carpe, carnassier, anglaise, feeder ou votre manche d&#8217;\u00e9puisette)<\/span><\/p>","protected":false},"featured_media":614,"comment_status":"open","ping_status":"closed","template":"","meta":{"_themeisle_gutenberg_block_has_review":false},"product_brand":[303,302],"product_cat":[130,136,150],"product_tag":[267,238,390,386,237,385,388,310,305,321,391,322,350,351,304,381,380,345,230,392,352,382,389,306,346,384,197,383,324,387],"class_list":{"0":"post-612","1":"product","2":"type-product","3":"status-publish","4":"has-post-thumbnail","6":"product_brand-3dpecheur","7":"product_brand-apiobi","8":"product_cat-modeles-3d","9":"product_cat-peche-3dpecheur","10":"product_cat-peche-carpe","11":"product_tag-3d-printable","12":"product_tag-3dpecheur","13":"product_tag-anglaise","14":"product_tag-angler","15":"product_tag-apiobi","16":"product_tag-bankstick","17":"product_tag-butt","18":"product_tag-buzzbar","19":"product_tag-carp","20":"product_tag-carpe","21":"product_tag-epuisette","22":"product_tag-feeder","23":"product_tag-fish","24":"product_tag-fisherman","25":"product_tag-fishing","26":"product_tag-fishing-rod","27":"product_tag-grip","28":"product_tag-holder","29":"product_tag-impression-3d","30":"product_tag-net","31":"product_tag-pique","32":"product_tag-pod","33":"product_tag-rear","34":"product_tag-rod-rest","35":"product_tag-rodpod","36":"product_tag-set","37":"product_tag-stl","38":"product_tag-support","39":"product_tag-support-de-canne","40":"product_tag-tripod","42":"first","43":"instock","44":"downloadable","45":"virtual","46":"sold-individually","47":"purchasable","48":"product-type-simple"},"_links":{"self":[{"href":"https:\/\/apiobi.com\/es\/wp-json\/wp\/v2\/product\/612","targetHints":{"allow":["GET"]}}],"collection":[{"href":"https:\/\/apiobi.com\/es\/wp-json\/wp\/v2\/product"}],"about":[{"href":"https:\/\/apiobi.com\/es\/wp-json\/wp\/v2\/types\/product"}],"replies":[{"embeddable":true,"href":"https:\/\/apiobi.com\/es\/wp-json\/wp\/v2\/comments?post=612"}],"wp:featuredmedia":[{"embeddable":true,"href":"https:\/\/apiobi.com\/es\/wp-json\/wp\/v2\/media\/614"}],"wp:attachment":[{"href":"https:\/\/apiobi.com\/es\/wp-json\/wp\/v2\/media?parent=612"}],"wp:term":[{"taxonomy":"product_brand","embeddable":true,"href":"https:\/\/apiobi.com\/es\/wp-json\/wp\/v2\/product_brand?post=612"},{"taxonomy":"product_cat","embeddable":true,"href":"https:\/\/apiobi.com\/es\/wp-json\/wp\/v2\/product_cat?post=612"},{"taxonomy":"product_tag","embeddable":true,"href":"https:\/\/apiobi.com\/es\/wp-json\/wp\/v2\/product_tag?post=612"}],"curies":[{"name":"wp","href":"https:\/\/api.w.org\/{rel}","templated":true}]}}