{"id":606,"date":"2026-03-02T12:33:53","date_gmt":"2026-03-02T12:33:53","guid":{"rendered":"https:\/\/apiobi.com\/?post_type=product&#038;p=606"},"modified":"2026-04-01T08:00:09","modified_gmt":"2026-04-01T08:00:09","slug":"portacanas-trasero-3dp-thick-u-usr2","status":"publish","type":"product","link":"https:\/\/apiobi.com\/es\/boutique\/modeles-3d\/outdoor-sport\/peche-3dpecheur\/peche-carpe\/support-de-canne-arriere-3dpecheur-u-epais-usr2\/","title":{"rendered":"3Dpecheur soporte de bast\u00f3n trasero | Thick U | USR2"},"content":{"rendered":"<h4 data-start=\"131\" data-end=\"201\"><strong data-start=\"134\" data-end=\"199\">SOPORTE DE CA\u00d1\u00d3N TRASERO - Grueso U<\/strong><\/h4>\n<ul>\n<li data-start=\"202\" data-end=\"335\">Con forma de <strong data-start=\"214\" data-end=\"219\">U<\/strong>, m\u00e1s grueso que el <strong data-start=\"246\" data-end=\"254\">USR1<\/strong><\/li>\n<li data-start=\"202\" data-end=\"335\"><strong data-start=\"246\" data-end=\"254\">70 mm<\/strong><\/li>\n<li data-start=\"202\" data-end=\"335\">Rosca est\u00e1ndar <strong data-start=\"275\" data-end=\"283\">3\/8\u2033<\/strong> (incluidas las tolerancias espec\u00edficas de la impresi\u00f3n 3D)<\/li>\n<li data-start=\"202\" data-end=\"335\">para equipar su p\u00e9rtiga, buzzbar, rodpod, etc.<\/li>\n<\/ul>\n<p data-start=\"337\" data-end=\"702\">Las principales marcas de art\u00edculos de pesca no dudan en fabricar accesorios moldeados en pl\u00e1sticos r\u00edgidos (<strong data-start=\"465\" data-end=\"472\">ABS<\/strong>) o m\u00e1s flexible, incluso blando, para adaptarse perfectamente a la forma del bast\u00f3n.<br data-start=\"555\" data-end=\"558\" \/>Gracias a la impresi\u00f3n 3D, podemos conseguir resultados equivalentes con\u2019<strong data-start=\"630\" data-end=\"637\">ABS<\/strong>, TPU de <strong data-start=\"642\" data-end=\"651\">nylon<\/strong> o el <strong data-start=\"658\" data-end=\"666\">PETG <\/strong>que personalmente prefiero y recomiendo para la mayor\u00eda de su equipo OUTDOOR.<\/p>\n<p data-start=\"704\" data-end=\"901\">La rosca de este soporte trasero es especialmente robusta, al igual que el cuerpo de la pieza.<br data-start=\"800\" data-end=\"803\" \/>Imprimir tus propios accesorios de pesca tambi\u00e9n puede reducir considerablemente los costes.<\/p>","protected":false},"excerpt":{"rendered":"<p><span class=\"vp-body-m\">El soporte 3Dpecheur, cabeza en forma de U, le permite colocar la culata de su ca\u00f1a (carpa, carn\u00edvoro, Ingl\u00e9s, alimentador o el mango de su red de aterrizaje).<\/span><\/p>","protected":false},"featured_media":609,"comment_status":"open","ping_status":"closed","template":"","meta":{"_themeisle_gutenberg_block_has_review":false},"product_brand":[303,302],"product_cat":[130,136,150],"product_tag":[267,238,390,386,237,385,388,310,305,321,391,322,350,351,304,381,380,345,230,392,352,382,389,306,346,384,197,383,324,387],"class_list":{"0":"post-606","1":"product","2":"type-product","3":"status-publish","4":"has-post-thumbnail","6":"product_brand-3dpecheur","7":"product_brand-apiobi","8":"product_cat-modeles-3d","9":"product_cat-peche-3dpecheur","10":"product_cat-peche-carpe","11":"product_tag-3d-printable","12":"product_tag-3dpecheur","13":"product_tag-anglaise","14":"product_tag-angler","15":"product_tag-apiobi","16":"product_tag-bankstick","17":"product_tag-butt","18":"product_tag-buzzbar","19":"product_tag-carp","20":"product_tag-carpe","21":"product_tag-epuisette","22":"product_tag-feeder","23":"product_tag-fish","24":"product_tag-fisherman","25":"product_tag-fishing","26":"product_tag-fishing-rod","27":"product_tag-grip","28":"product_tag-holder","29":"product_tag-impression-3d","30":"product_tag-net","31":"product_tag-pique","32":"product_tag-pod","33":"product_tag-rear","34":"product_tag-rod-rest","35":"product_tag-rodpod","36":"product_tag-set","37":"product_tag-stl","38":"product_tag-support","39":"product_tag-support-de-canne","40":"product_tag-tripod","42":"first","43":"instock","44":"downloadable","45":"virtual","46":"sold-individually","47":"purchasable","48":"product-type-simple"},"_links":{"self":[{"href":"https:\/\/apiobi.com\/es\/wp-json\/wp\/v2\/product\/606","targetHints":{"allow":["GET"]}}],"collection":[{"href":"https:\/\/apiobi.com\/es\/wp-json\/wp\/v2\/product"}],"about":[{"href":"https:\/\/apiobi.com\/es\/wp-json\/wp\/v2\/types\/product"}],"replies":[{"embeddable":true,"href":"https:\/\/apiobi.com\/es\/wp-json\/wp\/v2\/comments?post=606"}],"wp:featuredmedia":[{"embeddable":true,"href":"https:\/\/apiobi.com\/es\/wp-json\/wp\/v2\/media\/609"}],"wp:attachment":[{"href":"https:\/\/apiobi.com\/es\/wp-json\/wp\/v2\/media?parent=606"}],"wp:term":[{"taxonomy":"product_brand","embeddable":true,"href":"https:\/\/apiobi.com\/es\/wp-json\/wp\/v2\/product_brand?post=606"},{"taxonomy":"product_cat","embeddable":true,"href":"https:\/\/apiobi.com\/es\/wp-json\/wp\/v2\/product_cat?post=606"},{"taxonomy":"product_tag","embeddable":true,"href":"https:\/\/apiobi.com\/es\/wp-json\/wp\/v2\/product_tag?post=606"}],"curies":[{"name":"wp","href":"https:\/\/api.w.org\/{rel}","templated":true}]}}