{"id":588,"date":"2026-03-02T12:00:44","date_gmt":"2026-03-02T12:00:44","guid":{"rendered":"https:\/\/apiobi.com\/?post_type=product&#038;p=588"},"modified":"2026-04-01T07:59:31","modified_gmt":"2026-04-01T07:59:31","slug":"butt-grip-medium-portacana-3dpecheur-carp-fishing-bgr2","status":"publish","type":"product","link":"https:\/\/apiobi.com\/es\/boutique\/modeles-3d\/outdoor-sport\/peche-3dpecheur\/peche-carpe\/support-de-canne-butt-grip-medium-3dpecheur-peche-carpe-bgr2\/","title":{"rendered":"Butt Grip Medium 3Dpecheur portaca\u00f1as | CARPA DE PESCA | BGR2"},"content":{"rendered":"<h4>Butt Grip Medium 3Dpecheur<\/h4>\n<ul>\n<li data-start=\"366\" data-end=\"481\">Gran agarre gracias a la gran superficie de contacto.<\/li>\n<li data-start=\"366\" data-end=\"481\">\n<p data-start=\"368\" data-end=\"481\">Perfectamente compatible con di\u00e1metros <strong data-start=\"446\" data-end=\"478\">18 mm, 20 mm, 23 mm y 25 mm (ver v\u00eddeo de demostraci\u00f3n)<\/strong><\/p>\n<\/li>\n<li data-start=\"482\" data-end=\"556\">\n<p data-start=\"484\" data-end=\"556\">Hilo <strong data-start=\"493\" data-end=\"510\">est\u00e1ndar 3\/8<\/strong> (con tolerancia adaptada a la impresi\u00f3n 3D).<\/p>\n<\/li>\n<li data-start=\"557\" data-end=\"790\">\n<p data-start=\"559\" data-end=\"790\">Un dise\u00f1o totalmente optimizado para la impresi\u00f3n 3D, combinado con <strong data-start=\"626\" data-end=\"657\">ajustes espec\u00edficos del SLICER<\/strong> (ver m\u00e1s abajo), te da un Butt Grip <strong data-start=\"706\" data-end=\"745\">ultrarresistente, suave, flexible y blanda<\/strong>, con un excelente agarre de la ca\u00f1a.<\/p>\n<\/li>\n<li data-start=\"793\" data-end=\"986\">La resistencia del TPU utilizado supera con creces la de algunas cantoneras de goma del mercado. <strong data-start=\"890\" data-end=\"914\">De 2 a 3 veces m\u00e1s caro<\/strong>, Y a veces se agrietan o se rompen nada m\u00e1s utilizarlos por primera vez.<\/li>\n<\/ul>\n<p>La gama blanda <strong data-start=\"113\" data-end=\"146\">Butt Grip 3Dpecheur se presenta en 3 modelos<\/strong> : <strong data-start=\"149\" data-end=\"175\">PEQUE\u00d1O, MEDIANO y GRANDE<\/strong>, Nuestra gama de productos cubre la gran mayor\u00eda de necesidades, desde asas abreviadas (PEQUE\u00d1AS) hasta Duplon completo o de corcho (GRANDE).<br \/>\n<img loading=\"lazy\" decoding=\"async\" class=\"alignleft wp-image-592 size-thumbnail\" src=\"https:\/\/apiobi.com\/wp-content\/uploads\/2026\/03\/Butt-grip-small-medium-large-3Dpecheur-support-arriere-canne-apiobi-STL-150x150.jpg\" alt=\"\" width=\"150\" height=\"150\" srcset=\"https:\/\/apiobi.com\/wp-content\/uploads\/2026\/03\/Butt-grip-small-medium-large-3Dpecheur-support-arriere-canne-apiobi-STL-150x150.jpg 150w, https:\/\/apiobi.com\/wp-content\/uploads\/2026\/03\/Butt-grip-small-medium-large-3Dpecheur-support-arriere-canne-apiobi-STL-scaled-300x300.jpg 300w, https:\/\/apiobi.com\/wp-content\/uploads\/2026\/03\/Butt-grip-small-medium-large-3Dpecheur-support-arriere-canne-apiobi-STL-scaled-200x200.jpg 200w, https:\/\/apiobi.com\/wp-content\/uploads\/2026\/03\/Butt-grip-small-medium-large-3Dpecheur-support-arriere-canne-apiobi-STL-scaled-500x500.jpg 500w\" sizes=\"auto, (max-width: 150px) 100vw, 150px\" \/><\/p>\n<p>Consulte los dem\u00e1s modelos de la gama en nuestro cat\u00e1logo<\/p>","protected":false},"excerpt":{"rendered":"<p>Butt Grip Medium 3Dpecheur Grip important gr\u00e2ce \u00e0 une zone de contact importante. Parfaitement compatible avec des diam\u00e8tres 18 mm, 20 mm, 23 mm et 25 mm (voir vid\u00e9o de d\u00e9mo) Filetage standard 3\/8&#8243; (avec tol\u00e9rance adapt\u00e9e \u00e0 l&#8217;impression 3D). Un design enti\u00e8rement optimis\u00e9 pour l\u2019impression 3D, associ\u00e9 \u00e0 des r\u00e9glages SLICER sp\u00e9cifiques (voir ci-dessous), [&hellip;]<\/p>\n","protected":false},"featured_media":590,"comment_status":"open","ping_status":"closed","template":"","meta":{"_themeisle_gutenberg_block_has_review":false},"product_brand":[303,302],"product_cat":[130,136,150],"product_tag":[267,238,386,237,385,388,310,305,321,322,350,351,304,381,380,345,230,352,382,389,306,346,384,197,383,324,387],"class_list":{"0":"post-588","1":"product","2":"type-product","3":"status-publish","4":"has-post-thumbnail","6":"product_brand-3dpecheur","7":"product_brand-apiobi","8":"product_cat-modeles-3d","9":"product_cat-peche-3dpecheur","10":"product_cat-peche-carpe","11":"product_tag-3d-printable","12":"product_tag-3dpecheur","13":"product_tag-angler","14":"product_tag-apiobi","15":"product_tag-bankstick","16":"product_tag-butt","17":"product_tag-buzzbar","18":"product_tag-carp","19":"product_tag-carpe","20":"product_tag-feeder","21":"product_tag-fish","22":"product_tag-fisherman","23":"product_tag-fishing","24":"product_tag-fishing-rod","25":"product_tag-grip","26":"product_tag-holder","27":"product_tag-impression-3d","28":"product_tag-pique","29":"product_tag-pod","30":"product_tag-rear","31":"product_tag-rod-rest","32":"product_tag-rodpod","33":"product_tag-set","34":"product_tag-stl","35":"product_tag-support","36":"product_tag-support-de-canne","37":"product_tag-tripod","39":"first","40":"instock","41":"featured","42":"downloadable","43":"virtual","44":"sold-individually","45":"purchasable","46":"product-type-simple"},"_links":{"self":[{"href":"https:\/\/apiobi.com\/es\/wp-json\/wp\/v2\/product\/588","targetHints":{"allow":["GET"]}}],"collection":[{"href":"https:\/\/apiobi.com\/es\/wp-json\/wp\/v2\/product"}],"about":[{"href":"https:\/\/apiobi.com\/es\/wp-json\/wp\/v2\/types\/product"}],"replies":[{"embeddable":true,"href":"https:\/\/apiobi.com\/es\/wp-json\/wp\/v2\/comments?post=588"}],"wp:featuredmedia":[{"embeddable":true,"href":"https:\/\/apiobi.com\/es\/wp-json\/wp\/v2\/media\/590"}],"wp:attachment":[{"href":"https:\/\/apiobi.com\/es\/wp-json\/wp\/v2\/media?parent=588"}],"wp:term":[{"taxonomy":"product_brand","embeddable":true,"href":"https:\/\/apiobi.com\/es\/wp-json\/wp\/v2\/product_brand?post=588"},{"taxonomy":"product_cat","embeddable":true,"href":"https:\/\/apiobi.com\/es\/wp-json\/wp\/v2\/product_cat?post=588"},{"taxonomy":"product_tag","embeddable":true,"href":"https:\/\/apiobi.com\/es\/wp-json\/wp\/v2\/product_tag?post=588"}],"curies":[{"name":"wp","href":"https:\/\/api.w.org\/{rel}","templated":true}]}}