{"id":569,"date":"2026-03-02T10:08:31","date_gmt":"2026-03-02T10:08:31","guid":{"rendered":"https:\/\/apiobi.com\/?post_type=product&#038;p=569"},"modified":"2026-04-01T07:58:59","modified_gmt":"2026-04-01T07:58:59","slug":"presse-pour-fabriquer-des-boules-damorce-bait-ball-press-o20-mm-peche-carpe-print-in-place-bbp20","status":"publish","type":"product","link":"https:\/\/apiobi.com\/es\/boutique\/modeles-3d\/outdoor-sport\/peche-3dpecheur\/peche-carpe\/presse-pour-fabriquer-des-boules-damorce-bait-ball-press-o20-mm-peche-carpe-print-in-place-bbp20\/","title":{"rendered":"Prensa para bolas de cebo - BAIT BALL PRESS \u00d820 mm | Pesca de la carpa | Impresi\u00f3n en el lugar - BBP20"},"content":{"rendered":"<p data-start=\"64\" data-end=\"207\"><strong data-start=\"64\" data-end=\"149\">Presse pour fabriquer des boules d\u2019amorce de diam\u00e8tre 20 mm pour carpes et poissons blancs.<\/strong><br data-start=\"149\" data-end=\"152\" \/>Le design de cette <strong data-start=\"171\" data-end=\"190\">presse \u00e0 boules<\/strong> a \u00e9t\u00e9 \u00e9tudi\u00e9 :<\/p>\n<ul data-start=\"208\" data-end=\"406\">\n<li data-start=\"208\" data-end=\"256\">\n<p data-start=\"210\" data-end=\"256\">pour \u00eatre <strong data-start=\"220\" data-end=\"240\">imprimable en 3D<\/strong>, m\u00eame en PETG<\/p>\n<\/li>\n<li data-start=\"257\" data-end=\"281\">\n<p data-start=\"259\" data-end=\"281\">pour \u00eatre <strong data-start=\"269\" data-end=\"279\">solide<\/strong><\/p>\n<\/li>\n<li data-start=\"282\" data-end=\"372\">\n<p data-start=\"284\" data-end=\"372\">pour <strong data-start=\"289\" data-end=\"321\">r\u00e9sister \u00e0 la forte pression<\/strong> exerc\u00e9e par les mains de p\u00eacheurs impatients<\/p>\n<\/li>\n<li data-start=\"373\" data-end=\"406\">\n<p data-start=\"375\" data-end=\"406\">pour <strong data-start=\"380\" data-end=\"406\">fabriquer des boules !<\/strong><\/p>\n<\/li>\n<\/ul>\n<p data-start=\"408\" data-end=\"597\">J\u2019utilise \u00e9galement cet outil pour pr\u00e9parer des aliments, friandises et recettes enrichies en vitamines pour <strong data-start=\"517\" data-end=\"596\">prendre soin de mes plus grosses carpes ko\u00ef et des plus gros poissons de mes bassins<\/strong>.<\/p>\n<p data-start=\"599\" data-end=\"774\">Elle est imprim\u00e9e en seulement <strong data-start=\"630\" data-end=\"643\">2 parties<\/strong>, chacune incluant un <strong data-start=\"665\" data-end=\"709\">m\u00e9canisme int\u00e9gr\u00e9 de pression\/\u00e9jection de la boule<\/strong>.<br data-start=\"710\" data-end=\"713\" \/>Ainsi, elle peut \u00eatre imprim\u00e9e en 3D en <strong data-start=\"753\" data-end=\"773\">\u201cprint in place\u201d<\/strong>.<\/p>\n<p data-start=\"776\" data-end=\"1055\">Mes mod\u00e8les sont con\u00e7us pour l\u2019impression FDM 3D. Ils sont con\u00e7us pour <strong data-start=\"847\" data-end=\"896\">r\u00e9pondre aux besoins sp\u00e9cifiques des p\u00eacheurs<\/strong>. Ils sont <strong data-start=\"907\" data-end=\"983\">con\u00e7us, imprim\u00e9s et test\u00e9s plusieurs fois en conditions r\u00e9elles de p\u00eache<\/strong> jusqu\u2019\u00e0 obtenir des r\u00e9sultats optimaux. Ce qui est partag\u00e9 fonctionne !<\/p>","protected":false},"excerpt":{"rendered":"<p>Pressez des boules d&#8217;amorce de diam\u00e8tre 20mm \u00e0 partir de farines ou encore de pellets humidifi\u00e9s.<\/p>","protected":false},"featured_media":571,"comment_status":"open","ping_status":"closed","template":"","meta":{"_themeisle_gutenberg_block_has_review":false},"product_brand":[303,302],"product_cat":[130,136,150],"product_tag":[238,60,364,371,370,237,369,379,368,356,360,373,305,321,377,358,359,351,304,367,357,365,362,375,372,378,376,231,330,366,361,374,197,363],"class_list":{"0":"post-569","1":"product","2":"type-product","3":"status-publish","4":"has-post-thumbnail","6":"product_brand-3dpecheur","7":"product_brand-apiobi","8":"product_cat-modeles-3d","9":"product_cat-peche-3dpecheur","10":"product_cat-peche-carpe","11":"product_tag-3dpecheur","12":"product_tag-accessoire","13":"product_tag-accessorie","14":"product_tag-alimentation","15":"product_tag-amorce","16":"product_tag-apiobi","17":"product_tag-appat","18":"product_tag-aquaculture","19":"product_tag-aquarium","20":"product_tag-bait","21":"product_tag-ball","22":"product_tag-boule","23":"product_tag-carp","24":"product_tag-carpe","25":"product_tag-etang","26":"product_tag-feed","27":"product_tag-feeding","28":"product_tag-fisherman","29":"product_tag-fishing","30":"product_tag-food","31":"product_tag-groundbait","32":"product_tag-koi","33":"product_tag-mold","34":"product_tag-moule","35":"product_tag-nourrissage","36":"product_tag-nourriture","37":"product_tag-outil","38":"product_tag-peche","39":"product_tag-pecheur","40":"product_tag-pond","41":"product_tag-press","42":"product_tag-presse","43":"product_tag-stl","44":"product_tag-tool","46":"first","47":"instock","48":"downloadable","49":"virtual","50":"sold-individually","51":"purchasable","52":"product-type-simple"},"_links":{"self":[{"href":"https:\/\/apiobi.com\/es\/wp-json\/wp\/v2\/product\/569","targetHints":{"allow":["GET"]}}],"collection":[{"href":"https:\/\/apiobi.com\/es\/wp-json\/wp\/v2\/product"}],"about":[{"href":"https:\/\/apiobi.com\/es\/wp-json\/wp\/v2\/types\/product"}],"replies":[{"embeddable":true,"href":"https:\/\/apiobi.com\/es\/wp-json\/wp\/v2\/comments?post=569"}],"wp:featuredmedia":[{"embeddable":true,"href":"https:\/\/apiobi.com\/es\/wp-json\/wp\/v2\/media\/571"}],"wp:attachment":[{"href":"https:\/\/apiobi.com\/es\/wp-json\/wp\/v2\/media?parent=569"}],"wp:term":[{"taxonomy":"product_brand","embeddable":true,"href":"https:\/\/apiobi.com\/es\/wp-json\/wp\/v2\/product_brand?post=569"},{"taxonomy":"product_cat","embeddable":true,"href":"https:\/\/apiobi.com\/es\/wp-json\/wp\/v2\/product_cat?post=569"},{"taxonomy":"product_tag","embeddable":true,"href":"https:\/\/apiobi.com\/es\/wp-json\/wp\/v2\/product_tag?post=569"}],"curies":[{"name":"wp","href":"https:\/\/api.w.org\/{rel}","templated":true}]}}