{"id":539,"date":"2026-03-02T07:40:29","date_gmt":"2026-03-02T07:40:29","guid":{"rendered":"https:\/\/apiobi.com\/?post_type=product&#038;p=539"},"modified":"2026-04-01T07:57:45","modified_gmt":"2026-04-01T07:57:45","slug":"support-arriere-de-canne-butt-cup-peche-carpe-pour-rod-pod-sky-pod","status":"publish","type":"product","link":"https:\/\/apiobi.com\/es\/boutique\/modeles-3d\/outdoor-sport\/peche-3dpecheur\/peche-carpe\/support-arriere-de-canne-butt-cup-peche-carpe-pour-rod-pod-sky-pod\/","title":{"rendered":"Cantonera | Pesca CARP | Soporte de ca\u00f1a - Sky pod"},"content":{"rendered":"<h4 data-start=\"110\" data-end=\"176\">\ud83c\udfa3 <strong data-start=\"113\" data-end=\"174\">Butt Cup pour Sky Pod \u2013 Id\u00e9al pour la p\u00eache \u201ccanne haute\u201d<\/strong><\/h4>\n<p data-start=\"178\" data-end=\"520\">Cette coupelle arri\u00e8re <strong data-start=\"181\" data-end=\"193\">butt cup<\/strong> a \u00e9t\u00e9 sp\u00e9cialement con\u00e7ue pour les p\u00eacheurs qui souhaitent maintenir leurs cannes en position haute, ou chaque fois qu\u2019il est n\u00e9cessaire de <strong data-start=\"333\" data-end=\"377\">garder un maximum de ligne hors de l\u2019eau<\/strong>.<br data-start=\"378\" data-end=\"381\" \/>Sa g\u00e9om\u00e9trie profonde et stable assure un maintien optimal du talon de la canne, m\u00eame lors de sessions vent\u00e9es ou sur terrains irr\u00e9guliers.<\/p>\n<h5 data-start=\"522\" data-end=\"546\"><strong data-start=\"522\" data-end=\"544\">Caract\u00e9ristiques :<\/strong><\/h5>\n<ul data-start=\"547\" data-end=\"906\">\n<li data-start=\"547\" data-end=\"698\">\n<p data-start=\"549\" data-end=\"698\">\ud83d\udd29 <strong data-start=\"552\" data-end=\"579\">Filetage universel 3\/8&#8243;<\/strong> \u2013 compatible avec la majorit\u00e9 des sky pods rod pods du march\u00e9, avec <strong data-start=\"652\" data-end=\"695\">tol\u00e9rance d\u00e9j\u00e0 int\u00e9gr\u00e9e pour l\u2019impression 3D<\/strong>.<\/p>\n<\/li>\n<li data-start=\"699\" data-end=\"760\">\n<p data-start=\"701\" data-end=\"760\">\ud83e\udde9 Conception robuste et optimis\u00e9e pour l\u2019impression FDM.<\/p>\n<\/li>\n<li data-start=\"761\" data-end=\"906\">\n<p data-start=\"763\" data-end=\"906\">\ud83c\udfa3 Parfait pour les p\u00eaches n\u00e9cessitant une \u00e9l\u00e9vation importante des cannes (grands lacs, rivi\u00e8res puissantes, p\u00eache \u00e0 longue distance, etc.).<\/p>\n<\/li>\n<\/ul>","protected":false},"excerpt":{"rendered":"<p>Support coupelle 3Dpecheur pour imprimante 3D, pour loger le talon de votre canne sur votre sky pod.<\/p>","protected":false},"featured_media":540,"comment_status":"open","ping_status":"closed","template":"","meta":{"_themeisle_gutenberg_block_has_review":false},"product_brand":[303,302],"product_cat":[130,136,150],"product_tag":[320,238,196,237,344,307,310,305,315,321,316,323,342,313,322,304,312,230,309,308,327,329,332,333,318,231,331,328,330,326,311,306,314,343,317,197,324,325,319],"class_list":{"0":"post-539","1":"product","2":"type-product","3":"status-publish","4":"has-post-thumbnail","6":"product_brand-3dpecheur","7":"product_brand-apiobi","8":"product_cat-modeles-3d","9":"product_cat-peche-3dpecheur","10":"product_cat-peche-carpe","11":"product_tag-3d-model","12":"product_tag-3dpecheur","13":"product_tag-3dprint","14":"product_tag-apiobi","15":"product_tag-butt-cup","16":"product_tag-butt-rest","17":"product_tag-buzzbar","18":"product_tag-carp","19":"product_tag-carp-tackle","20":"product_tag-carpe","21":"product_tag-coarse-fishing","22":"product_tag-coup","23":"product_tag-coupelle","24":"product_tag-diy-fishing","25":"product_tag-feeder","26":"product_tag-fishing","27":"product_tag-fishing-gear","28":"product_tag-impression-3d","29":"product_tag-large-rest","30":"product_tag-lotus-rest","31":"product_tag-materiel-de-peche","32":"product_tag-materiel-de-peche-a-la-carpe","33":"product_tag-materiel-diy","34":"product_tag-modele-3d","35":"product_tag-night-fishing","36":"product_tag-peche","37":"product_tag-peche-de-nuit","38":"product_tag-peche-diy","39":"product_tag-pecheur","40":"product_tag-repose-canne-a-peche","41":"product_tag-rod-pod","42":"product_tag-rod-rest","43":"product_tag-rod-support","44":"product_tag-sky-pod","45":"product_tag-specimen-fishing","46":"product_tag-stl","47":"product_tag-support-de-canne","48":"product_tag-support-lotus","49":"product_tag-tackle-diy","51":"first","52":"instock","53":"downloadable","54":"virtual","55":"sold-individually","56":"purchasable","57":"product-type-simple"},"_links":{"self":[{"href":"https:\/\/apiobi.com\/es\/wp-json\/wp\/v2\/product\/539","targetHints":{"allow":["GET"]}}],"collection":[{"href":"https:\/\/apiobi.com\/es\/wp-json\/wp\/v2\/product"}],"about":[{"href":"https:\/\/apiobi.com\/es\/wp-json\/wp\/v2\/types\/product"}],"replies":[{"embeddable":true,"href":"https:\/\/apiobi.com\/es\/wp-json\/wp\/v2\/comments?post=539"}],"wp:featuredmedia":[{"embeddable":true,"href":"https:\/\/apiobi.com\/es\/wp-json\/wp\/v2\/media\/540"}],"wp:attachment":[{"href":"https:\/\/apiobi.com\/es\/wp-json\/wp\/v2\/media?parent=539"}],"wp:term":[{"taxonomy":"product_brand","embeddable":true,"href":"https:\/\/apiobi.com\/es\/wp-json\/wp\/v2\/product_brand?post=539"},{"taxonomy":"product_cat","embeddable":true,"href":"https:\/\/apiobi.com\/es\/wp-json\/wp\/v2\/product_cat?post=539"},{"taxonomy":"product_tag","embeddable":true,"href":"https:\/\/apiobi.com\/es\/wp-json\/wp\/v2\/product_tag?post=539"}],"curies":[{"name":"wp","href":"https:\/\/api.w.org\/{rel}","templated":true}]}}