{"id":525,"date":"2026-03-02T06:51:54","date_gmt":"2026-03-02T06:51:54","guid":{"rendered":"https:\/\/apiobi.com\/?post_type=product&#038;p=525"},"modified":"2026-04-01T07:57:01","modified_gmt":"2026-04-01T07:57:01","slug":"cavalier-kits-protege-elastique-2-9mm-max-top-kit-rig-clip-fishing-coup-carpodrome-tkrc029","status":"publish","type":"product","link":"https:\/\/apiobi.com\/es\/boutique\/modeles-3d\/outdoor-sport\/peche-3dpecheur\/peche-carpe\/cavalier-kits-protege-elastique-2-9mm-max-top-kit-rig-clip-fishing-coup-carpodrome-tkrc029\/","title":{"rendered":"Top kit rig clip | \u22052.9 mm max | TKRC029"},"content":{"rendered":"<p><strong>Jumper para proteger sus bandas el\u00e1sticas de hasta 2,9 mm al plegar su kit.<\/strong><\/p>\n<ul>\n<li>Piernas largas para un ajuste perfecto.<\/li>\n<li>El dise\u00f1o de las ranuras garantiza una buena protecci\u00f3n del el\u00e1stico.<\/li>\n<li>El clip se coloca plano sobre las secciones del kit para garantizar un buen contacto plano.<\/li>\n<\/ul>","protected":false},"excerpt":{"rendered":"<p>Jinete el\u00e1stico de 2,9 mm - modelo imprimible en 3D de alta calidad<\/p>","protected":false},"featured_media":530,"comment_status":"open","ping_status":"closed","template":"","meta":{"_themeisle_gutenberg_block_has_review":false},"product_brand":[303,302],"product_cat":[130,136,150],"product_tag":[320,238,196,60,237,307,310,305,315,321,335,341,316,334,323,313,336,322,304,312,230,337,338,309,308,327,329,332,333,318,231,331,328,330,326,339,311,306,314,317,197,324,325,319,340],"class_list":{"0":"post-525","1":"product","2":"type-product","3":"status-publish","4":"has-post-thumbnail","6":"product_brand-3dpecheur","7":"product_brand-apiobi","8":"product_cat-modeles-3d","9":"product_cat-peche-3dpecheur","10":"product_cat-peche-carpe","11":"product_tag-3d-model","12":"product_tag-3dpecheur","13":"product_tag-3dprint","14":"product_tag-accessoire","15":"product_tag-apiobi","16":"product_tag-butt-rest","17":"product_tag-buzzbar","18":"product_tag-carp","19":"product_tag-carp-tackle","20":"product_tag-carpe","21":"product_tag-cavalier","22":"product_tag-clip","23":"product_tag-coarse-fishing","24":"product_tag-corpodrome","25":"product_tag-coup","26":"product_tag-diy-fishing","27":"product_tag-elastique","28":"product_tag-feeder","29":"product_tag-fishing","30":"product_tag-fishing-gear","31":"product_tag-impression-3d","32":"product_tag-kit","33":"product_tag-kits","34":"product_tag-large-rest","35":"product_tag-lotus-rest","36":"product_tag-materiel-de-peche","37":"product_tag-materiel-de-peche-a-la-carpe","38":"product_tag-materiel-diy","39":"product_tag-modele-3d","40":"product_tag-night-fishing","41":"product_tag-peche","42":"product_tag-peche-de-nuit","43":"product_tag-peche-diy","44":"product_tag-pecheur","45":"product_tag-repose-canne-a-peche","46":"product_tag-rig","47":"product_tag-rod-pod","48":"product_tag-rod-rest","49":"product_tag-rod-support","50":"product_tag-specimen-fishing","51":"product_tag-stl","52":"product_tag-support-de-canne","53":"product_tag-support-lotus","54":"product_tag-tackle-diy","55":"product_tag-top","57":"first","58":"instock","59":"downloadable","60":"virtual","61":"sold-individually","62":"purchasable","63":"product-type-simple"},"_links":{"self":[{"href":"https:\/\/apiobi.com\/es\/wp-json\/wp\/v2\/product\/525","targetHints":{"allow":["GET"]}}],"collection":[{"href":"https:\/\/apiobi.com\/es\/wp-json\/wp\/v2\/product"}],"about":[{"href":"https:\/\/apiobi.com\/es\/wp-json\/wp\/v2\/types\/product"}],"replies":[{"embeddable":true,"href":"https:\/\/apiobi.com\/es\/wp-json\/wp\/v2\/comments?post=525"}],"wp:featuredmedia":[{"embeddable":true,"href":"https:\/\/apiobi.com\/es\/wp-json\/wp\/v2\/media\/530"}],"wp:attachment":[{"href":"https:\/\/apiobi.com\/es\/wp-json\/wp\/v2\/media?parent=525"}],"wp:term":[{"taxonomy":"product_brand","embeddable":true,"href":"https:\/\/apiobi.com\/es\/wp-json\/wp\/v2\/product_brand?post=525"},{"taxonomy":"product_cat","embeddable":true,"href":"https:\/\/apiobi.com\/es\/wp-json\/wp\/v2\/product_cat?post=525"},{"taxonomy":"product_tag","embeddable":true,"href":"https:\/\/apiobi.com\/es\/wp-json\/wp\/v2\/product_tag?post=525"}],"curies":[{"name":"wp","href":"https:\/\/api.w.org\/{rel}","templated":true}]}}