{"id":511,"date":"2026-03-02T06:27:05","date_gmt":"2026-03-02T06:27:05","guid":{"rendered":"https:\/\/apiobi.com\/?post_type=product&#038;p=511"},"modified":"2026-04-01T07:42:03","modified_gmt":"2026-04-01T07:42:03","slug":"support-de-canne-lotus-taille-medium-repose-canne-3dpecheur","status":"publish","type":"product","link":"https:\/\/apiobi.com\/es\/boutique\/modeles-3d\/outdoor-sport\/peche-3dpecheur\/peche-carpe\/support-de-canne-lotus-taille-medium-repose-canne-3dpecheur\/","title":{"rendered":"Bastonera \u2018Lotus\u2019 | Tama\u00f1o MEDIO | Bastonera 3Dpecheur"},"content":{"rendered":"<h4>Support de canne &#8216;LOTUS&#8217; taille medium \u2013 Accessoire de p\u00eache 3D original, con\u00e7u par un p\u00eacheur exp\u00e9riment\u00e9. Mod\u00e8le imprimable en FDM.<\/h4>\n<p>Apr\u00e8s le mod\u00e8le Lotus en version large, voici le <strong>Medium <\/strong>con\u00e7u par apiobi \u2013 la plateforme ind\u00e9pendante de r\u00e9f\u00e9rence d\u00e9di\u00e9e aux <strong>mod\u00e8les d\u2019impression 3D pour la p\u00eache<\/strong>.<br \/>\nCe mod\u00e8le polyvalent, inspir\u00e9 d\u2019un design en tulipe, s\u2019adapte \u00e0 un large \u00e9ventail de diam\u00e8tres de talons de cannes.<\/p>\n<h5><strong>Caract\u00e9ristiques :<\/strong><\/h5>\n<ul>\n<li><strong>Hauteur (filetage inclus) :<\/strong> 90 mm<\/li>\n<li><strong>Largeur :<\/strong> 47 mm<\/li>\n<li><strong>Filetage universel 3\/8&#8243;<\/strong> (avec tol\u00e9rance pour impression 3D)<\/li>\n<li><strong>Maillage pr\u00e9cis, sans facettisation<\/strong><\/li>\n<\/ul>\n<h5><strong>Con\u00e7u pour l\u2019impression 3D FDM :<\/strong><br \/>\nTous les mod\u00e8les 3Dpecheur sont <strong>originaux, test\u00e9s en conditions r\u00e9elles de p\u00eache<\/strong> et optimis\u00e9s pour l\u2019impression. On est loin des gadgets g\u00e9n\u00e9riques : ce sont de <strong>v\u00e9ritables accessoires fonctionnels<\/strong>, cr\u00e9\u00e9s par un p\u00eacheur avec plus de 40 ans de pratique.<\/h5>\n<p>\u2705 <strong>Filetage universel 3\/8&#8243; exact<\/strong>, compatible avec la majorit\u00e9 des rodpods, buzz bars, etc., avec tol\u00e9rances d\u2019impression int\u00e9gr\u00e9es<br \/>\n\u2705 <strong>Fiable et fonctionnel<\/strong>, aucun compromis<br \/>\n\u2705 <strong>T\u00e9l\u00e9chargement et impression illimit\u00e9s pour usage personnel<\/strong><br \/>\n\u2705 <strong>Designs originaux<\/strong>, pas de copies, pens\u00e9s pour la praticit\u00e9 et la durabilit\u00e9<\/p>\n<p>\ud83c\udfa3 Profitez de la satisfaction unique de prendre du poisson avec un <strong>accessoire DIY que vous avez imprim\u00e9 vous-m\u00eame<\/strong> !<\/p>","protected":false},"excerpt":{"rendered":"<p>Support de canne &#8216;LOTUS&#8217; taille medium \u2013 Accessoire de p\u00eache 3D original PREMIUM &#8211; Mod\u00e8le imprimable 3D.<\/p>","protected":false},"featured_media":517,"comment_status":"open","ping_status":"closed","template":"","meta":{"_themeisle_gutenberg_block_has_review":false},"product_brand":[303,302],"product_cat":[130,136,150],"product_tag":[320,238,196,237,307,310,305,315,321,316,323,313,322,304,312,230,309,308,327,329,332,333,318,231,331,328,330,326,311,306,314,317,197,324,325,319],"class_list":{"0":"post-511","1":"product","2":"type-product","3":"status-publish","4":"has-post-thumbnail","6":"product_brand-3dpecheur","7":"product_brand-apiobi","8":"product_cat-modeles-3d","9":"product_cat-peche-3dpecheur","10":"product_cat-peche-carpe","11":"product_tag-3d-model","12":"product_tag-3dpecheur","13":"product_tag-3dprint","14":"product_tag-apiobi","15":"product_tag-butt-rest","16":"product_tag-buzzbar","17":"product_tag-carp","18":"product_tag-carp-tackle","19":"product_tag-carpe","20":"product_tag-coarse-fishing","21":"product_tag-coup","22":"product_tag-diy-fishing","23":"product_tag-feeder","24":"product_tag-fishing","25":"product_tag-fishing-gear","26":"product_tag-impression-3d","27":"product_tag-large-rest","28":"product_tag-lotus-rest","29":"product_tag-materiel-de-peche","30":"product_tag-materiel-de-peche-a-la-carpe","31":"product_tag-materiel-diy","32":"product_tag-modele-3d","33":"product_tag-night-fishing","34":"product_tag-peche","35":"product_tag-peche-de-nuit","36":"product_tag-peche-diy","37":"product_tag-pecheur","38":"product_tag-repose-canne-a-peche","39":"product_tag-rod-pod","40":"product_tag-rod-rest","41":"product_tag-rod-support","42":"product_tag-specimen-fishing","43":"product_tag-stl","44":"product_tag-support-de-canne","45":"product_tag-support-lotus","46":"product_tag-tackle-diy","48":"first","49":"instock","50":"downloadable","51":"virtual","52":"sold-individually","53":"purchasable","54":"product-type-simple"},"_links":{"self":[{"href":"https:\/\/apiobi.com\/es\/wp-json\/wp\/v2\/product\/511","targetHints":{"allow":["GET"]}}],"collection":[{"href":"https:\/\/apiobi.com\/es\/wp-json\/wp\/v2\/product"}],"about":[{"href":"https:\/\/apiobi.com\/es\/wp-json\/wp\/v2\/types\/product"}],"replies":[{"embeddable":true,"href":"https:\/\/apiobi.com\/es\/wp-json\/wp\/v2\/comments?post=511"}],"wp:featuredmedia":[{"embeddable":true,"href":"https:\/\/apiobi.com\/es\/wp-json\/wp\/v2\/media\/517"}],"wp:attachment":[{"href":"https:\/\/apiobi.com\/es\/wp-json\/wp\/v2\/media?parent=511"}],"wp:term":[{"taxonomy":"product_brand","embeddable":true,"href":"https:\/\/apiobi.com\/es\/wp-json\/wp\/v2\/product_brand?post=511"},{"taxonomy":"product_cat","embeddable":true,"href":"https:\/\/apiobi.com\/es\/wp-json\/wp\/v2\/product_cat?post=511"},{"taxonomy":"product_tag","embeddable":true,"href":"https:\/\/apiobi.com\/es\/wp-json\/wp\/v2\/product_tag?post=511"}],"curies":[{"name":"wp","href":"https:\/\/api.w.org\/{rel}","templated":true}]}}