{"id":506,"date":"2026-02-28T17:22:30","date_gmt":"2026-02-28T17:22:30","guid":{"rendered":"https:\/\/apiobi.com\/?post_type=product&#038;p=506"},"modified":"2026-03-05T11:53:13","modified_gmt":"2026-03-05T11:53:13","slug":"support-mural-pour-horloge-thermometre-hygrometre-moniteur-multifonction-support-mural-pour-capteur-de-temperature-et-dhumidite-interieur","status":"publish","type":"product","link":"https:\/\/apiobi.com\/es\/boutique\/modeles-3d\/maison-deco-bien-etre\/support-mural-pour-horloge-thermometre-hygrometre-moniteur-multifonction-support-mural-pour-capteur-de-temperature-et-dhumidite-interieur\/","title":{"rendered":"Soporte de pared para reloj \/ term\u00f3metro \/ higr\u00f3metro \/ monitor multifunci\u00f3n | Soporte de pared para sensor de temperatura y humedad interior"},"content":{"rendered":"<p><strong>Con\u00e7u par Apiobi pour la maison, les bricoleurs, les propri\u00e9taires de camping-cars et les utilisateurs de serres \u2014\u00a0 support mural robuste, pr\u00e9cis et facile \u00e0 imprimer 3D.<\/strong><\/p>\n<p>&nbsp;<\/p>\n<hr \/>\n<h5>\ud83c\udf21\ufe0f Un accessoire pratique qui a enfin un vrai support!<\/h5>\n<p>Si vous poss\u00e9dez ce <strong>petit moniteur qui affiche l\u2019heure, la temp\u00e9rature et l\u2019humidit\u00e9<\/strong>, vous savez d\u00e9j\u00e0 \u00e0 quel point il est utile \u2014 mais aussi \u00e0 quel point il peut \u00eatre <strong>difficile \u00e0 fixer<\/strong> correctement dans une maison, une serre ou un v\u00e9hicule r\u00e9cr\u00e9atif.<\/p>\n<p>Cet appareil compact, disponible en <strong>blanc ou noir<\/strong> (81 \u00d7 71 \u00d7 10 mm, avec un \u00e9cran LCD de 3,2&#8243;), est extr\u00eamement populaire car il est <strong>fiable, pr\u00e9cis et peu co\u00fbteux<\/strong> (moins de 10 \u20ac).<br \/>\nIl est souvent utilis\u00e9 par les <strong>propri\u00e9taires de camping-cars et les bricoleurs<\/strong>, et je l\u2019ai personnellement retrouv\u00e9 install\u00e9 dans plus d\u2019un camping-car d\u2019occasion que j\u2019ai visit\u00e9.<\/p>\n<p>Pendant longtemps, j\u2019ai pens\u00e9 qu\u2019il s\u2019agissait d\u2019un accessoire <strong>TRUMA<\/strong>, tant son design, ses couleurs et son \u00e9cran s\u2019accordent parfaitement avec leurs panneaux de contr\u00f4le chauffage\/eau.<br \/>\nMais ce n\u2019est pas le cas ! Dommage \u2014 il aurait \u00e9t\u00e9 le compagnon portable id\u00e9al avec une sonde int\u00e9gr\u00e9e. Mais comme souvent, <strong>les ing\u00e9nieurs ne sont pas toujours les utilisateurs finaux<\/strong> \ud83d\ude09<\/p>\n<hr \/>\n<h5>\ud83e\udde9 Mon support mural 3D personnalis\u00e9<\/h5>\n<p>Pour r\u00e9soudre ce probl\u00e8me, j\u2019ai con\u00e7u un <strong>support mural d\u00e9di\u00e9<\/strong> qui compl\u00e8te le style du moniteur et am\u00e9liore son utilisation.<\/p>\n<p>Caract\u00e9ristiques principales :<\/p>\n<ul>\n<li><strong>A\u00e9rations lat\u00e9rales et inf\u00e9rieures<\/strong> pour am\u00e9liorer la circulation d\u2019air et garantir des <strong>mesures de temp\u00e9rature et d\u2019humidit\u00e9 plus pr\u00e9cises<\/strong>.<\/li>\n<li><strong>D\u00e9gagement pour le bouton de r\u00e9glage de l\u2019heure<\/strong>, enti\u00e8rement accessible et sans contact direct.<\/li>\n<li><strong>Design propre et compact<\/strong>, en parfaite harmonie avec le bo\u00eetier d\u2019origine du capteur.<\/li>\n<\/ul>\n<hr \/>\n<h5>\ud83d\udd27 Deux versions incluses<\/h5>\n<p>1\ufe0f\u20e3 <strong>Version adh\u00e9sive<\/strong> \u2014 con\u00e7ue pour \u00eatre install\u00e9e facilement avec du <strong>ruban double-face<\/strong>.<br \/>\n2\ufe0f\u20e3 <strong>Version \u00e0 visser<\/strong> \u2014 avec <strong>deux trous<\/strong> permettant un <strong>r\u00e9glage horizontal et vertical<\/strong> pour un positionnement pr\u00e9cis au mur.<\/p>\n<hr \/>\n<h5>\ud83d\ude90 Utilisation au quotidien<\/h5>\n<p>Apr\u00e8s avoir imprim\u00e9 deux supports, je peux d\u00e9sormais d\u00e9placer mon moniteur <strong>entre la chambre et le salon<\/strong> de mon camping-car selon mes besoins.<br \/>\nJe pr\u00e9vois aussi d\u2019en installer quelques-uns \u00e0 la maison \u2014 <strong>simple, efficace et propre<\/strong> !<\/p>\n<hr \/>","protected":false},"excerpt":{"rendered":"<p>Support mural imprimable en 3D pour horloge, thermom\u00e8tre et hygrom\u00e8tre d\u2019int\u00e9rieur.<\/p>","protected":false},"featured_media":510,"comment_status":"open","ping_status":"closed","template":"","meta":{"_themeisle_gutenberg_block_has_review":false},"product_brand":[302],"product_cat":[134,142,144,130,162],"product_tag":[290,296,237,289,32,293,292,299,294,287,230,295,297,301,298,300,291,286,288],"class_list":{"0":"post-506","1":"product","2":"type-product","3":"status-publish","4":"has-post-thumbnail","6":"product_brand-apiobi","7":"product_cat-campingcar-vanlife","8":"product_cat-jardinage","9":"product_cat-maison-deco-bien-etre","10":"product_cat-modeles-3d","11":"product_cat-vie-a-bord","12":"product_tag-accessoire-pour-camping-car","13":"product_tag-accessoire-pour-la-maison","14":"product_tag-apiobi","15":"product_tag-bricolage","16":"product_tag-camping-car","17":"product_tag-capteur-dhumidite","18":"product_tag-capteur-de-temperature","19":"product_tag-climat-interieur","20":"product_tag-ecran-lcd","21":"product_tag-hygrometre","22":"product_tag-impression-3d","23":"product_tag-impression-petg","24":"product_tag-imprimable-en-3d","25":"product_tag-maison-intelligente","26":"product_tag-modele-stl","27":"product_tag-projet-de-fabrication","28":"product_tag-serre","29":"product_tag-support-mural","30":"product_tag-thermometre","32":"first","33":"instock","34":"downloadable","35":"virtual","36":"sold-individually","37":"purchasable","38":"product-type-simple"},"_links":{"self":[{"href":"https:\/\/apiobi.com\/es\/wp-json\/wp\/v2\/product\/506","targetHints":{"allow":["GET"]}}],"collection":[{"href":"https:\/\/apiobi.com\/es\/wp-json\/wp\/v2\/product"}],"about":[{"href":"https:\/\/apiobi.com\/es\/wp-json\/wp\/v2\/types\/product"}],"replies":[{"embeddable":true,"href":"https:\/\/apiobi.com\/es\/wp-json\/wp\/v2\/comments?post=506"}],"wp:featuredmedia":[{"embeddable":true,"href":"https:\/\/apiobi.com\/es\/wp-json\/wp\/v2\/media\/510"}],"wp:attachment":[{"href":"https:\/\/apiobi.com\/es\/wp-json\/wp\/v2\/media?parent=506"}],"wp:term":[{"taxonomy":"product_brand","embeddable":true,"href":"https:\/\/apiobi.com\/es\/wp-json\/wp\/v2\/product_brand?post=506"},{"taxonomy":"product_cat","embeddable":true,"href":"https:\/\/apiobi.com\/es\/wp-json\/wp\/v2\/product_cat?post=506"},{"taxonomy":"product_tag","embeddable":true,"href":"https:\/\/apiobi.com\/es\/wp-json\/wp\/v2\/product_tag?post=506"}],"curies":[{"name":"wp","href":"https:\/\/api.w.org\/{rel}","templated":true}]}}