{"id":501,"date":"2026-02-28T16:48:48","date_gmt":"2026-02-28T16:48:48","guid":{"rendered":"https:\/\/apiobi.com\/?post_type=product&#038;p=501"},"modified":"2026-03-05T11:53:13","modified_gmt":"2026-03-05T11:53:13","slug":"raccord-y-de-tuyau-diametre-20mm-3-4-pouce-connecteur-de-tuyau-3-voies-pour-liquide-y001-20","status":"publish","type":"product","link":"https:\/\/apiobi.com\/es\/boutique\/modeles-3d\/jardinage\/raccord-y-de-tuyau-diametre-20mm-3-4-pouce-connecteur-de-tuyau-3-voies-pour-liquide-y001-20\/","title":{"rendered":"Conector de manguera en Y de 20 mm de di\u00e1metro (3\/4 de pulgada) | Conector de manguera de 3 v\u00edas para l\u00edquido | Y001-20"},"content":{"rendered":"<p><strong>Raccord cannel\u00e9 en \u00ab Y \u00bb diam\u00e8tre 20mm pour faire la jonction entre les tuyaux souples de 3\/4 pouce (20 mm) de diam\u00e8tre interne.<br \/>\nParfaitement adapt\u00e9 au jardinage, au bassin, \u00e0 l&#8217;arrosage, au circuit d&#8217;eau de camping-car, caravane, fourgon, etc.<\/strong><\/p>\n<p>Le raccord a \u00e9t\u00e9 enti\u00e8rement repens\u00e9 pour l&#8217;impression 3D.<br \/>\nLes parois ont une \u00e9paisseur d&#8217;au moins 1,8 mm, ce qui permet d&#8217;utiliser une buse de 0,6 mm et le minimum de 3 couches obligatoires pour \u00e9viter toute fuite.<br \/>\nLes mod\u00e8les photographi\u00e9s ont \u00e9t\u00e9 imprim\u00e9s en PETG, avec une buse de 0,6 mm et une qualit\u00e9 de 0,20 mm. Il est d&#8217;excellente qualit\u00e9 et, surtout, fonctionnel !<br \/>\nUne buse de 0,4 mm est \u00e9galement parfaite pour l&#8217;impression de ce raccord.<br \/>\nCe raccord n&#8217;est pas adapt\u00e9 \u00e0 la haute pression.<\/p>","protected":false},"excerpt":{"rendered":"<p>Raccord Y cannel\u00e9 pour abouter, r\u00e9parer, faire un jonction entre des tuyaux de 20mm de diam\u00e8tre interne.<\/p>","protected":false},"featured_media":503,"comment_status":"open","ping_status":"closed","template":"","meta":{"_themeisle_gutenberg_block_has_review":false},"product_brand":[302],"product_cat":[140,134,160,142,130],"product_tag":[],"class_list":{"0":"post-501","1":"product","2":"type-product","3":"status-publish","4":"has-post-thumbnail","6":"product_brand-apiobi","7":"product_cat-aquaculture-apiculture-nichoirs","8":"product_cat-campingcar-vanlife","9":"product_cat-eau-potable-eaux-grises","10":"product_cat-jardinage","11":"product_cat-modeles-3d","13":"first","14":"instock","15":"downloadable","16":"virtual","17":"sold-individually","18":"purchasable","19":"product-type-simple"},"_links":{"self":[{"href":"https:\/\/apiobi.com\/es\/wp-json\/wp\/v2\/product\/501","targetHints":{"allow":["GET"]}}],"collection":[{"href":"https:\/\/apiobi.com\/es\/wp-json\/wp\/v2\/product"}],"about":[{"href":"https:\/\/apiobi.com\/es\/wp-json\/wp\/v2\/types\/product"}],"replies":[{"embeddable":true,"href":"https:\/\/apiobi.com\/es\/wp-json\/wp\/v2\/comments?post=501"}],"wp:featuredmedia":[{"embeddable":true,"href":"https:\/\/apiobi.com\/es\/wp-json\/wp\/v2\/media\/503"}],"wp:attachment":[{"href":"https:\/\/apiobi.com\/es\/wp-json\/wp\/v2\/media?parent=501"}],"wp:term":[{"taxonomy":"product_brand","embeddable":true,"href":"https:\/\/apiobi.com\/es\/wp-json\/wp\/v2\/product_brand?post=501"},{"taxonomy":"product_cat","embeddable":true,"href":"https:\/\/apiobi.com\/es\/wp-json\/wp\/v2\/product_cat?post=501"},{"taxonomy":"product_tag","embeddable":true,"href":"https:\/\/apiobi.com\/es\/wp-json\/wp\/v2\/product_tag?post=501"}],"curies":[{"name":"wp","href":"https:\/\/api.w.org\/{rel}","templated":true}]}}