{"id":493,"date":"2026-02-27T16:19:31","date_gmt":"2026-02-27T16:19:31","guid":{"rendered":"https:\/\/apiobi.com\/?post_type=product&#038;p=493"},"modified":"2026-03-05T11:53:13","modified_gmt":"2026-03-05T11:53:13","slug":"boitier-de-protection-pour-victron-energy-mppt-75-10-75-15-regulateur-de-charge-solaire-bluesolar-smartsolar","status":"publish","type":"product","link":"https:\/\/apiobi.com\/es\/boutique\/modeles-3d\/technologie-informatique-3d\/boitier-de-protection-pour-victron-energy-mppt-75-10-75-15-regulateur-de-charge-solaire-bluesolar-smartsolar\/","title":{"rendered":"Carcasa protectora para Victron Energy MPPT 75 | 10 &amp; 75 | 15 - Regulador de carga solar BlueSolar \/ SmartSolar"},"content":{"rendered":"<p>\ud83d\udd0b <strong>Bo\u00eetier de protection ApiObi 3D STL pour Victron Energy MPPT 75 | 10 &amp; 75 | 15 (BlueSolar \/ SmartSolar)<\/strong> \u2013 Bo\u00eete de protection <strong>imprimable en 3D<\/strong> pour <strong>isoler les bornes de connexion de votre r\u00e9gulateur Victron<\/strong>. Id\u00e9al pour les installations solaires dans les camping-cars, v\u00e9hicules r\u00e9cr\u00e9atifs, caravanes, vans et syst\u00e8mes off-grid. Prot\u00e8ge toutes les connexions DC (Batterie, PV et Load) tout en gardant une installation propre et s\u00e9curis\u00e9e.<\/p>\n<h3>\u2699\ufe0f Description<\/h3>\n<p>Ce mod\u00e8le 3D reproduit la fonction du <strong>wirebox Victron<\/strong>, le bo\u00eetier de protection destin\u00e9 aux r\u00e9gulateurs MPPT 75|10 et 75|15 des s\u00e9ries BlueSolar et SmartSolar.<br \/>\nIl est compos\u00e9 de <strong>deux parties<\/strong> :<\/p>\n<ul>\n<li>le <strong>couvercle sup\u00e9rieur de protection<\/strong>,<\/li>\n<li>et la <strong>plaque de base<\/strong>, qui se place entre le r\u00e9gulateur et la surface de montage.<\/li>\n<\/ul>\n<p>Les deux pi\u00e8ces s\u2019assemblent \u00e0 l\u2019aide de <strong>deux petites vis<\/strong>, comme sur le WireBox d\u2019origine, garantissant un r\u00e9sultat propre et solide.<\/p>\n<hr \/>\n<h3>\ud83e\udde9 Protection et gestion des c\u00e2bles<\/h3>\n<p>La <strong>plaque de base du boitier Apiobi<\/strong> est con\u00e7ue pour offrir une <strong>protection robuste<\/strong> \u00e0 <strong>toutes les connexions DC<\/strong> :<\/p>\n<ul>\n<li>bornes batterie,<\/li>\n<li>entr\u00e9e panneaux solaires (PV),<\/li>\n<li>sortie Load du r\u00e9gulateur.<\/li>\n<\/ul>\n<p>Elle permet le <strong>passage et le maintien des c\u00e2bles<\/strong> sans serrage m\u00e9canique, r\u00e9duisant ainsi les contraintes sur l\u2019isolation ou les connecteurs.<\/p>\n<p>Cette conception optimis\u00e9e met l\u2019accent sur la <strong>facilit\u00e9 d\u2019installation<\/strong> et la <strong>compatibilit\u00e9 avec l\u2019impression 3D<\/strong>, tout en assurant une protection efficace des lignes DC essentielles.<\/p>\n<p>Pour plus de s\u00e9curit\u00e9, les c\u00e2bles peuvent \u00eatre <strong>fix\u00e9s avec de la colle chaude<\/strong> ou un <strong>adh\u00e9sif technique<\/strong>, particuli\u00e8rement utile sur les installations mobiles ou soumises aux vibrations \u2014 id\u00e9al pour les <strong>camping-cars, vans et syst\u00e8mes solaires autonomes<\/strong>.<\/p>\n<hr \/>\n<h3>\ud83d\ude90 Pour les vanlifers et utilisateurs off-grid<\/h3>\n<p>Les r\u00e9gulateurs solaires MPPT 75|10 et 75|15 de Victron Energy sont tr\u00e8s appr\u00e9ci\u00e9s des <strong>campers, vanlifers et utilisateurs off-grid<\/strong> pour leur fiabilit\u00e9 et leur compacit\u00e9.<br \/>\nCe boitier imprimable en 3D permet de <strong>prot\u00e9ger vos connexions<\/strong> tout en gardant une installation solaire propre et professionnelle<\/p>\n<hr \/>","protected":false},"excerpt":{"rendered":"<p><strong>Bo\u00eetier de protection ApiObi 3D STL pour Victron Energy MPPT 75 | 10 &amp; 75 | 15 (BlueSolar \/ SmartSolar)<\/strong><\/p>","protected":false},"featured_media":494,"comment_status":"open","ping_status":"closed","template":"","meta":{"_themeisle_gutenberg_block_has_review":false},"product_brand":[302],"product_cat":[148,134,130,146,162],"product_tag":[267,196,277,60,237,285,282,280,271,203,199,32,34,275,276,279,62,230,270,281,274,283,284,278,198,272,273,197,215,269,268],"class_list":{"0":"post-493","1":"product","2":"type-product","3":"status-publish","4":"has-post-thumbnail","6":"product_brand-apiobi","7":"product_cat-bricolage-atelier","8":"product_cat-campingcar-vanlife","9":"product_cat-modeles-3d","10":"product_cat-technologie-informatique-3d","11":"product_cat-vie-a-bord","12":"product_tag-3d-printable","13":"product_tag-3dprint","14":"product_tag-3dprintable","15":"product_tag-accessoire","16":"product_tag-apiobi","17":"product_tag-autonomie","18":"product_tag-autonomy","19":"product_tag-battery","20":"product_tag-bluesolar","21":"product_tag-boat","22":"product_tag-camper","23":"product_tag-camping-car","24":"product_tag-caravane","25":"product_tag-charger","26":"product_tag-controller","27":"product_tag-dc","28":"product_tag-equipement","29":"product_tag-impression-3d","30":"product_tag-mppt","31":"product_tag-offgrid","32":"product_tag-panel","33":"product_tag-panneau-solaire","34":"product_tag-photovoltaique","35":"product_tag-protection","36":"product_tag-rv","37":"product_tag-smartsolar","38":"product_tag-solar","39":"product_tag-stl","40":"product_tag-van","41":"product_tag-victron","42":"product_tag-wirebox","44":"first","45":"instock","46":"downloadable","47":"virtual","48":"sold-individually","49":"purchasable","50":"product-type-simple"},"_links":{"self":[{"href":"https:\/\/apiobi.com\/es\/wp-json\/wp\/v2\/product\/493","targetHints":{"allow":["GET"]}}],"collection":[{"href":"https:\/\/apiobi.com\/es\/wp-json\/wp\/v2\/product"}],"about":[{"href":"https:\/\/apiobi.com\/es\/wp-json\/wp\/v2\/types\/product"}],"replies":[{"embeddable":true,"href":"https:\/\/apiobi.com\/es\/wp-json\/wp\/v2\/comments?post=493"}],"wp:featuredmedia":[{"embeddable":true,"href":"https:\/\/apiobi.com\/es\/wp-json\/wp\/v2\/media\/494"}],"wp:attachment":[{"href":"https:\/\/apiobi.com\/es\/wp-json\/wp\/v2\/media?parent=493"}],"wp:term":[{"taxonomy":"product_brand","embeddable":true,"href":"https:\/\/apiobi.com\/es\/wp-json\/wp\/v2\/product_brand?post=493"},{"taxonomy":"product_cat","embeddable":true,"href":"https:\/\/apiobi.com\/es\/wp-json\/wp\/v2\/product_cat?post=493"},{"taxonomy":"product_tag","embeddable":true,"href":"https:\/\/apiobi.com\/es\/wp-json\/wp\/v2\/product_tag?post=493"}],"curies":[{"name":"wp","href":"https:\/\/api.w.org\/{rel}","templated":true}]}}