{"id":453,"date":"2026-02-27T13:29:26","date_gmt":"2026-02-27T13:29:26","guid":{"rendered":"https:\/\/apiobi.com\/?post_type=product&#038;p=453"},"modified":"2026-03-05T11:52:27","modified_gmt":"2026-03-05T11:52:27","slug":"poignee-ronde-pour-vanne-a-guillotine-fap-piece-detachee-pour-reservoir-deaux-usees-de-camping-car-caravane-van-faha001","status":"publish","type":"product","link":"https:\/\/apiobi.com\/es\/boutique\/modeles-3d\/campingcar-vanlife\/eau-potable-eaux-grises\/poignee-ronde-pour-vanne-a-guillotine-fap-piece-detachee-pour-reservoir-deaux-usees-de-camping-car-caravane-van-faha001\/","title":{"rendered":"Maneta redonda para v\u00e1lvula de guillotina FAP | Pieza de recambio para dep\u00f3sito de aguas residuales para autocaravana, caravana, furgoneta | FAHA001"},"content":{"rendered":"<p>J&#8217;ai con\u00e7u cette poign\u00e9e ronde de style &#8220;parisien&#8221; pour remplacer la poign\u00e9e d&#8217;origine d&#8217;une vanne \u00e0 guillotine de 40 mm de diam\u00e8tre que j&#8217;ai perdu lors d&#8217;un essai routier apr\u00e8s avoir chang\u00e9 le m\u00e9canisme complet.<\/p>\n<p>J&#8217;ai opt\u00e9 pour un design simple mais tr\u00e8s fonctionnel, avec une poign\u00e9e facile \u00e0 tirer et \u00e0 pousser.<\/p>\n<p>La poign\u00e9e est con\u00e7ue pour une tige de traction de 6 mm de diam\u00e8tre, avec un joint torique (anneau cass\u00e9) en fil m\u00e9tallique coup\u00e9, comme sur la tige d&#8217;origine.<br \/>\nJe pense que cette poign\u00e9e s&#8217;adaptera \u00e0 la tige d&#8217;autres vannes \u00e0 guillotine FAP de diff\u00e9rents diam\u00e8tres. (V\u00e9rifiez vos dimensions &#8211; diam\u00e8tre tirette, pr\u00e9sence ou non d&#8217;un anneau bris\u00e9, etc., avant t\u00e9l\u00e9chargement)<\/p>\n<p>La poign\u00e9e n&#8217;a pas un qu&#8217;un simple filetage, mais inclut \u00e9galement le design \u00e9volu\u00e9 incluant l&#8217;espace n\u00e9cessaire pour verrouiller le joint torique en fil m\u00e9tallique. Une fois serr\u00e9e, la poign\u00e9e ne tourne pas autour de la tige de traction et reste compl\u00e8tement int\u00e9gr\u00e9e \u00e0 l&#8217;ensemble du m\u00e9canisme, tout comme la poign\u00e9e d&#8217;origine.<br \/>\nLe syst\u00e8me de serrage de cette poign\u00e9e est assez complexe et n&#8217;est pas aussi simple qu&#8217;il n&#8217;y para\u00eet.<\/p>\n<p>Cette poign\u00e9e est une conception apiobi &#8211; PREMIUM.<\/p>","protected":false},"excerpt":{"rendered":"<p>Poign\u00e9e ronde de remplacement pour tirette de vanne \u00e0 guillotine de r\u00e9servoirs eaux grises, us\u00e9es | Pi\u00e8ce de remplacement | Premium<\/p>","protected":false},"featured_media":454,"comment_status":"open","ping_status":"closed","template":"","meta":{"_themeisle_gutenberg_block_has_review":false},"product_brand":[302],"product_cat":[134,160,130],"product_tag":[60,237,32,202,34,208,243,249,248,62,241,242,246,220,230,200,64,245,244,250,252,211,197,247,215,251,240],"class_list":{"0":"post-453","1":"product","2":"type-product","3":"status-publish","4":"has-post-thumbnail","6":"product_brand-apiobi","7":"product_cat-campingcar-vanlife","8":"product_cat-eau-potable-eaux-grises","9":"product_cat-modeles-3d","10":"product_tag-accessoire","11":"product_tag-apiobi","12":"product_tag-camping-car","13":"product_tag-caravan","14":"product_tag-caravane","15":"product_tag-diy","16":"product_tag-drain","17":"product_tag-eaux-grises","18":"product_tag-eaux-usees","19":"product_tag-equipement","20":"product_tag-fap","21":"product_tag-gate","22":"product_tag-grey-water","23":"product_tag-handle","24":"product_tag-impression-3d","25":"product_tag-motorhome","26":"product_tag-piece-de-rechange","27":"product_tag-pull","28":"product_tag-replacement-part","29":"product_tag-reservoir","30":"product_tag-service","31":"product_tag-spare","32":"product_tag-stl","33":"product_tag-tank","34":"product_tag-van","35":"product_tag-vidange","36":"product_tag-wastewater","38":"first","39":"instock","40":"downloadable","41":"virtual","42":"sold-individually","43":"purchasable","44":"product-type-simple"},"_links":{"self":[{"href":"https:\/\/apiobi.com\/es\/wp-json\/wp\/v2\/product\/453","targetHints":{"allow":["GET"]}}],"collection":[{"href":"https:\/\/apiobi.com\/es\/wp-json\/wp\/v2\/product"}],"about":[{"href":"https:\/\/apiobi.com\/es\/wp-json\/wp\/v2\/types\/product"}],"replies":[{"embeddable":true,"href":"https:\/\/apiobi.com\/es\/wp-json\/wp\/v2\/comments?post=453"}],"wp:featuredmedia":[{"embeddable":true,"href":"https:\/\/apiobi.com\/es\/wp-json\/wp\/v2\/media\/454"}],"wp:attachment":[{"href":"https:\/\/apiobi.com\/es\/wp-json\/wp\/v2\/media?parent=453"}],"wp:term":[{"taxonomy":"product_brand","embeddable":true,"href":"https:\/\/apiobi.com\/es\/wp-json\/wp\/v2\/product_brand?post=453"},{"taxonomy":"product_cat","embeddable":true,"href":"https:\/\/apiobi.com\/es\/wp-json\/wp\/v2\/product_cat?post=453"},{"taxonomy":"product_tag","embeddable":true,"href":"https:\/\/apiobi.com\/es\/wp-json\/wp\/v2\/product_tag?post=453"}],"curies":[{"name":"wp","href":"https:\/\/api.w.org\/{rel}","templated":true}]}}