{"id":445,"date":"2026-02-27T13:21:26","date_gmt":"2026-02-27T13:21:26","guid":{"rendered":"https:\/\/apiobi.com\/?post_type=product&#038;p=445"},"modified":"2026-03-30T08:43:20","modified_gmt":"2026-03-30T08:43:20","slug":"poignee-classique-pour-vanne-a-guillotine-fap-piece-de-rechange-pour-reservoir-deaux-usees-de-camping-car-caravane-van-mobil-home-faha002","status":"publish","type":"product","link":"https:\/\/apiobi.com\/es\/boutique\/modeles-3d\/campingcar-vanlife\/eau-potable-eaux-grises\/poignee-classique-pour-vanne-a-guillotine-fap-piece-de-rechange-pour-reservoir-deaux-usees-de-camping-car-caravane-van-mobil-home-faha002\/","title":{"rendered":"Maneta cl\u00e1sica para v\u00e1lvula de guillotina FAP | FAHA002"},"content":{"rendered":"<p>Si vous recherchez une poign\u00e9e de vanne \u00e0 guillotine \u00e0 m\u00eame de remplacer l&#8217;originale, vous \u00eates au bon endroit !<\/p>\n<p>Bien s\u00fbr, il ne s&#8217;agit pas simplement d&#8217;une copie du mod\u00e8le du fabricant, ce qui serait facile, mais cela ne garantit en aucun cas l&#8217;imprimabilit\u00e9 3D de la pi\u00e8ce, en particulier pour les imprimantes FDM.<\/p>\n<p>Le mod\u00e8le inclut les tol\u00e9rances : pour le filetage, la tige de traction de 6 mm et le joint torique en anneau bris\u00e9 (fil coup\u00e9).<br \/>\nJe l&#8217;ai imprim\u00e9 en PETG rouge, ce qui est plus joli que le noir d&#8217;origine, n&#8217;est-ce pas ?<br \/>\nPourquoi pas du gris pour les eaux grises ou du bleu pour l&#8217;eau comme un autre mod\u00e8le disponible dans ce catalogue?<\/p>\n<p>La poign\u00e9e est con\u00e7ue pour une tige traction de 6 mm de diam\u00e8tre, avec un joint torique en fil m\u00e9tallique coup\u00e9 comme sur la poign\u00e9e d&#8217;origine.<br \/>\nJe pense que cette poign\u00e9e s&#8217;adaptera \u00e0 la traction d&#8217;autres vannes \u00e0 guillotine FAP de diff\u00e9rents diam\u00e8tres.<\/p>\n<p>La poign\u00e9e n&#8217;a pas un q&#8217;un simple filetage, mais inclut \u00e9galement le design \u00e9volu\u00e9 incluant l&#8217;espace n\u00e9cessaire pour verrouiller le joint torique en fil m\u00e9tallique. Une fois serr\u00e9e, la poign\u00e9e ne tourne pas autour de la tige de traction et reste compl\u00e8tement int\u00e9gr\u00e9e \u00e0 l&#8217;ensemble du m\u00e9canisme, tout comme la poign\u00e9e d&#8217;origine.<\/p>\n<p>Cette poign\u00e9e est une conception apiobi &#8211; PREMIUM.<\/p>","protected":false},"excerpt":{"rendered":"<p>Poign\u00e9e de vanne \u00e0 guillotine imprimable en 3D | Pi\u00e8ce d\u00e9tach\u00e9e | Pi\u00e8ce de rechange pour r\u00e9servoir d&#8217;eaux us\u00e9es de camping-car, caravane, van, mobil-home | Premium<\/p>","protected":false},"featured_media":460,"comment_status":"open","ping_status":"closed","template":"","meta":{"_themeisle_gutenberg_block_has_review":false},"product_brand":[302],"product_cat":[134,160,130],"product_tag":[60,32,34,208,249,248,62,241,200,64,250,252,251],"class_list":{"0":"post-445","1":"product","2":"type-product","3":"status-publish","4":"has-post-thumbnail","6":"product_brand-apiobi","7":"product_cat-campingcar-vanlife","8":"product_cat-eau-potable-eaux-grises","9":"product_cat-modeles-3d","10":"product_tag-accessoire","11":"product_tag-camping-car","12":"product_tag-caravane","13":"product_tag-diy","14":"product_tag-eaux-grises","15":"product_tag-eaux-usees","16":"product_tag-equipement","17":"product_tag-fap","18":"product_tag-motorhome","19":"product_tag-piece-de-rechange","20":"product_tag-reservoir","21":"product_tag-service","22":"product_tag-vidange","24":"first","25":"instock","26":"featured","27":"downloadable","28":"virtual","29":"sold-individually","30":"purchasable","31":"product-type-simple"},"_links":{"self":[{"href":"https:\/\/apiobi.com\/es\/wp-json\/wp\/v2\/product\/445","targetHints":{"allow":["GET"]}}],"collection":[{"href":"https:\/\/apiobi.com\/es\/wp-json\/wp\/v2\/product"}],"about":[{"href":"https:\/\/apiobi.com\/es\/wp-json\/wp\/v2\/types\/product"}],"replies":[{"embeddable":true,"href":"https:\/\/apiobi.com\/es\/wp-json\/wp\/v2\/comments?post=445"}],"wp:featuredmedia":[{"embeddable":true,"href":"https:\/\/apiobi.com\/es\/wp-json\/wp\/v2\/media\/460"}],"wp:attachment":[{"href":"https:\/\/apiobi.com\/es\/wp-json\/wp\/v2\/media?parent=445"}],"wp:term":[{"taxonomy":"product_brand","embeddable":true,"href":"https:\/\/apiobi.com\/es\/wp-json\/wp\/v2\/product_brand?post=445"},{"taxonomy":"product_cat","embeddable":true,"href":"https:\/\/apiobi.com\/es\/wp-json\/wp\/v2\/product_cat?post=445"},{"taxonomy":"product_tag","embeddable":true,"href":"https:\/\/apiobi.com\/es\/wp-json\/wp\/v2\/product_tag?post=445"}],"curies":[{"name":"wp","href":"https:\/\/api.w.org\/{rel}","templated":true}]}}