{"id":437,"date":"2026-02-27T12:38:29","date_gmt":"2026-02-27T12:38:29","guid":{"rendered":"https:\/\/apiobi.com\/?post_type=product&#038;p=437"},"modified":"2026-03-05T11:52:27","modified_gmt":"2026-03-05T11:52:27","slug":"clip-tendeur-de-corde-attache-corde-design-optimise-pour-le-camping-la-peche-les-activites-de-plein-air-les-camping-cars-et-les-auvents-rtc002","status":"publish","type":"product","link":"https:\/\/apiobi.com\/es\/boutique\/modeles-3d\/jardinage\/clip-tendeur-de-corde-attache-corde-design-optimise-pour-le-camping-la-peche-les-activites-de-plein-air-les-camping-cars-et-les-auvents-rtc002\/","title":{"rendered":"Clip tensor de cuerda | Amarre de cuerda, dise\u00f1o optimizado para camping, pesca, actividades al aire libre, autocaravanas y toldos | RTC002"},"content":{"rendered":"<h2 data-start=\"249\" data-end=\"293\">Clip de corde 3D avanc\u00e9 \u2013 Seulement 1 \u20ac<\/h2>\n<p data-start=\"295\" data-end=\"647\">Am\u00e9liorez votre gestion de corde avec ce <strong data-start=\"336\" data-end=\"376\">clip de corde 3D enti\u00e8rement repens\u00e9<\/strong>. Pour seulement <strong data-start=\"393\" data-end=\"402\">1 \u20ac<\/strong>, vous pouvez t\u00e9l\u00e9charger le mod\u00e8le et imprimer chez vous un clip haute performance. Son <strong data-start=\"491\" data-end=\"510\">design optimis\u00e9<\/strong> garantit un alignement parfait de la corde et une tension constante, offrant une fiabilit\u00e9 que les tendeurs standards ne peuvent \u00e9galer.<\/p>\n<h3 data-start=\"649\" data-end=\"688\">Pourquoi choisir ce clip de corde :<\/h3>\n<ul data-start=\"690\" data-end=\"1467\">\n<li data-start=\"690\" data-end=\"907\">\n<p data-start=\"692\" data-end=\"907\"><strong data-start=\"692\" data-end=\"714\">Design sup\u00e9rieur :<\/strong> Le clip a \u00e9t\u00e9 soigneusement con\u00e7u pour assurer un alignement pr\u00e9cis de la corde et une tension optimale. Une fois install\u00e9, votre corde reste tendue, stable et parfaitement positionn\u00e9e.<\/p>\n<\/li>\n<li data-start=\"908\" data-end=\"1065\">\n<p data-start=\"910\" data-end=\"1065\"><strong data-start=\"910\" data-end=\"933\">Valeur imbattable :<\/strong> Pour seulement <strong data-start=\"949\" data-end=\"958\">1 \u20ac<\/strong>, vous obtenez un clip durable et fonctionnel. Imprimez-en autant que n\u00e9cessaire sans exploser le budget.<\/p>\n<\/li>\n<li data-start=\"1066\" data-end=\"1329\">\n<p data-start=\"1068\" data-end=\"1329\"><strong data-start=\"1068\" data-end=\"1097\">Polyvalent et essentiel :<\/strong> Id\u00e9al pour le camping, la p\u00eache, le jardinage, toutes les activit\u00e9s outdoor, ainsi que les v\u00e9hicules de loisirs tels que camping-cars, remorques, bateaux, etc. Parfait pour s\u00e9curiser les cordes sur tout type d\u2019\u00e9quipement ext\u00e9rieur.<\/p>\n<\/li>\n<li data-start=\"1330\" data-end=\"1467\">\n<p data-start=\"1332\" data-end=\"1467\"><strong data-start=\"1332\" data-end=\"1353\">Personnalisable :<\/strong> Imprimez-le dans la couleur et le mat\u00e9riau de votre choix. Ajustez sa taille ou ses propri\u00e9t\u00e9s selon vos besoins.<\/p>\n<\/li>\n<\/ul>\n<p data-start=\"1750\" data-end=\"2080\">\ud83d\udca1 <strong data-start=\"1753\" data-end=\"1815\">Pourquoi d\u00e9penser 12 \u20ac ou plus dans des tendeurs aluminium<\/strong> alors que vous pouvez imprimer un tendeur optimis\u00e9 et haute qualit\u00e9 pour seulement <strong data-start=\"1899\" data-end=\"1906\">1 \u20ac<\/strong> ?<br data-start=\"1908\" data-end=\"1911\" \/>Ce mod\u00e8le 3D combine <strong data-start=\"1932\" data-end=\"1969\">efficacit\u00e9, pr\u00e9cision et \u00e9conomie<\/strong>, id\u00e9al pour toutes tensions de corde.<\/p>","protected":false},"excerpt":{"rendered":"<p>Clip pour corde 3D de haute qualit\u00e9 avec un design optimis\u00e9 pour une tension parfaite. T\u00e9l\u00e9chargeable pour seulement 1 \u20ac, id\u00e9al pour le camping, la p\u00eache, le jardinage et les v\u00e9hicules de loisirs.<\/p>","protected":false},"featured_media":439,"comment_status":"open","ping_status":"closed","template":"","meta":{"_themeisle_gutenberg_block_has_review":false},"product_brand":[302],"product_cat":[140,148,134,158,142,130,136],"product_tag":[238,196,60,237,226,30,32,202,34,216,229,235,200,232,231,48,234,233,209,197,227,236,239,217,201],"class_list":{"0":"post-437","1":"product","2":"type-product","3":"status-publish","4":"has-post-thumbnail","6":"product_brand-apiobi","7":"product_cat-aquaculture-apiculture-nichoirs","8":"product_cat-bricolage-atelier","9":"product_cat-campingcar-vanlife","10":"product_cat-equipements-exterieurs","11":"product_cat-jardinage","12":"product_cat-modeles-3d","13":"product_cat-peche-3dpecheur","14":"product_tag-3dpecheur","15":"product_tag-3dprint","16":"product_tag-accessoire","17":"product_tag-apiobi","18":"product_tag-auvent","19":"product_tag-camping","20":"product_tag-camping-car","21":"product_tag-caravan","22":"product_tag-caravane","23":"product_tag-fiamma","24":"product_tag-imprimante-3d","25":"product_tag-jardinage","26":"product_tag-motorhome","27":"product_tag-outdoor","28":"product_tag-peche","29":"product_tag-pilote","30":"product_tag-plein-air","31":"product_tag-randonnee","32":"product_tag-repair","33":"product_tag-stl","34":"product_tag-store","35":"product_tag-survivalisme","36":"product_tag-tente","37":"product_tag-thule","38":"product_tag-vanlife","40":"first","41":"instock","42":"downloadable","43":"virtual","44":"sold-individually","45":"purchasable","46":"product-type-simple"},"_links":{"self":[{"href":"https:\/\/apiobi.com\/es\/wp-json\/wp\/v2\/product\/437","targetHints":{"allow":["GET"]}}],"collection":[{"href":"https:\/\/apiobi.com\/es\/wp-json\/wp\/v2\/product"}],"about":[{"href":"https:\/\/apiobi.com\/es\/wp-json\/wp\/v2\/types\/product"}],"replies":[{"embeddable":true,"href":"https:\/\/apiobi.com\/es\/wp-json\/wp\/v2\/comments?post=437"}],"wp:featuredmedia":[{"embeddable":true,"href":"https:\/\/apiobi.com\/es\/wp-json\/wp\/v2\/media\/439"}],"wp:attachment":[{"href":"https:\/\/apiobi.com\/es\/wp-json\/wp\/v2\/media?parent=437"}],"wp:term":[{"taxonomy":"product_brand","embeddable":true,"href":"https:\/\/apiobi.com\/es\/wp-json\/wp\/v2\/product_brand?post=437"},{"taxonomy":"product_cat","embeddable":true,"href":"https:\/\/apiobi.com\/es\/wp-json\/wp\/v2\/product_cat?post=437"},{"taxonomy":"product_tag","embeddable":true,"href":"https:\/\/apiobi.com\/es\/wp-json\/wp\/v2\/product_tag?post=437"}],"curies":[{"name":"wp","href":"https:\/\/api.w.org\/{rel}","templated":true}]}}