{"id":421,"date":"2026-02-27T08:59:15","date_gmt":"2026-02-27T08:59:15","guid":{"rendered":"https:\/\/apiobi.com\/?post_type=product&#038;p=421"},"modified":"2026-03-05T11:52:27","modified_gmt":"2026-03-05T11:52:27","slug":"kit-dinstallation-murale-pour-manivelle-denrouleur-dauvent-fiamma-clips-support-muraux-fiamma-pieces-de-rechange-camping-car","status":"publish","type":"product","link":"https:\/\/apiobi.com\/es\/boutique\/modeles-3d\/campingcar-vanlife\/vie-a-bord\/kit-dinstallation-murale-pour-manivelle-denrouleur-dauvent-fiamma-clips-support-muraux-fiamma-pieces-de-rechange-camping-car\/","title":{"rendered":"Kit de instalaci\u00f3n mural para manivela de toldo FIAMMA | Clips, soportes murales FIAMMA, Recambios autocaravana"},"content":{"rendered":"<p>Deux clips de tailles diff\u00e9rentes con\u00e7us pour fixer fermement la manivelle d&#8217;auvent Fiamma \u00e0 la cloison int\u00e9rieure de votre cellule et\/ou de la soute de votre camping-car pour un rangement facile.<\/p>\n<p><strong>Clip 1 :<\/strong> pour la partie sup\u00e9rieure au diam\u00e8tre de tube le plus fin: ~13 mm<br \/>\n<strong>Clip 2 :<\/strong> pour la partie tournante de la manivelle de l&#8217;auvent, diam\u00e8tre: ~ 17 mm<\/p>\n<p>J&#8217;ai con\u00e7u ces deux supports muraux comme pi\u00e8ces de rechange pour la manivelle de 139 cm de long de l&#8217;auvent FIAMMA F45S de mon nouveau camping-car. Deux vis sont n\u00e9cessaires par clip (trous de vis M4).<br \/>\nIl ne fait aucun doute que ces clips s&#8217;adaptent \u00e0 la grande majorit\u00e9 des manivelles d&#8217;auvent FIAMMA ou d&#8217;autres marques de camping-cars.<\/p>\n<p>Assurez-vous simplement d&#8217;utiliser les mesures indiqu\u00e9es ci-dessus.<\/p>","protected":false},"excerpt":{"rendered":"<p>Set de 2 clips pour manivelle auvent de diam\u00e8tres 13 et 17 mm imprimable 3D &#8211; Compatible Fiamma et d&#8217;autres marques<\/p>","protected":false},"featured_media":422,"comment_status":"open","ping_status":"closed","template":"","meta":{"_themeisle_gutenberg_block_has_review":false},"product_brand":[302],"product_cat":[134,158,130,162],"product_tag":[],"class_list":{"0":"post-421","1":"product","2":"type-product","3":"status-publish","4":"has-post-thumbnail","6":"product_brand-apiobi","7":"product_cat-campingcar-vanlife","8":"product_cat-equipements-exterieurs","9":"product_cat-modeles-3d","10":"product_cat-vie-a-bord","12":"first","13":"instock","14":"downloadable","15":"virtual","16":"sold-individually","17":"purchasable","18":"product-type-simple"},"_links":{"self":[{"href":"https:\/\/apiobi.com\/es\/wp-json\/wp\/v2\/product\/421","targetHints":{"allow":["GET"]}}],"collection":[{"href":"https:\/\/apiobi.com\/es\/wp-json\/wp\/v2\/product"}],"about":[{"href":"https:\/\/apiobi.com\/es\/wp-json\/wp\/v2\/types\/product"}],"replies":[{"embeddable":true,"href":"https:\/\/apiobi.com\/es\/wp-json\/wp\/v2\/comments?post=421"}],"wp:featuredmedia":[{"embeddable":true,"href":"https:\/\/apiobi.com\/es\/wp-json\/wp\/v2\/media\/422"}],"wp:attachment":[{"href":"https:\/\/apiobi.com\/es\/wp-json\/wp\/v2\/media?parent=421"}],"wp:term":[{"taxonomy":"product_brand","embeddable":true,"href":"https:\/\/apiobi.com\/es\/wp-json\/wp\/v2\/product_brand?post=421"},{"taxonomy":"product_cat","embeddable":true,"href":"https:\/\/apiobi.com\/es\/wp-json\/wp\/v2\/product_cat?post=421"},{"taxonomy":"product_tag","embeddable":true,"href":"https:\/\/apiobi.com\/es\/wp-json\/wp\/v2\/product_tag?post=421"}],"curies":[{"name":"wp","href":"https:\/\/api.w.org\/{rel}","templated":true}]}}