{"id":405,"date":"2026-02-27T08:10:29","date_gmt":"2026-02-27T08:10:29","guid":{"rendered":"https:\/\/apiobi.com\/?post_type=product&#038;p=405"},"modified":"2026-03-12T06:03:31","modified_gmt":"2026-03-12T06:03:31","slug":"loquet-de-porte-a-longue-portee-pointe-de-fleche-caravane-camping-car-vehicules-de-loisirs-van-pour-chevaux-bateau","status":"publish","type":"product","link":"https:\/\/apiobi.com\/es\/boutique\/modeles-3d\/campingcar-vanlife\/equipements-exterieurs\/loquet-de-porte-a-longue-portee-pointe-de-fleche-caravane-camping-car-vehicules-de-loisirs-van-pour-chevaux-bateau\/","title":{"rendered":"Loquet de porte \u00e0 longue port\u00e9e [pointe de fl\u00e8che] caravane &#8211; camping-car &#8211; v\u00e9hicules de loisirs &#8211; van pour chevaux &#8211; bateau"},"content":{"rendered":"<h4>Arr\u00eat de porte \u00e0 longue port\u00e9e en deux parties \u00e0 utiliser pour les camping-cars, caravanes, camping-cars, bateaux, portails de jardin, volets, etc.<\/h4>\n<p>J&#8217;ai apport\u00e9 une am\u00e9lioration majeure \u00e0 un mod\u00e8le similaire tr\u00e8s populaire : une but\u00e9e emp\u00eache la pointe de la fl\u00e8che de s&#8217;enfoncer trop profond\u00e9ment dans l&#8217;autre partie. C&#8217;est le cas lorsque la porte se ferme violemment sous l&#8217;effet d&#8217;une rafale de vent, par exemple, et endommage le loquet fragile du mod\u00e8le vendu dans le commerce sp\u00e9cialis\u00e9 !<\/p>\n<p><strong>Longueur :<\/strong> 60 mm x 50 mm x 18 mm, en position ferm\u00e9e<br \/>\n<strong>Entraxe :<\/strong> 33 mm entre les centres des trous de vis<\/p>","protected":false},"excerpt":{"rendered":"<p class=\"western\">Arr\u00eat de porte \u00e0 longue port\u00e9e en deux parties \u00e0 utiliser pour les camping-cars, caravanes, camping-cars, bateaux, portails de jardin, volets, etc.<br \/>\nT\u00e9l\u00e9chargez, imprimez, d\u00e9pannez avec votre imprimante 3D !<\/p>","protected":false},"featured_media":410,"comment_status":"open","ping_status":"closed","template":"","meta":{"_themeisle_gutenberg_block_has_review":false},"product_brand":[302],"product_cat":[134,158,130],"product_tag":[60,46,26,28,38,30,32,34,62,54,52,58,64,48,40,50,44,56,36,42],"class_list":{"0":"post-405","1":"product","2":"type-product","3":"status-publish","4":"has-post-thumbnail","6":"product_brand-apiobi","7":"product_cat-campingcar-vanlife","8":"product_cat-equipements-exterieurs","9":"product_cat-modeles-3d","10":"product_tag-accessoire","11":"product_tag-arret","12":"product_tag-bloc","13":"product_tag-bloque","14":"product_tag-butee","15":"product_tag-camping","16":"product_tag-camping-car","17":"product_tag-caravane","18":"product_tag-equipement","19":"product_tag-fermeture","20":"product_tag-hymer","21":"product_tag-loquet","22":"product_tag-piece-de-rechange","23":"product_tag-pilote","24":"product_tag-porte","25":"product_tag-rapido","26":"product_tag-retenue","27":"product_tag-soute","28":"product_tag-van-amenage","29":"product_tag-verrou","31":"first","32":"instock","33":"downloadable","34":"virtual","35":"sold-individually","36":"purchasable","37":"product-type-simple"},"_links":{"self":[{"href":"https:\/\/apiobi.com\/es\/wp-json\/wp\/v2\/product\/405","targetHints":{"allow":["GET"]}}],"collection":[{"href":"https:\/\/apiobi.com\/es\/wp-json\/wp\/v2\/product"}],"about":[{"href":"https:\/\/apiobi.com\/es\/wp-json\/wp\/v2\/types\/product"}],"replies":[{"embeddable":true,"href":"https:\/\/apiobi.com\/es\/wp-json\/wp\/v2\/comments?post=405"}],"wp:featuredmedia":[{"embeddable":true,"href":"https:\/\/apiobi.com\/es\/wp-json\/wp\/v2\/media\/410"}],"wp:attachment":[{"href":"https:\/\/apiobi.com\/es\/wp-json\/wp\/v2\/media?parent=405"}],"wp:term":[{"taxonomy":"product_brand","embeddable":true,"href":"https:\/\/apiobi.com\/es\/wp-json\/wp\/v2\/product_brand?post=405"},{"taxonomy":"product_cat","embeddable":true,"href":"https:\/\/apiobi.com\/es\/wp-json\/wp\/v2\/product_cat?post=405"},{"taxonomy":"product_tag","embeddable":true,"href":"https:\/\/apiobi.com\/es\/wp-json\/wp\/v2\/product_tag?post=405"}],"curies":[{"name":"wp","href":"https:\/\/api.w.org\/{rel}","templated":true}]}}