{"id":36,"date":"2026-02-10T08:29:24","date_gmt":"2026-02-10T08:29:24","guid":{"rendered":"https:\/\/apiobi.com\/?post_type=product&#038;p=36"},"modified":"2026-03-12T05:54:15","modified_gmt":"2026-03-12T05:54:15","slug":"bloc-porte-en-t-pour-caravane-camping-car-rv-arret-de-porte-exterieure-2","status":"publish","type":"product","link":"https:\/\/apiobi.com\/es\/boutique\/modeles-3d\/campingcar-vanlife\/equipements-exterieurs\/bloc-porte-en-t-pour-caravane-camping-car-rv-arret-de-porte-exterieure-2\/","title":{"rendered":"Tope de puerta en forma de T para autocaravanas y veh\u00edculos recreativos | Tope de puerta Arrowhead"},"content":{"rendered":"<h3 class=\"western\">\u2699\ufe0f Sp\u00e9cifications techniques<\/h3>\n<p><strong>Dimensions de la partie femelle :<\/strong><\/p>\n<ul>\n<li>Hauteur : 22\u202fmm<\/li>\n<li>Hauteur de la base : 3,5\u202fmm<\/li>\n<li>Longueur : 50\u202fmm<\/li>\n<li>\u00c9paisseur : 15\u202fmm<\/li>\n<li>Entraxe des vis : 32\u202fmm<\/li>\n<\/ul>\n<p><strong>Pour la partie m\u00e2le :<\/strong><\/p>\n<ul>\n<li>Hauteur totale (base + fl\u00e8che) : 57,3\u202fmm<\/li>\n<li>Hauteur de la base seule : 3,5\u202fmm<\/li>\n<li>Longueur : 50\u202fmm<\/li>\n<li>\u00c9paisseur : 15\u202fmm<\/li>\n<li>Entraxe des vis : 32\u202fmm<\/li>\n<\/ul>\n<p>\u2705 Prenez toujours le temps de <strong>mesurer l\u2019entraxe des trous d\u00e9j\u00e0 perc\u00e9s sur votre camping-car<\/strong> pour garantir un ajustement parfait.<\/p>","protected":false},"excerpt":{"rendered":"<p class=\"western\">\ud83d\ude90 Arr\u00eat de porte en forme de fl\u00e8che pour camping-car, caravane, v\u00e9hicules de loisirs, bateaux.<br \/>\nT\u00e9l\u00e9chargez, imprimez, d\u00e9pannez votre camping car avec votre imprimante 3D !<\/p>","protected":false},"featured_media":30,"comment_status":"open","ping_status":"closed","template":"","meta":{"_themeisle_gutenberg_block_has_review":false},"product_brand":[302],"product_cat":[134,158,130],"product_tag":[60,46,26,28,38,30,32,34,62,54,52,58,64,48,40,50,44,56,36,42],"class_list":{"0":"post-36","1":"product","2":"type-product","3":"status-publish","4":"has-post-thumbnail","6":"product_brand-apiobi","7":"product_cat-campingcar-vanlife","8":"product_cat-equipements-exterieurs","9":"product_cat-modeles-3d","10":"product_tag-accessoire","11":"product_tag-arret","12":"product_tag-bloc","13":"product_tag-bloque","14":"product_tag-butee","15":"product_tag-camping","16":"product_tag-camping-car","17":"product_tag-caravane","18":"product_tag-equipement","19":"product_tag-fermeture","20":"product_tag-hymer","21":"product_tag-loquet","22":"product_tag-piece-de-rechange","23":"product_tag-pilote","24":"product_tag-porte","25":"product_tag-rapido","26":"product_tag-retenue","27":"product_tag-soute","28":"product_tag-van-amenage","29":"product_tag-verrou","31":"first","32":"instock","33":"downloadable","34":"virtual","35":"sold-individually","36":"purchasable","37":"product-type-simple"},"_links":{"self":[{"href":"https:\/\/apiobi.com\/es\/wp-json\/wp\/v2\/product\/36","targetHints":{"allow":["GET"]}}],"collection":[{"href":"https:\/\/apiobi.com\/es\/wp-json\/wp\/v2\/product"}],"about":[{"href":"https:\/\/apiobi.com\/es\/wp-json\/wp\/v2\/types\/product"}],"replies":[{"embeddable":true,"href":"https:\/\/apiobi.com\/es\/wp-json\/wp\/v2\/comments?post=36"}],"wp:featuredmedia":[{"embeddable":true,"href":"https:\/\/apiobi.com\/es\/wp-json\/wp\/v2\/media\/30"}],"wp:attachment":[{"href":"https:\/\/apiobi.com\/es\/wp-json\/wp\/v2\/media?parent=36"}],"wp:term":[{"taxonomy":"product_brand","embeddable":true,"href":"https:\/\/apiobi.com\/es\/wp-json\/wp\/v2\/product_brand?post=36"},{"taxonomy":"product_cat","embeddable":true,"href":"https:\/\/apiobi.com\/es\/wp-json\/wp\/v2\/product_cat?post=36"},{"taxonomy":"product_tag","embeddable":true,"href":"https:\/\/apiobi.com\/es\/wp-json\/wp\/v2\/product_tag?post=36"}],"curies":[{"name":"wp","href":"https:\/\/api.w.org\/{rel}","templated":true}]}}