{"id":2059,"date":"2026-04-24T07:32:51","date_gmt":"2026-04-24T07:32:51","guid":{"rendered":"https:\/\/apiobi.com\/?post_type=product&#038;p=2059"},"modified":"2026-04-24T08:43:38","modified_gmt":"2026-04-24T08:43:38","slug":"porte-dentree-reversible-plate-pour-impression-3d-350x35-mm","status":"publish","type":"product","link":"https:\/\/apiobi.com\/es\/boutique\/modeles-3d\/aquaculture-apiculture-nichoirs\/porte-dentree-reversible-plate-pour-impression-3d-350x35-mm\/","title":{"rendered":"Puerta de entrada plana reversible para impresi\u00f3n 3D - 350\u00d735 mm"},"content":{"rendered":"<p>La puerta de entrada plana imprimible en 3D es un accesorio esencial para sustituir, asegurar y modificar la entrada de su colmena.<\/p>\n<p>Nuestro dise\u00f1o robusto y duradero se basa en los mismos est\u00e1ndares que las puertas reversibles cl\u00e1sicas de sus colmenas Dadant de 10 marcos, por ejemplo.<br \/>\n<strong>Espesor :<\/strong> 3 mm (igual que Nicot)<br \/>\n<strong>Longitud :<\/strong> 350 mm<br \/>\n<strong>Altura :<\/strong> 35 mm<br \/>\n<strong>Altura de movimiento de las abejas :\u00a0<\/strong> paso est\u00e1ndar de 9 mm, por lo tanto no limitativo<\/p>\n<p>Imprima esta puerta tantas veces como desee y adapte el color a su gusto o al de su colmenar.<\/p>","protected":false},"excerpt":{"rendered":"<p>La porte d&#8217;entr\u00e9e plate, imprimable en 3D,\u00a0 est un accessoire essentiel remplacer, s\u00e9curiser, modifier l&#8217;entr\u00e9e de votre ruche. Notre conception robuste et durable reprend les standards des portes r\u00e9versibles classiques de vos ruches Dadant 10 cadres par exemple. \u00c9paisseur : 3 mm (idem Nicot) Longueur : 350 mm Hauteur : 35 mm Hauteur de circulation [&hellip;]<\/p>\n","protected":false},"featured_media":2063,"comment_status":"open","ping_status":"closed","template":"","meta":{"_themeisle_gutenberg_block_has_review":false},"product_brand":[302],"product_cat":[140,130],"product_tag":[626,60,636,1149,62,230,1150,40,625,197],"class_list":{"0":"post-2059","1":"product","2":"type-product","3":"status-publish","4":"has-post-thumbnail","6":"product_brand-apiobi","7":"product_cat-aquaculture-apiculture-nichoirs","8":"product_cat-modeles-3d","9":"product_tag-abeille","10":"product_tag-accessoire","11":"product_tag-apiculture","12":"product_tag-dadant","13":"product_tag-equipement","14":"product_tag-impression-3d","15":"product_tag-portail","16":"product_tag-porte","17":"product_tag-ruche","18":"product_tag-stl","20":"first","21":"instock","22":"featured","23":"downloadable","24":"virtual","25":"sold-individually","26":"purchasable","27":"product-type-simple"},"_links":{"self":[{"href":"https:\/\/apiobi.com\/es\/wp-json\/wp\/v2\/product\/2059","targetHints":{"allow":["GET"]}}],"collection":[{"href":"https:\/\/apiobi.com\/es\/wp-json\/wp\/v2\/product"}],"about":[{"href":"https:\/\/apiobi.com\/es\/wp-json\/wp\/v2\/types\/product"}],"replies":[{"embeddable":true,"href":"https:\/\/apiobi.com\/es\/wp-json\/wp\/v2\/comments?post=2059"}],"wp:featuredmedia":[{"embeddable":true,"href":"https:\/\/apiobi.com\/es\/wp-json\/wp\/v2\/media\/2063"}],"wp:attachment":[{"href":"https:\/\/apiobi.com\/es\/wp-json\/wp\/v2\/media?parent=2059"}],"wp:term":[{"taxonomy":"product_brand","embeddable":true,"href":"https:\/\/apiobi.com\/es\/wp-json\/wp\/v2\/product_brand?post=2059"},{"taxonomy":"product_cat","embeddable":true,"href":"https:\/\/apiobi.com\/es\/wp-json\/wp\/v2\/product_cat?post=2059"},{"taxonomy":"product_tag","embeddable":true,"href":"https:\/\/apiobi.com\/es\/wp-json\/wp\/v2\/product_tag?post=2059"}],"curies":[{"name":"wp","href":"https:\/\/api.w.org\/{rel}","templated":true}]}}