{"id":1960,"date":"2026-04-14T08:11:24","date_gmt":"2026-04-14T08:11:24","guid":{"rendered":"https:\/\/apiobi.com\/?post_type=product&#038;p=1960"},"modified":"2026-04-14T09:53:09","modified_gmt":"2026-04-14T09:53:09","slug":"cuillere-stomacale-pour-peche-a-la-mouche-180-mm-ffms2","status":"publish","type":"product","link":"https:\/\/apiobi.com\/es\/boutique\/modeles-3d\/outdoor-sport\/peche-3dpecheur\/peche-a-la-mouche\/cuillere-stomacale-pour-peche-a-la-mouche-180-mm-ffms2\/","title":{"rendered":"Cuchara estomacal para la pesca a mosca - 180 mm - FFMS2"},"content":{"rendered":"<p data-start=\"209\" data-end=\"616\">La <strong data-start=\"212\" data-end=\"234\">Cuchara estomacal 3Dpecheur <\/strong>es un accesorio inestimable para tomar muestras y analizar el contenido del est\u00f3mago de una trucha y averiguar qu\u00e9 ha comido, <strong data-start=\"353\" data-end=\"383\">sin matarlo ni herirlo<\/strong>. Es una herramienta esencial para comprender la nutrici\u00f3n de los peces y <strong data-start=\"455\" data-end=\"526\">adapta tus t\u00e9cnicas de pesca e imitaciones naturales al momento.<\/strong><br data-start=\"527\" data-end=\"530\" \/>Un simple accesorio... que <strong data-start=\"561\" data-end=\"615\">permite pescar m\u00e1s<\/strong>.<\/p>\n<h4 data-section-id=\"umkn22\" data-start=\"618\" data-end=\"645\"><span role=\"text\"><strong data-start=\"622\" data-end=\"643\">\u00bfPor qu\u00e9 180 mm?<\/strong><\/span><\/h4>\n<p data-start=\"646\" data-end=\"928\">Con su <strong data-start=\"655\" data-end=\"665\">180 mm<\/strong>, Este modelo es adecuado para <strong data-start=\"688\" data-end=\"722\">todos los tama\u00f1os de peces<\/strong>, Incluso las piezas m\u00e1s grandes pueden imprimirse en la mayor\u00eda de las plataformas de impresi\u00f3n 3D.<br data-start=\"817\" data-end=\"820\" \/>Los modelos comerciales son m\u00e1s largos, lo que me parece innecesario, incluso para una trucha de 1,5 kg en un lago o embalse.<\/p>\n<h4 data-section-id=\"1g2zf25\" data-start=\"935\" data-end=\"964\"><span role=\"text\">\ud83e\udd44 <strong data-start=\"941\" data-end=\"964\">\u00bfCuchara o bomba?<\/strong><\/span><\/h4>\n<ul data-start=\"981\" data-end=\"1183\">\n<li data-section-id=\"5sulrk\" data-start=\"981\" data-end=\"1050\">La <strong data-start=\"986\" data-end=\"998\">cuchara<\/strong> es <strong data-start=\"1003\" data-end=\"1034\">mucho m\u00e1s f\u00e1cil de usar<\/strong> que una bomba.<\/li>\n<li data-section-id=\"so3v2c\" data-start=\"1051\" data-end=\"1101\">Tambi\u00e9n es <strong data-start=\"1072\" data-end=\"1098\">m\u00e1s f\u00e1cil de limpiar<\/strong>.<\/li>\n<li data-section-id=\"1u4u7qq\" data-start=\"1102\" data-end=\"1183\">Y sobre todo... el precio de las bombas comerciales es <strong data-start=\"1151\" data-end=\"1181\">totalmente desproporcionado<\/strong> !<\/li>\n<\/ul>","protected":false},"excerpt":{"rendered":"<p>La cuill\u00e8re stomacale 3Dpecheur est un accessoire pr\u00e9cieux permettant de pr\u00e9lever et d&#8217;analyser le contenu de l\u2019estomac d\u2019une truite pour savoir ce qu\u2019elle a mang\u00e9, sans la tuer ni la blesser. C\u2019est un outil essentiel pour comprendre l\u2019alimentation du poisson et adapter vos techniques de p\u00eache ainsi que vos imitations naturelles, \u00e0 l&#8217;instant T.Un accessoire [&hellip;]<\/p>\n","protected":false},"featured_media":1964,"comment_status":"open","ping_status":"closed","template":"","meta":{"_themeisle_gutenberg_block_has_review":false},"product_brand":[303,302],"product_cat":[130,136,152],"product_tag":[1118,1126,1115,1114,1122,1125,1112,1124,1119,1123,1120,1117,1121,1113,1116],"class_list":{"0":"post-1960","1":"product","2":"type-product","3":"status-publish","4":"has-post-thumbnail","6":"product_brand-3dpecheur","7":"product_brand-apiobi","8":"product_cat-modeles-3d","9":"product_cat-peche-3dpecheur","10":"product_cat-peche-a-la-mouche","11":"product_tag-accessoire-peche-stl","12":"product_tag-accessoire-peche-technique","13":"product_tag-accessoire-peche-truite","14":"product_tag-analyse-alimentation-truite","15":"product_tag-analyse-regime-truite","16":"product_tag-createur-outils-peche","17":"product_tag-cuillere-stomacale","18":"product_tag-design-peche-professionnel","19":"product_tag-equipement-peche-mouche-stl","20":"product_tag-ffms2","21":"product_tag-inspection-contenu-estomac-truite","22":"product_tag-modele-fdm-optimise","23":"product_tag-outil-entomologie-peche","24":"product_tag-outil-peche-a-la-mouche","25":"product_tag-outil-peche-imprime-3d","27":"first","28":"instock","29":"downloadable","30":"virtual","31":"sold-individually","32":"purchasable","33":"product-type-simple"},"_links":{"self":[{"href":"https:\/\/apiobi.com\/es\/wp-json\/wp\/v2\/product\/1960","targetHints":{"allow":["GET"]}}],"collection":[{"href":"https:\/\/apiobi.com\/es\/wp-json\/wp\/v2\/product"}],"about":[{"href":"https:\/\/apiobi.com\/es\/wp-json\/wp\/v2\/types\/product"}],"replies":[{"embeddable":true,"href":"https:\/\/apiobi.com\/es\/wp-json\/wp\/v2\/comments?post=1960"}],"wp:featuredmedia":[{"embeddable":true,"href":"https:\/\/apiobi.com\/es\/wp-json\/wp\/v2\/media\/1964"}],"wp:attachment":[{"href":"https:\/\/apiobi.com\/es\/wp-json\/wp\/v2\/media?parent=1960"}],"wp:term":[{"taxonomy":"product_brand","embeddable":true,"href":"https:\/\/apiobi.com\/es\/wp-json\/wp\/v2\/product_brand?post=1960"},{"taxonomy":"product_cat","embeddable":true,"href":"https:\/\/apiobi.com\/es\/wp-json\/wp\/v2\/product_cat?post=1960"},{"taxonomy":"product_tag","embeddable":true,"href":"https:\/\/apiobi.com\/es\/wp-json\/wp\/v2\/product_tag?post=1960"}],"curies":[{"name":"wp","href":"https:\/\/api.w.org\/{rel}","templated":true}]}}