{"id":1888,"date":"2026-04-08T08:39:51","date_gmt":"2026-04-08T08:39:51","guid":{"rendered":"https:\/\/apiobi.com\/?post_type=product&#038;p=1888"},"modified":"2026-04-08T10:23:51","modified_gmt":"2026-04-08T10:23:51","slug":"panneau-perfore-compatible-avec-les-accessoires-ikea-skadis","status":"publish","type":"product","link":"https:\/\/apiobi.com\/es\/boutique\/modeles-3d\/bricolage-atelier\/panneau-perfore-compatible-avec-les-accessoires-ikea-skadis\/","title":{"rendered":"Panel perforado - Compatible con los accesorios SK\u00c5DIS de IKEA"},"content":{"rendered":"<p>Notre mod\u00e8le 3D de panneau perfor\u00e9 compact de <strong>360 \u00d7 160 mm \u2013 D\u00e9coupe laser (SVG) \/ Impression 3D (STL) \u2013 avec pied, vis et \u00e9crou personnalis\u00e9s &#8211; <\/strong>reprend <strong>exactement le m\u00eame sch\u00e9ma de trous et les m\u00eames entraxes que le syst\u00e8me SK\u00c5DIS<\/strong>, garantissant une <strong>compatibilit\u00e9 totale<\/strong> avec tous les crochets, bo\u00eetes, supports et accessoires officiels <strong>IKE.<\/strong><\/p>\n<p>Plus compact et allong\u00e9 (360 mm de longueur pour 160 mm de largeur), notre mod\u00e8le de pr\u00e9sentoir ApiObi est parfait pour organiser :<\/p>\n<ul>\n<li>Outils d\u2019imprimante 3D<\/li>\n<li>Spatules, pinces, cl\u00e9s<\/li>\n<li>Accessoires \u00e9lectroniques<\/li>\n<li>Petits outils d\u2019atelier, garage<\/li>\n<li>Objets de bureau<\/li>\n<li>Bijoux, porte-cl\u00e9s, gadgets sur stands et march\u00e9<\/li>\n<li>etc.<\/li>\n<\/ul>\n<p>Gr\u00e2ce aux <strong>pieds + vis + \u00e9crou au look &#8216;indus&#8217;, tous imprimables en 3D et enti\u00e8rement compatibles avec les panneau perfor\u00e9s de la marque IKEA<\/strong>,\u00a0 ce panneau tient parfaitement debout et devient un support verticale pratique, portable et terriblement polyvalent.<\/p>\n<hr \/>\n<h2>\ud83d\udcd0 Caract\u00e9ristiques du mod\u00e8le<\/h2>\n<ul>\n<li><strong>Dimensions :<\/strong> 360 mm \u00d7 160 mm<\/li>\n<li><strong>Syst\u00e8me de trous :<\/strong> totalement compatible avec le IKEA SK\u00c5DIS<\/li>\n<li><strong>Mat\u00e9riau de l\u2019exemple :<\/strong> panneau d\u00e9coup\u00e9 dans du <strong>MDF de 3 mm<\/strong> \u00e0 la d\u00e9coupe laser<\/li>\n<li><strong>Pieds :<\/strong> sp\u00e9cialement con\u00e7us pour un panneau de <strong>3 mm d\u2019\u00e9paisseur<\/strong>, \u00e0 assembler avec les <strong>vis + \u00e9crous fournis<\/strong><\/li>\n<li><strong>Usage :<\/strong> id\u00e9al comme pr\u00e9sentoir d\u2019outils ou support de bureau<\/li>\n<\/ul>\n<hr \/>\n<h2>\ud83d\udce6 Fichiers inclus<\/h2>\n<p>Votre t\u00e9l\u00e9chargement comprend l\u2019ensemble des mod\u00e8les 3D suivants :<\/p>\n<p>\ud83d\udc49 <strong>1. Panneau perfor\u00e9 \u2013 STL (360 \u00d7 160 \u00d7 3 mm)<br \/>\n<\/strong>Pour impression 3D.<\/p>\n<p>\ud83d\udc49 <strong>2. Panneau perfor\u00e9 \u2013 SVG (360 \u00d7 160 mm)<br \/>\n<\/strong>Parfait pour d\u00e9coupe laser (MDF, contreplaqu\u00e9, acrylique, etc.).<\/p>\n<p>\ud83d\udc49 <strong>3. Pied imprimable en 3D (x1)<br \/>\n<\/strong>Con\u00e7u pour maintenir verticalement un panneau de 3 mm.<\/p>\n<p>\ud83d\udc49 <strong>4. Vis &amp; \u00e9crou type &#8216;indus&#8217;<br \/>\n<\/strong>Mod\u00e8les de visserie adapt\u00e9s sp\u00e9cifiquement \u00e0 ce panneau et garantissant un assemblage solide.<\/p>\n<hr \/>\n<h2>\u2705 Compatibilit\u00e9<\/h2>\n<ul>\n<li>Totalement compatible avec <strong>tous les accessoires IKEA SK\u00c5DIS<\/strong><\/li>\n<\/ul>\n<p>Convient \u00e0 l\u2019impression 3D, la d\u00e9coupe laser ou l\u2019usinage CNC<\/p>\n<p><em>Toutes les marques commerciales cit\u00e9es sont la propri\u00e9t\u00e9s de leur titulaires en France et dans les autres pays.<\/em><\/p>","protected":false},"excerpt":{"rendered":"<p>Notre mod\u00e8le 3D de panneau perfor\u00e9 compact de 360 \u00d7 160 mm \u2013 D\u00e9coupe laser (SVG) \/ Impression 3D (STL) \u2013 avec pied, vis et \u00e9crou personnalis\u00e9s &#8211; reprend exactement le m\u00eame sch\u00e9ma de trous et les m\u00eames entraxes que le syst\u00e8me SK\u00c5DIS, garantissant une compatibilit\u00e9 totale avec tous les crochets, bo\u00eetes, supports et accessoires [&hellip;]<\/p>\n","protected":false},"featured_media":1890,"comment_status":"open","ping_status":"closed","template":"","meta":{"_themeisle_gutenberg_block_has_review":false},"product_brand":[302],"product_cat":[148,138,130],"product_tag":[60,811,1096,1095,1036,229,1094,1093,376,1088,1091,1090,1089,1087,1092,197,383,981],"class_list":{"0":"post-1888","1":"product","2":"type-product","3":"status-publish","4":"has-post-thumbnail","6":"product_brand-apiobi","7":"product_cat-bricolage-atelier","8":"product_cat-loisirs-creatifs-diy","9":"product_cat-modeles-3d","10":"product_tag-accessoire","11":"product_tag-cnc","12":"product_tag-decoupe-laser","13":"product_tag-decoupeuse","14":"product_tag-ikea","15":"product_tag-imprimante-3d","16":"product_tag-laser","17":"product_tag-mdf","18":"product_tag-outil","19":"product_tag-panneau-perfore","20":"product_tag-pattes","21":"product_tag-pieds","22":"product_tag-presentoir","23":"product_tag-skadis","24":"product_tag-socle","25":"product_tag-stl","26":"product_tag-support","27":"product_tag-svg","29":"first","30":"instock","31":"featured","32":"downloadable","33":"virtual","34":"sold-individually","35":"purchasable","36":"product-type-simple"},"_links":{"self":[{"href":"https:\/\/apiobi.com\/es\/wp-json\/wp\/v2\/product\/1888","targetHints":{"allow":["GET"]}}],"collection":[{"href":"https:\/\/apiobi.com\/es\/wp-json\/wp\/v2\/product"}],"about":[{"href":"https:\/\/apiobi.com\/es\/wp-json\/wp\/v2\/types\/product"}],"replies":[{"embeddable":true,"href":"https:\/\/apiobi.com\/es\/wp-json\/wp\/v2\/comments?post=1888"}],"wp:featuredmedia":[{"embeddable":true,"href":"https:\/\/apiobi.com\/es\/wp-json\/wp\/v2\/media\/1890"}],"wp:attachment":[{"href":"https:\/\/apiobi.com\/es\/wp-json\/wp\/v2\/media?parent=1888"}],"wp:term":[{"taxonomy":"product_brand","embeddable":true,"href":"https:\/\/apiobi.com\/es\/wp-json\/wp\/v2\/product_brand?post=1888"},{"taxonomy":"product_cat","embeddable":true,"href":"https:\/\/apiobi.com\/es\/wp-json\/wp\/v2\/product_cat?post=1888"},{"taxonomy":"product_tag","embeddable":true,"href":"https:\/\/apiobi.com\/es\/wp-json\/wp\/v2\/product_tag?post=1888"}],"curies":[{"name":"wp","href":"https:\/\/api.w.org\/{rel}","templated":true}]}}