{"id":1838,"date":"2026-04-07T10:52:15","date_gmt":"2026-04-07T10:52:15","guid":{"rendered":"https:\/\/apiobi.com\/?post_type=product&#038;p=1838"},"modified":"2026-04-07T11:42:56","modified_gmt":"2026-04-07T11:42:56","slug":"%f0%9f%90%9d-leve-cadres-de-type-americain-195-mm","status":"publish","type":"product","link":"https:\/\/apiobi.com\/es\/boutique\/modeles-3d\/aquaculture-apiculture-nichoirs\/%f0%9f%90%9d-leve-cadres-de-type-americain-195-mm\/","title":{"rendered":"\ud83d\udc1d Elevador de bastidor tipo americano | 195 mm"},"content":{"rendered":"<p>Le l\u00e8ve-cadres de type am\u00e9ricain con\u00e7u par ApiObi pour les apiculteurs est un outil aux dimensions compactes tout en conservant sa fonctionnalit\u00e9.\u00a0 Multifonction, il permet de racler la propolis, de d\u00e9coller les cadres facilitant vos interventions au rucher.<\/p>\n<p><strong>En voici les dimensions d\u00e9taill\u00e9es:\u00a0\u00a0<\/strong><br \/>\n<strong>Longueur :<\/strong> 195 mm<br \/>\n<strong>Espesor :<\/strong> 4 mm<br \/>\n<strong>Largeur maximum :<\/strong> 40 mm<br \/>\n<strong>Hauteur (embout levier biseaut\u00e9):<\/strong> 25 mm<br \/>\n<strong>Biseau de la lame plate :<\/strong> 25 mm<br \/>\n<strong>Trou de support :<\/strong> 9 mm (ne permet pas d&#8217;enlever les clous)<\/p>\n<p>Les meilleurs mat\u00e9riaux pour l&#8217;impression 3D sont l\u00e9gers, durables et terriblement solides. Il se poncent, se peignent, s&#8217;aiguisent, peuvent \u00eatre certifi\u00e9 pour le contact alimentaire&#8230; et s&#8217;impriment en illimit\u00e9 dans vos couleurs pr\u00e9f\u00e9r\u00e9es.<\/p>","protected":false},"excerpt":{"rendered":"<p>Le l\u00e8ve-cadres de type am\u00e9ricain con\u00e7u par ApiObi pour les apiculteurs est un outil aux dimensions compactes tout en conservant sa fonctionnalit\u00e9.\u00a0 Multifonction, il permet de racler la propolis, de d\u00e9coller les cadres facilitant vos interventions au rucher. En voici les dimensions d\u00e9taill\u00e9es:\u00a0\u00a0 Longueur : 195 mm \u00c9paisseur : 4 mm Largeur maximum : 40 [&hellip;]<\/p>\n","protected":false},"featured_media":1840,"comment_status":"open","ping_status":"closed","template":"","meta":{"_themeisle_gutenberg_block_has_review":false},"product_brand":[302],"product_cat":[140,130],"product_tag":[626,637,636,237,806,230,297,1086,1084,376,625,1085,628],"class_list":{"0":"post-1838","1":"product","2":"type-product","3":"status-publish","4":"has-post-thumbnail","6":"product_brand-apiobi","7":"product_cat-aquaculture-apiculture-nichoirs","8":"product_cat-modeles-3d","9":"product_tag-abeille","10":"product_tag-apiculteur","11":"product_tag-apiculture","12":"product_tag-apiobi","13":"product_tag-cadre","14":"product_tag-impression-3d","15":"product_tag-imprimable-en-3d","16":"product_tag-inpection","17":"product_tag-levier","18":"product_tag-outil","19":"product_tag-ruche","20":"product_tag-rucher","21":"product_tag-tbh","23":"first","24":"instock","25":"downloadable","26":"virtual","27":"sold-individually","28":"purchasable","29":"product-type-simple"},"_links":{"self":[{"href":"https:\/\/apiobi.com\/es\/wp-json\/wp\/v2\/product\/1838","targetHints":{"allow":["GET"]}}],"collection":[{"href":"https:\/\/apiobi.com\/es\/wp-json\/wp\/v2\/product"}],"about":[{"href":"https:\/\/apiobi.com\/es\/wp-json\/wp\/v2\/types\/product"}],"replies":[{"embeddable":true,"href":"https:\/\/apiobi.com\/es\/wp-json\/wp\/v2\/comments?post=1838"}],"wp:featuredmedia":[{"embeddable":true,"href":"https:\/\/apiobi.com\/es\/wp-json\/wp\/v2\/media\/1840"}],"wp:attachment":[{"href":"https:\/\/apiobi.com\/es\/wp-json\/wp\/v2\/media?parent=1838"}],"wp:term":[{"taxonomy":"product_brand","embeddable":true,"href":"https:\/\/apiobi.com\/es\/wp-json\/wp\/v2\/product_brand?post=1838"},{"taxonomy":"product_cat","embeddable":true,"href":"https:\/\/apiobi.com\/es\/wp-json\/wp\/v2\/product_cat?post=1838"},{"taxonomy":"product_tag","embeddable":true,"href":"https:\/\/apiobi.com\/es\/wp-json\/wp\/v2\/product_tag?post=1838"}],"curies":[{"name":"wp","href":"https:\/\/api.w.org\/{rel}","templated":true}]}}