{"id":1825,"date":"2026-04-03T11:26:32","date_gmt":"2026-04-03T11:26:32","guid":{"rendered":"https:\/\/apiobi.com\/?post_type=product&#038;p=1825"},"modified":"2026-04-03T11:53:02","modified_gmt":"2026-04-03T11:53:02","slug":"%f0%9f%90%89moule-a-cones-dencens-griffe-de-dragon","status":"publish","type":"product","link":"https:\/\/apiobi.com\/es\/boutique\/modeles-3d\/maison-deco-bien-etre\/meditation-relaxation\/%f0%9f%90%89moule-a-cones-dencens-griffe-de-dragon\/","title":{"rendered":"\ud83d\udc09Molde para conos de incienso en forma de garra de drag\u00f3n\u00ab"},"content":{"rendered":"<p>Donnez une forme spectaculaire \u00e0 vos c\u00f4nes d&#8217;encens maison gr\u00e2ce \u00e0 ce <strong>moule en forme de griffe de dragon<\/strong>, sp\u00e9cialement con\u00e7u pour cr\u00e9er vos propres c\u00f4nes d\u2019encens \u00e0 base de m\u00e9langes DIY.<\/p>\n<h4>\ud83d\udd25 Description<\/h4>\n<p>Ce moule est simple et intuitif \u00e0 utiliser. Pour obtenir une griffe parfaitement form\u00e9e :<\/p>\n<ol>\n<li>Assemblez les deux parties du moule \u00e0 l\u2019aide d\u2019une pince-ressort.<\/li>\n<li>Remplissez-le avec votre m\u00e9lange d\u2019encens.<\/li>\n<li>Compactez d\u2019abord la pointe de la griffe \u00e0 l\u2019aide d\u2019un outil conique.<\/li>\n<\/ol>\n<p>Avec un peu d\u2019habitude, vous r\u00e9aliserez des griffes parfaites, au design original et unique.<\/p>\n<p>\ud83d\udca8 Pour un c\u00f4ne en <strong>backflow<\/strong>, ins\u00e9rez une tige fine ou une aiguille d\u2019environ <strong>3 cm<\/strong> dans le m\u00e9lange afin de cr\u00e9er le conduit d\u2019air. Nous vous recommandons pour cela d&#8217;utiliser notre ensemble de 3 outils pr\u00e9vus sp\u00e9cifiquement pour cet usage!<\/p>\n<ul>\n<li><strong>Taille d\u2019un c\u00f4ne griffe : 40 mm<\/strong><\/li>\n<\/ul>\n<h4>\ud83c\udf3f Pour aller plus loin<\/h4>\n<p>De nombreux tutoriels existent pour apprendre \u00e0 fabriquer vos propres m\u00e9langes d\u2019encens, que ce soit avec des ingr\u00e9dients sp\u00e9cialis\u00e9s, ceux que vous avez d\u00e9j\u00e0 dans votre cuisine, ou encore des \u00e9l\u00e9ments simples \u00e0 r\u00e9colter dans la nature.<\/p>","protected":false},"excerpt":{"rendered":"<p>Donnez une forme spectaculaire \u00e0 vos c\u00f4nes d&#8217;encens maison gr\u00e2ce \u00e0 ce moule en forme de griffe de dragon, sp\u00e9cialement con\u00e7u pour cr\u00e9er vos propres c\u00f4nes d\u2019encens \u00e0 base de m\u00e9langes DIY. \ud83d\udd25 Description Ce moule est simple et intuitif \u00e0 utiliser. Pour obtenir une griffe parfaitement form\u00e9e : Assemblez les deux parties du moule [&hellip;]<\/p>\n","protected":false},"featured_media":1833,"comment_status":"open","ping_status":"closed","template":"","meta":{"_themeisle_gutenberg_block_has_review":false},"product_brand":[302],"product_cat":[144,995,130],"product_tag":[60,349,877,883,237,885,289,889,649,837,208,875,879,406,888,230,297,884,881,1082,362,375,376,878,886,361,374,876,887,197,363,882,880],"class_list":{"0":"post-1825","1":"product","2":"type-product","3":"status-publish","4":"has-post-thumbnail","6":"product_brand-apiobi","7":"product_cat-maison-deco-bien-etre","8":"product_cat-meditation-relaxation","9":"product_cat-modeles-3d","10":"product_tag-accessoire","11":"product_tag-accessory","12":"product_tag-air","13":"product_tag-ambiance","14":"product_tag-apiobi","15":"product_tag-backflow","16":"product_tag-bricolage","17":"product_tag-bruleur","18":"product_tag-cone","19":"product_tag-decoration","20":"product_tag-diy","21":"product_tag-encens","22":"product_tag-fumee","23":"product_tag-handmade","24":"product_tag-home","25":"product_tag-impression-3d","26":"product_tag-imprimable-en-3d","27":"product_tag-incense","28":"product_tag-maison","29":"product_tag-meditation","30":"product_tag-mold","31":"product_tag-moule","32":"product_tag-outil","33":"product_tag-parfum","34":"product_tag-perfume","35":"product_tag-press","36":"product_tag-presse","37":"product_tag-reflux","38":"product_tag-smoke","39":"product_tag-stl","40":"product_tag-tool","41":"product_tag-yoga","42":"product_tag-zen","44":"first","45":"instock","46":"featured","47":"downloadable","48":"virtual","49":"sold-individually","50":"purchasable","51":"product-type-simple"},"_links":{"self":[{"href":"https:\/\/apiobi.com\/es\/wp-json\/wp\/v2\/product\/1825","targetHints":{"allow":["GET"]}}],"collection":[{"href":"https:\/\/apiobi.com\/es\/wp-json\/wp\/v2\/product"}],"about":[{"href":"https:\/\/apiobi.com\/es\/wp-json\/wp\/v2\/types\/product"}],"replies":[{"embeddable":true,"href":"https:\/\/apiobi.com\/es\/wp-json\/wp\/v2\/comments?post=1825"}],"wp:featuredmedia":[{"embeddable":true,"href":"https:\/\/apiobi.com\/es\/wp-json\/wp\/v2\/media\/1833"}],"wp:attachment":[{"href":"https:\/\/apiobi.com\/es\/wp-json\/wp\/v2\/media?parent=1825"}],"wp:term":[{"taxonomy":"product_brand","embeddable":true,"href":"https:\/\/apiobi.com\/es\/wp-json\/wp\/v2\/product_brand?post=1825"},{"taxonomy":"product_cat","embeddable":true,"href":"https:\/\/apiobi.com\/es\/wp-json\/wp\/v2\/product_cat?post=1825"},{"taxonomy":"product_tag","embeddable":true,"href":"https:\/\/apiobi.com\/es\/wp-json\/wp\/v2\/product_tag?post=1825"}],"curies":[{"name":"wp","href":"https:\/\/api.w.org\/{rel}","templated":true}]}}