{"id":1819,"date":"2026-04-03T11:05:38","date_gmt":"2026-04-03T11:05:38","guid":{"rendered":"https:\/\/apiobi.com\/?post_type=product&#038;p=1819"},"modified":"2026-04-07T05:55:41","modified_gmt":"2026-04-07T05:55:41","slug":"disque-dentree-4-positions-porte-et-aerateur-pour-ruches-tbh","status":"publish","type":"product","link":"https:\/\/apiobi.com\/es\/boutique\/modeles-3d\/aquaculture-apiculture-nichoirs\/disque-dentree-4-positions-porte-et-aerateur-pour-ruches-tbh\/","title":{"rendered":"\ud83d\udc1dDisque d'entr\u00e9e 4 positions | Porte et ventilation pour ruche TBH | \u00d8 75mm"},"content":{"rendered":"<p>Porte d&#8217;entr\u00e9e circulaire \u00e0 4 positions pour ruches TBH ou autres mod\u00e8les.<br \/>\nCe mod\u00e8le a \u00e9t\u00e9 con\u00e7u pour s&#8217;adapter \u00e0 un ou \u00e0 l&#8217;ensemble des trous de 22 mm de diam\u00e8tre, tels que ceux des ruches Top Bar de Philip Chandler.<br \/>\nSa structure rigide maintient le disque fermement contre le bois.<\/p>\n<p><strong>Contr\u00f4le d&#8217;acc\u00e8s polyvalent et fiable avec\u00a0<\/strong><strong>4 positions :<\/strong> fermeture totale, fermeture a\u00e9r\u00e9e pour la ventilation, ouverture limit\u00e9e aux abeilles (anti-frelons asiatiques, etc.) et ouverture totale,<br \/>\n<strong>Diam\u00e8tre : <\/strong>75 mm<strong><br \/>\nPositionnement s<\/strong>ur la ruche : le centre du disque se trouve \u00e0 19,5 mm du centre du trou de 22 mm. Au-dessus ou en dessous selon l&#8217;emplacement des trous.<br \/>\n<strong>Fixation<\/strong> \u00e0 l&#8217;aide d&#8217;une vis ou d&#8217;un petit crochet m\u00e9tallique et d&#8217;une rondelle m\u00e9tallique<\/p>\n<p>En position ferm\u00e9e, la porte d&#8217;entr\u00e9e n&#8217;assure pas l&#8217;isolation thermique de la ruche pendant l&#8217;hiver. Utilisez un bouchon de li\u00e8ge pour cela \ud83d\ude09<\/p>","protected":false},"excerpt":{"rendered":"<p>Porte d&#8217;entr\u00e9e circulaire \u00e0 4 positions pour ruches TBH ou autres mod\u00e8les. Ce mod\u00e8le a \u00e9t\u00e9 con\u00e7u pour s&#8217;adapter \u00e0 un ou \u00e0 l&#8217;ensemble des trous de 22 mm de diam\u00e8tre, tels que ceux des ruches Top Bar de Philip Chandler. Sa structure rigide maintient le disque fermement contre le bois. Contr\u00f4le d&#8217;acc\u00e8s polyvalent et [&hellip;]<\/p>\n","protected":false},"featured_media":1822,"comment_status":"open","ping_status":"closed","template":"","meta":{"_themeisle_gutenberg_block_has_review":false},"product_brand":[302],"product_cat":[140,130],"product_tag":[626,1081,637,636,237,627,639,1080,1077,633,230,297,630,634,1083,40,625,632,1076,628,629,1079,1078],"class_list":{"0":"post-1819","1":"product","2":"type-product","3":"status-publish","4":"has-post-thumbnail","6":"product_brand-apiobi","7":"product_cat-aquaculture-apiculture-nichoirs","8":"product_cat-modeles-3d","9":"product_tag-abeille","10":"product_tag-aeration","11":"product_tag-apiculteur","12":"product_tag-apiculture","13":"product_tag-apiobi","14":"product_tag-bees","15":"product_tag-cire","16":"product_tag-disque","17":"product_tag-entree","18":"product_tag-horizontale","19":"product_tag-impression-3d","20":"product_tag-imprimable-en-3d","21":"product_tag-kenyane","22":"product_tag-miel","23":"product_tag-nuclei","24":"product_tag-porte","25":"product_tag-ruche","26":"product_tag-starter","27":"product_tag-tanzanienne","28":"product_tag-tbh","29":"product_tag-top-bar-hive","30":"product_tag-ventilation","31":"product_tag-volet","33":"first","34":"instock","35":"downloadable","36":"virtual","37":"sold-individually","38":"purchasable","39":"product-type-simple"},"_links":{"self":[{"href":"https:\/\/apiobi.com\/es\/wp-json\/wp\/v2\/product\/1819","targetHints":{"allow":["GET"]}}],"collection":[{"href":"https:\/\/apiobi.com\/es\/wp-json\/wp\/v2\/product"}],"about":[{"href":"https:\/\/apiobi.com\/es\/wp-json\/wp\/v2\/types\/product"}],"replies":[{"embeddable":true,"href":"https:\/\/apiobi.com\/es\/wp-json\/wp\/v2\/comments?post=1819"}],"wp:featuredmedia":[{"embeddable":true,"href":"https:\/\/apiobi.com\/es\/wp-json\/wp\/v2\/media\/1822"}],"wp:attachment":[{"href":"https:\/\/apiobi.com\/es\/wp-json\/wp\/v2\/media?parent=1819"}],"wp:term":[{"taxonomy":"product_brand","embeddable":true,"href":"https:\/\/apiobi.com\/es\/wp-json\/wp\/v2\/product_brand?post=1819"},{"taxonomy":"product_cat","embeddable":true,"href":"https:\/\/apiobi.com\/es\/wp-json\/wp\/v2\/product_cat?post=1819"},{"taxonomy":"product_tag","embeddable":true,"href":"https:\/\/apiobi.com\/es\/wp-json\/wp\/v2\/product_tag?post=1819"}],"curies":[{"name":"wp","href":"https:\/\/api.w.org\/{rel}","templated":true}]}}