{"id":1786,"date":"2026-04-01T09:10:12","date_gmt":"2026-04-01T09:10:12","guid":{"rendered":"https:\/\/apiobi.com\/?post_type=product&#038;p=1786"},"modified":"2026-04-01T09:54:26","modified_gmt":"2026-04-01T09:54:26","slug":"degorgeoir-mouche-et-toutes-peches-3dpecheur-n2","status":"publish","type":"product","link":"https:\/\/apiobi.com\/es\/boutique\/modeles-3d\/outdoor-sport\/peche-3dpecheur\/peche-a-la-mouche\/degorgeoir-mouche-et-toutes-peches-3dpecheur-n2\/","title":{"rendered":"3Dpecheur fly disgorger - N\u00b02"},"content":{"rendered":"<p>Le d\u00e9gorgeoir N\u00b02 &#8211; 3Dpecheur est un outil indispensable pour extraire d\u00e9licatement les hame\u00e7ons, les nymphes, mouches et leurres. Le nylon glisse tr\u00e8s bien \u00e0 travers le guide jusqu\u2019\u00e0 l\u2019hame\u00e7on. Retirer l\u2019hame\u00e7on est d\u00e9sormais tr\u00e8s simple.<br \/>\nIl a \u00e9t\u00e9 con\u00e7u\u00a0 pour une impression en &#8216;print in place&#8217; avec un anneau en D solide et mobile pour pouvoir l&#8217;utiliser rapidement depuis votre veste, votre sac ou votre tour de cou \u00e0 outils.<\/p>\n<p>Je l&#8217;utilise principalement pour la p\u00eache \u00e0 la mouche et la p\u00eache au micro-leurre mais il convient \u00e0 tous poissons et toutes p\u00eaches.<br \/>\nL&#8217;utilisation est tr\u00e8s proche de mod\u00e8les comme le Stonfo pour un co\u00fbt 4 fois inf\u00e9rieur.<\/p>\n<p>&nbsp;<\/p>","protected":false},"excerpt":{"rendered":"<p>Le d\u00e9gorgeoir N\u00b02 &#8211; 3Dpecheur est un outil indispensable pour extraire d\u00e9licatement les hame\u00e7ons, les nymphes, mouches et leurres. Le nylon glisse tr\u00e8s bien \u00e0 travers le guide jusqu\u2019\u00e0 l\u2019hame\u00e7on. Retirer l\u2019hame\u00e7on est d\u00e9sormais tr\u00e8s simple. Il a \u00e9t\u00e9 con\u00e7u\u00a0 pour une impression en &#8216;print in place&#8217; avec un anneau en D solide et mobile [&hellip;]<\/p>\n","protected":false},"featured_media":1789,"comment_status":"open","ping_status":"closed","template":"","meta":{"_themeisle_gutenberg_block_has_review":false},"product_brand":[303,302],"product_cat":[130,136,152],"product_tag":[238,237,579,1067,575,425,583,1066,574,584,578,580,590,573,197,569,585,541,550],"class_list":{"0":"post-1786","1":"product","2":"type-product","3":"status-publish","4":"has-post-thumbnail","6":"product_brand-3dpecheur","7":"product_brand-apiobi","8":"product_cat-modeles-3d","9":"product_cat-peche-3dpecheur","10":"product_cat-peche-a-la-mouche","11":"product_tag-3dpecheur","12":"product_tag-apiobi","13":"product_tag-bas-de-ligne","14":"product_tag-degorgeoir","15":"product_tag-ferrage","16":"product_tag-float","17":"product_tag-fly-fishing","18":"product_tag-hamecon","19":"product_tag-ligne","20":"product_tag-line","21":"product_tag-nylon","22":"product_tag-nymphe","23":"product_tag-nymphing","24":"product_tag-peche-a-la-mouche","25":"product_tag-stl","26":"product_tag-streamer","27":"product_tag-strike","28":"product_tag-trout","29":"product_tag-truite","31":"first","32":"instock","33":"featured","34":"downloadable","35":"virtual","36":"sold-individually","37":"purchasable","38":"product-type-simple"},"_links":{"self":[{"href":"https:\/\/apiobi.com\/es\/wp-json\/wp\/v2\/product\/1786","targetHints":{"allow":["GET"]}}],"collection":[{"href":"https:\/\/apiobi.com\/es\/wp-json\/wp\/v2\/product"}],"about":[{"href":"https:\/\/apiobi.com\/es\/wp-json\/wp\/v2\/types\/product"}],"replies":[{"embeddable":true,"href":"https:\/\/apiobi.com\/es\/wp-json\/wp\/v2\/comments?post=1786"}],"wp:featuredmedia":[{"embeddable":true,"href":"https:\/\/apiobi.com\/es\/wp-json\/wp\/v2\/media\/1789"}],"wp:attachment":[{"href":"https:\/\/apiobi.com\/es\/wp-json\/wp\/v2\/media?parent=1786"}],"wp:term":[{"taxonomy":"product_brand","embeddable":true,"href":"https:\/\/apiobi.com\/es\/wp-json\/wp\/v2\/product_brand?post=1786"},{"taxonomy":"product_cat","embeddable":true,"href":"https:\/\/apiobi.com\/es\/wp-json\/wp\/v2\/product_cat?post=1786"},{"taxonomy":"product_tag","embeddable":true,"href":"https:\/\/apiobi.com\/es\/wp-json\/wp\/v2\/product_tag?post=1786"}],"curies":[{"name":"wp","href":"https:\/\/api.w.org\/{rel}","templated":true}]}}