{"id":1779,"date":"2026-04-01T08:23:40","date_gmt":"2026-04-01T08:23:40","guid":{"rendered":"https:\/\/apiobi.com\/?post_type=product&#038;p=1779"},"modified":"2026-04-01T08:54:48","modified_gmt":"2026-04-01T08:54:48","slug":"support-de-canne-y-repose-canne-3dpecheur-ybs70mm","status":"publish","type":"product","link":"https:\/\/apiobi.com\/es\/boutique\/modeles-3d\/outdoor-sport\/peche-3dpecheur\/peche-carpe\/support-de-canne-y-repose-canne-3dpecheur-ybs70mm\/","title":{"rendered":"Porta bast\u00f3n Y | Porta bast\u00f3n 3Dpecheur | YBS70mm"},"content":{"rendered":"<h3 data-section-id=\"amxok5\" data-start=\"366\" data-end=\"401\">\ud83c\udfa3 Caract\u00e9ristiques principales<\/h3>\n<ul data-start=\"402\" data-end=\"710\">\n<li data-section-id=\"1swc44f\" data-start=\"402\" data-end=\"477\"><strong data-start=\"404\" data-end=\"418\">Forme en Y<\/strong> avec <strong data-start=\"424\" data-end=\"445\">renforts lat\u00e9raux<\/strong> pour une excellente rigidit\u00e9.<\/li>\n<li data-section-id=\"102ybla\" data-start=\"478\" data-end=\"601\"><strong data-start=\"480\" data-end=\"510\">Filetage standard 3\/8&#8243; BSF<\/strong> (tol\u00e9rances int\u00e9gr\u00e9es) compatible avec la majorit\u00e9 des banksticks et supports du march\u00e9.<\/li>\n<li data-section-id=\"3tzhks\" data-start=\"602\" data-end=\"710\">Con\u00e7u pour maintenir efficacement l\u2019arri\u00e8re de la canne, id\u00e9al pour la p\u00eache au <strong data-start=\"684\" data-end=\"694\">feeder<\/strong> ou en statique.<\/li>\n<\/ul>\n<blockquote data-start=\"712\" data-end=\"822\">\n<p data-start=\"714\" data-end=\"822\">Sur la photo, j\u2019ai utilis\u00e9 comme support l\u2019un de mes banksticks universels \u00e9quip\u00e9s d\u2019un filetage p\u00eache 3\/8&#8243;.<\/p>\n<\/blockquote>\n<p><strong><br \/>\n3Dpecheur \u2013 Mod\u00e8les 3D 100 % p\u00eache<\/strong><\/p>\n<p>3Dpecheur est la premi\u00e8re plateforme ind\u00e9pendante d\u00e9di\u00e9e aux <strong>mod\u00e8les 3D \u00e0 imprimer chez soi, 100 % p\u00eache<\/strong>.<br \/>\nTous les fichiers STL sont <strong>des cr\u00e9ations originales r\u00e9alis\u00e9es par un p\u00eacheur exp\u00e9riment\u00e9 (plus de 40 ans de pratique)<\/strong>, test\u00e9es en conditions r\u00e9elles et optimis\u00e9es pour l\u2019impression FDM.<\/p>\n<p>\u2705 <strong>T\u00e9l\u00e9chargement et impression illimit\u00e9s pour usage personnel<\/strong><br \/>\n\u2705 <strong>Accessoires totalement fonctionnels<\/strong> : repose-cannes, avertisseurs, flotteurs, outils de montage de mouches, etc.<br \/>\n\u2705 <strong>Qualit\u00e9 v\u00e9rifi\u00e9e<\/strong> : maillage pr\u00e9cis, sans facettes, avec recommandations d&#8217;impression d\u00e9taill\u00e9es<br \/>\n\u2705 <strong>Cr\u00e9ations originales<\/strong> : pas de copies d\u2019accessoires du commerce, mais des designs pens\u00e9s pour la praticit\u00e9 et la fiabilit\u00e9<\/p>\n<p>3Dpecheur propose une <strong>exp\u00e9rience DIY innovante d\u00e9di\u00e9e \u00e0 la p\u00eache<\/strong>, pour vous permettre de profiter de la satisfaction unique de prendre des poissons troph\u00e9es avec des \u00e9quipements que vous avez fabriqu\u00e9s vous-m\u00eame, gr\u00e2ce \u00e0 votre imprimante 3D.<\/p>","protected":false},"excerpt":{"rendered":"<p>Posez et gardez votre canne \u00e0 l&#8217;\u00e9cart de la v\u00e9g\u00e9tation en bordure gr\u00e2ce \u00e0 ce<strong> support de canne<\/strong><strong data-start=\"300\" data-end=\"337\">\u00a0en forme de Y<\/strong> 3Dpecheur, robuste et fonctionnel.<\/p>","protected":false},"featured_media":1782,"comment_status":"open","ping_status":"closed","template":"","meta":{"_themeisle_gutenberg_block_has_review":false},"product_brand":[303,302],"product_cat":[130,136,150],"product_tag":[],"class_list":{"0":"post-1779","1":"product","2":"type-product","3":"status-publish","4":"has-post-thumbnail","6":"product_brand-3dpecheur","7":"product_brand-apiobi","8":"product_cat-modeles-3d","9":"product_cat-peche-3dpecheur","10":"product_cat-peche-carpe","12":"first","13":"instock","14":"downloadable","15":"virtual","16":"sold-individually","17":"purchasable","18":"product-type-simple"},"_links":{"self":[{"href":"https:\/\/apiobi.com\/es\/wp-json\/wp\/v2\/product\/1779","targetHints":{"allow":["GET"]}}],"collection":[{"href":"https:\/\/apiobi.com\/es\/wp-json\/wp\/v2\/product"}],"about":[{"href":"https:\/\/apiobi.com\/es\/wp-json\/wp\/v2\/types\/product"}],"replies":[{"embeddable":true,"href":"https:\/\/apiobi.com\/es\/wp-json\/wp\/v2\/comments?post=1779"}],"wp:featuredmedia":[{"embeddable":true,"href":"https:\/\/apiobi.com\/es\/wp-json\/wp\/v2\/media\/1782"}],"wp:attachment":[{"href":"https:\/\/apiobi.com\/es\/wp-json\/wp\/v2\/media?parent=1779"}],"wp:term":[{"taxonomy":"product_brand","embeddable":true,"href":"https:\/\/apiobi.com\/es\/wp-json\/wp\/v2\/product_brand?post=1779"},{"taxonomy":"product_cat","embeddable":true,"href":"https:\/\/apiobi.com\/es\/wp-json\/wp\/v2\/product_cat?post=1779"},{"taxonomy":"product_tag","embeddable":true,"href":"https:\/\/apiobi.com\/es\/wp-json\/wp\/v2\/product_tag?post=1779"}],"curies":[{"name":"wp","href":"https:\/\/api.w.org\/{rel}","templated":true}]}}