{"id":1765,"date":"2026-04-01T07:04:22","date_gmt":"2026-04-01T07:04:22","guid":{"rendered":"https:\/\/apiobi.com\/?post_type=product&#038;p=1765"},"modified":"2026-04-01T09:58:05","modified_gmt":"2026-04-01T09:58:05","slug":"applicateur-de-graisse-pour-tiges-filetees-de-8-mm","status":"publish","type":"product","link":"https:\/\/apiobi.com\/es\/boutique\/modeles-3d\/technologie-informatique-3d\/applicateur-de-graisse-pour-tiges-filetees-de-8-mm\/","title":{"rendered":"Engrasador para varillas roscadas de 8 mm"},"content":{"rendered":"<p>Notre applicateur imprimable en 3D a \u00e9t\u00e9 con\u00e7u pour <strong>enrober uniform\u00e9ment de graisse<\/strong> les tiges filet\u00e9es trap\u00e9zo\u00efdales de <strong>8 mm<\/strong> utilis\u00e9es sur la majorit\u00e9 des imprimantes 3D FDM mais \u00e9galement sur de nombreux objets du quotidien (ex:\u00a0 machine \u00e0 caf\u00e9 expresso ). Compatible avec tous les types de lubrifiants sauf liquides (graisse \u00e9paisse, lithium, lubrifiants plus visqueux, etc.), il garantit un graissage propre, rapide et parfaitement r\u00e9parti.<\/p>\n<h4>\ud83c\udfaf Conception optimis\u00e9e<\/h4>\n<p>Le mod\u00e8le pr\u00e9sente des <strong>tol\u00e9rances serr\u00e9es et ma\u00eetris\u00e9es<\/strong>, permettant \u00e0 l\u2019outil de :<\/p>\n<ul>\n<li>S\u2019ouvrir suffisamment puis <strong>reprendre facilement sa forme<\/strong> gr\u00e2ce \u00e0 son \u00e9lasticit\u00e9.<\/li>\n<li><strong>Pincer fermement<\/strong> la tige filet\u00e9e tout en conservant un espace interne pour stocker la graisse et assurer une glisse fluide.<\/li>\n<li>S\u2019imprimer <strong>sans fusion ind\u00e9sirable<\/strong> entre les parois, m\u00eame sur des imprimantes 3D FDM basiques comme une Ender 3.<\/li>\n<\/ul>\n<h4>\ud83d\udcf8 Photos &amp; d\u00e9monstrations<\/h4>\n<ul>\n<li><strong>1 &amp; 2 :<\/strong> Application homog\u00e8ne de graisse blanche au lithium sur une tige de 8 mm.<\/li>\n<li><strong>3 :<\/strong> La graisse se r\u00e9partit parfaitement dans les filets apr\u00e8s un simple aller-retour, avec un minimum de d\u00e9bordement.<\/li>\n<\/ul>\n<h4>\ud83d\udca1 Pourquoi vous allez l\u2019adorer<\/h4>\n<p>Cet outil rend la lubrification des tiges filet\u00e9es <strong>rapide, propre et presque ludique<\/strong>. Un entretien bien plus simple pour une imprimante plus fiable\u2026 et des axes Z qui glissent comme jamais !<\/p>\n<h4>\ud83e\uddea Tests r\u00e9alis\u00e9s<\/h4>\n<p>Test\u00e9 sur plusieurs mod\u00e8les d\u2019imprimantes 3D.<br \/>\nLes \u00e9chantillons visibles sur les photos et GIFs ont \u00e9t\u00e9 imprim\u00e9s sur une <strong>Ender 3 Pro d\u2019origine<\/strong> (avec BLTouch et plaque PEI), pour prouver :<\/p>\n<ol>\n<li>l&#8217;imprimabilit\u00e9 3D.<\/li>\n<li>la qualit\u00e9 d&#8217;impression sur des machines FDM courantes, sans technologies avanc\u00e9es.<\/li>\n<\/ol>\n<p>\u27a1\ufe0f <em>Conclusion : si notre mod\u00e8le s&#8217;imprime bien sur une Ender 3, il sera fantastique et tout autant fonctionnel sur la v\u00f4tre.<\/em><\/p>","protected":false},"excerpt":{"rendered":"<p>Notre applicateur imprimable en 3D a \u00e9t\u00e9 con\u00e7u pour enrober uniform\u00e9ment de graisse les tiges filet\u00e9es trap\u00e9zo\u00efdales de 8 mm utilis\u00e9es sur la majorit\u00e9 des imprimantes 3D FDM mais \u00e9galement sur de nombreux objets du quotidien (ex:\u00a0 machine \u00e0 caf\u00e9 expresso ). Compatible avec tous les types de lubrifiants sauf liquides (graisse \u00e9paisse, lithium, lubrifiants [&hellip;]<\/p>\n","protected":false},"featured_media":1766,"comment_status":"open","ping_status":"closed","template":"","meta":{"_themeisle_gutenberg_block_has_review":false},"product_brand":[302],"product_cat":[148,130,146],"product_tag":[422,1057,60,1060,1064,1065,1058,1063,229,1062,1061,376,1056,603,1059],"class_list":{"0":"post-1765","1":"product","2":"type-product","3":"status-publish","4":"has-post-thumbnail","6":"product_brand-apiobi","7":"product_cat-bricolage-atelier","8":"product_cat-modeles-3d","9":"product_cat-technologie-informatique-3d","10":"product_tag-3d","11":"product_tag-8-mm","12":"product_tag-accessoire","13":"product_tag-entretien","14":"product_tag-filetage","15":"product_tag-filetee","16":"product_tag-graissage","17":"product_tag-graisse","18":"product_tag-imprimante-3d","19":"product_tag-lubrification","20":"product_tag-maintenance","21":"product_tag-outil","22":"product_tag-tige","23":"product_tag-vis","24":"product_tag-vis-mere","26":"first","27":"instock","28":"featured","29":"downloadable","30":"virtual","31":"sold-individually","32":"purchasable","33":"product-type-simple"},"_links":{"self":[{"href":"https:\/\/apiobi.com\/es\/wp-json\/wp\/v2\/product\/1765","targetHints":{"allow":["GET"]}}],"collection":[{"href":"https:\/\/apiobi.com\/es\/wp-json\/wp\/v2\/product"}],"about":[{"href":"https:\/\/apiobi.com\/es\/wp-json\/wp\/v2\/types\/product"}],"replies":[{"embeddable":true,"href":"https:\/\/apiobi.com\/es\/wp-json\/wp\/v2\/comments?post=1765"}],"wp:featuredmedia":[{"embeddable":true,"href":"https:\/\/apiobi.com\/es\/wp-json\/wp\/v2\/media\/1766"}],"wp:attachment":[{"href":"https:\/\/apiobi.com\/es\/wp-json\/wp\/v2\/media?parent=1765"}],"wp:term":[{"taxonomy":"product_brand","embeddable":true,"href":"https:\/\/apiobi.com\/es\/wp-json\/wp\/v2\/product_brand?post=1765"},{"taxonomy":"product_cat","embeddable":true,"href":"https:\/\/apiobi.com\/es\/wp-json\/wp\/v2\/product_cat?post=1765"},{"taxonomy":"product_tag","embeddable":true,"href":"https:\/\/apiobi.com\/es\/wp-json\/wp\/v2\/product_tag?post=1765"}],"curies":[{"name":"wp","href":"https:\/\/api.w.org\/{rel}","templated":true}]}}