{"id":1733,"date":"2026-03-31T10:50:12","date_gmt":"2026-03-31T10:50:12","guid":{"rendered":"https:\/\/apiobi.com\/?post_type=product&#038;p=1733"},"modified":"2026-03-31T13:14:59","modified_gmt":"2026-03-31T13:14:59","slug":"couvercle-de-fermentation-pour-bocaux-le-parfait-super","status":"publish","type":"product","link":"https:\/\/apiobi.com\/es\/boutique\/modeles-3d\/maison-deco-bien-etre\/brassage-fermentation\/couvercle-de-fermentation-pour-bocaux-le-parfait-super\/","title":{"rendered":"Tapa de prueba para tarros de cristal \u201cSuper\u201d - Le Parfait"},"content":{"rendered":"<p>Transformez vos bocaux <strong>Le Parfait \u201cSuper\u201d<\/strong> en v\u00e9ritables r\u00e9cipients de fermentation fiables gr\u00e2ce \u00e0 ce <strong>couvercle perc\u00e9 imprimable en 3D<\/strong>. Con\u00e7u sp\u00e9cifiquement pour le <strong>syst\u00e8me de fermeture m\u00e9tallique \u00d885 mm<\/strong>, il est compatible avec les bocaux <strong>Le Parfait Super de 500 ml, 750 ml, 1 L, 1,5 L et 2 L<\/strong>, ainsi qu\u2019avec tout autre bocal dot\u00e9 du m\u00eame syst\u00e8me de fermeture \u00e0 \u00e9trier.<\/p>\n<p>\ud83d\udca1 <strong>Compatibilit\u00e9 \u00e9tendue :<\/strong><br \/>\nCe couvercle a \u00e9galement \u00e9t\u00e9 <strong>test\u00e9 et valid\u00e9 sur le bocal Ikea 2 L avec fermeture \u00e0 \u00e9trier<\/strong>. Bien que ce mod\u00e8le Ikea n\u2019utilise pas exactement la m\u00eame sp\u00e9cification de 85 mm, le design Apiobi assure dans tous les cas, un <strong>ajustement s\u00fbr, herm\u00e9tique et parfaitement fonctionnel<\/strong> pour la fermentation.<\/p>\n<p>\u00c0 noter : des bocaux <strong>sans marques de 1 L, 2 L et 3 L<\/strong> (et tr\u00e8s probablement jusqu\u2019\u00e0 5 L) peuvent eux aussi accueillir ce couvercle. Sur mes photos, vous verrez un mod\u00e8le de 3 L de forme cubique, particuli\u00e8rement pratique \u00e0 l\u2019usage.<\/p>\n<hr \/>\n<h4>Caract\u00e9ristiques<\/h4>\n<ul>\n<li>\u2705 <strong>Robuste et durable<\/strong> \u2013 parois \u00e9paisses, conception renforc\u00e9e pour \u00e9viter les fissures et garantir une durabilit\u00e9 \u00e9lev\u00e9e.<\/li>\n<li>\u2705 <strong>Parfait pour la fermentation<\/strong> \u2013 id\u00e9al pour choucroute, kimchi, kombucha, pickles et bien plus. Pour le kvass, ce couvercle perc\u00e9 permet \u00e0 la premi\u00e8re fermentation de respirer tout en emp\u00eachant les insectes et contaminants de p\u00e9n\u00e9trer.<\/li>\n<li>\u2705 <strong>Usages \u00e9largis<\/strong> \u2013 parfait pour vinaigre de cidre, vinaigres de fruits, levain, starters, petits brassins de bi\u00e8re ou kvass traditionnel.<\/li>\n<li>\u2705 <strong>Compatibilit\u00e9 universelle<\/strong> \u2013 con\u00e7u pour les bocaux Le Parfait Super (500 ml \u00e0 2 L) et <strong>parfaitement compatible avec les bocaux Ikea 2 L<\/strong>.<\/li>\n<li>\u2705 <strong>Adapt\u00e9 aux joints caoutchouc<\/strong> \u2013 trou calibr\u00e9 pour accueillir un passe-paroi en caoutchouc et un barboteur <strong>en S<\/strong>.<\/li>\n<li>\u2705 <strong>Joint herm\u00e9tique<\/strong> \u2013 aucune fuite, aucune entr\u00e9e d\u2019oxyg\u00e8ne ind\u00e9sirable, aucune contamination.<\/li>\n<li>\u2705 <strong>Bien mieux qu\u2019un tissu<\/strong> \u2013 contrairement \u00e0 un linge ou un essuie-tout, ce couvercle offre un environnement ma\u00eetris\u00e9, propre et constant pour la fermentation.<\/li>\n<li>\u2705 <strong>Recommand\u00e9 en filament alimentaire<\/strong> \u2013 imprimez ce mod\u00e8le en filament certifi\u00e9 contact alimentaire.<\/li>\n<li>\u2705 <strong>Con\u00e7u par un designer produit et passionn\u00e9 de fermentation<\/strong> \u2013 mod\u00e8le pratique, test\u00e9 et optimis\u00e9 pour un usage quotidien.<\/li>\n<\/ul>\n<hr \/>\n<h4>Ce que vous t\u00e9l\u00e9chargez<\/h4>\n<ul>\n<li>1\u00d7 fichier STL du couvercle perc\u00e9 pour bocaux Le Parfait Super (500 ml, 750 ml, 1 L, 1,5 L, 2 L \u2013 \u00d885 mm)<\/li>\n<li>Compatibilit\u00e9 test\u00e9e avec les <strong>bocaux Ikea 2 L \u00e0 fermeture \u00e0 \u00e9trier<\/strong><\/li>\n<li>Trou optimis\u00e9 pour passe-paroi et barboteur <strong>en S<\/strong><\/li>\n<li>Mod\u00e8le optimis\u00e9 pour l\u2019impression FDM\/FFF<\/li>\n<\/ul>\n<p>\u26a0\ufe0f <strong>Attention :<\/strong> Le joint caoutchouc, le barboteur et la rondelle pr\u00e9sent\u00e9s sur les photos ne sont pas inclus.<\/p>\n<hr \/>\n<h4>Points cl\u00e9s suppl\u00e9mentaires<\/h4>\n<ul>\n<li><strong>Conception professionnelle<\/strong> \u2013 pens\u00e9e pour la solidit\u00e9, l\u2019\u00e9tanch\u00e9it\u00e9 et la compatibilit\u00e9 parfaite.<\/li>\n<li><strong>Compatibilit\u00e9 multi-tailles<\/strong> \u2013 fonctionne avec les bocaux Le Parfait Super (500 ml \u00e0 2 L) ainsi qu\u2019avec le bocal Ikea 2 L.<\/li>\n<li><strong>Optimis\u00e9 pour la fermentation<\/strong> \u2013 adapt\u00e9 aux barboteurs en S et aux passe-parois en caoutchouc standards.<\/li>\n<li><strong>Gain de temps et de mati\u00e8re<\/strong> \u2013 STL d\u00e9j\u00e0 \u00e9prouv\u00e9 : aucune it\u00e9ration ou ajustement n\u00e9cessaire.<\/li>\n<li><strong>Polyvalent<\/strong> \u2013 adapt\u00e9 \u00e0 la fermentation de l\u00e9gumes, levains, petites bi\u00e8res, vinaigres, etc.<\/li>\n<li><strong>Sup\u00e9rieur aux alternatives improvis\u00e9es<\/strong> \u2013 offre une \u00e9tanch\u00e9it\u00e9 et une fiabilit\u00e9 incomparables par rapport aux couvercles bricol\u00e9s ou aux tissus.<\/li>\n<\/ul>","protected":false},"excerpt":{"rendered":"<p>Transformez vos bocaux <strong>Le Parfait \u201cSuper\u201d<\/strong> en v\u00e9ritables r\u00e9cipients de fermentation fiables gr\u00e2ce \u00e0 ce <strong>couvercle perc\u00e9 d&#8217;un trou pour barboteur, imprimable en 3D &#8211; Une cr\u00e9ation Apiobi<\/strong><\/p>","protected":false},"featured_media":1736,"comment_status":"open","ping_status":"closed","template":"","meta":{"_themeisle_gutenberg_block_has_review":false},"product_brand":[302],"product_cat":[996,144,130],"product_tag":[1037,1028,1034,1026,1035,893,1029,1036,1032,1025,1031,1030,632,197,1024,1027,1033],"class_list":{"0":"post-1733","1":"product","2":"type-product","3":"status-publish","4":"has-post-thumbnail","6":"product_brand-apiobi","7":"product_cat-brassage-fermentation","8":"product_cat-maison-deco-bien-etre","9":"product_cat-modeles-3d","10":"product_tag-alimentaire","11":"product_tag-barboteur","12":"product_tag-biere","13":"product_tag-bocal","14":"product_tag-cidre","15":"product_tag-cuisine","16":"product_tag-fermentation","17":"product_tag-ikea","18":"product_tag-kvass","19":"product_tag-le-parfait","20":"product_tag-levain","21":"product_tag-levure","22":"product_tag-starter","23":"product_tag-stl","24":"product_tag-super","25":"product_tag-verre","26":"product_tag-vinaigre","28":"first","29":"instock","30":"downloadable","31":"virtual","32":"sold-individually","33":"purchasable","34":"product-type-simple"},"_links":{"self":[{"href":"https:\/\/apiobi.com\/es\/wp-json\/wp\/v2\/product\/1733","targetHints":{"allow":["GET"]}}],"collection":[{"href":"https:\/\/apiobi.com\/es\/wp-json\/wp\/v2\/product"}],"about":[{"href":"https:\/\/apiobi.com\/es\/wp-json\/wp\/v2\/types\/product"}],"replies":[{"embeddable":true,"href":"https:\/\/apiobi.com\/es\/wp-json\/wp\/v2\/comments?post=1733"}],"wp:featuredmedia":[{"embeddable":true,"href":"https:\/\/apiobi.com\/es\/wp-json\/wp\/v2\/media\/1736"}],"wp:attachment":[{"href":"https:\/\/apiobi.com\/es\/wp-json\/wp\/v2\/media?parent=1733"}],"wp:term":[{"taxonomy":"product_brand","embeddable":true,"href":"https:\/\/apiobi.com\/es\/wp-json\/wp\/v2\/product_brand?post=1733"},{"taxonomy":"product_cat","embeddable":true,"href":"https:\/\/apiobi.com\/es\/wp-json\/wp\/v2\/product_cat?post=1733"},{"taxonomy":"product_tag","embeddable":true,"href":"https:\/\/apiobi.com\/es\/wp-json\/wp\/v2\/product_tag?post=1733"}],"curies":[{"name":"wp","href":"https:\/\/api.w.org\/{rel}","templated":true}]}}