{"id":1601,"date":"2026-03-27T07:41:20","date_gmt":"2026-03-27T07:41:20","guid":{"rendered":"https:\/\/apiobi.com\/?post_type=product&#038;p=1601"},"modified":"2026-03-30T08:12:33","modified_gmt":"2026-03-30T08:12:33","slug":"%f0%9f%8d%92-panier-de-cueillette-en-hauteur-pour-petits-fruits-cueille-cerises","status":"publish","type":"product","link":"https:\/\/apiobi.com\/es\/boutique\/modeles-3d\/jardinage\/%f0%9f%8d%92-panier-de-cueillette-en-hauteur-pour-petits-fruits-cueille-cerises\/","title":{"rendered":"\ud83c\udf52 Cesta de recogida de bayas | Recogida de cerezas"},"content":{"rendered":"<p>J&#8217;ai con\u00e7u ce <strong>panier de cueillette<\/strong> pour atteindre <strong>les petits fruits comme les cerises, les prunes, les figues, les baies exotiques, les noix, le houblon, etc.<\/strong>, qui sont toujours trop hauts, m\u00eame en montant sur une \u00e9chelle. Les mod\u00e8les existants vendus dans le commerce sont bien trop larges pour cet usage, car con\u00e7us pour la cueillette des pommes ,poires, etc..<br \/>\nIl est facile \u00e0 installer. <strong>Il se fixe solidement sur une simple manche en bois ou bambou \u00e0 l&#8217;aide de 2 vis de chaque c\u00f4t\u00e9.<\/strong><\/p>\n<p><strong>En tirant, les dents de l&#8217;anneau \u00e0 griffes\u00a0 grippent et d\u00e9tachent le petit fruit<\/strong>, qui tombe ensuite doucement dans le sac en tissu maintenu par une ficelle enfil\u00e9e dans les trous tout autour de l&#8217;anneau.<\/p>\n<p>Cet outil permet de cueillir facilement les fruits sans avoir \u00e0 monter sur une \u00e9chelle, et sans ab\u00eemer ni les fruits ni l&#8217;arbre.<\/p>\n<p><strong>Le sac est tr\u00e8s facile \u00e0 fabriquer :<\/strong> il suffit d&#8217;utiliser un morceau de tissu d&#8217;environ 210 mm de long et 100 mm de haut, de le plier en deux, de le coudre ou de l&#8217;agrafer, puis de le fixer au panier de cueillette \u00e0 l&#8217;aide d&#8217;un lien ou d&#8217;un morceau de laine. Il amortit la chute m\u00eame des fruits les plus m\u00fbrs, ce qui signifie que vos fruits ne seront pas ab\u00eem\u00e9s comme s&#8217;ils tombaient dans un panier en plastique.<\/p>\n<p>\u00c0 ma connaissance, il n&#8217;existe pas de \u00ab petit \u00bb cueille-fruits capable de ramasser des baies, des noix ou des petits l\u00e9gumes.<br \/>\nEt voil\u00e0, c&#8217;est fait ! Une cr\u00e9ation innovante d&#8217;Apiobi suppl\u00e9mentaire!<\/p>\n<p>Vous pouvez d\u00e9sormais profiter de fruits que vous n&#8217;aviez jamais pu atteindre auparavant !<\/p>\n<p>\ud83c\udfc6 <strong>Ce mod\u00e8le a \u00e9t\u00e9 prim\u00e9 par cults3d.com<\/strong> et a \u00e9t\u00e9 s\u00e9lectionn\u00e9 soit dans la cat\u00e9gorie<strong> \u00ab Meilleurs mod\u00e8les \u00bb<\/strong>, soit dans la cat\u00e9gorie <strong>\u00ab Fichiers les plus populaires \u00bb<\/strong>, soit dans une collection <strong>\u00abTop \u00bb\u00a0<\/strong><br \/>\n<strong>d\u00e9j\u00e0 3,6kvues, 17 likes, 4 ventes<\/strong><\/p>\n<p>&nbsp;<\/p>\n<p>&nbsp;<\/p>","protected":false},"excerpt":{"rendered":"<p>Les petits fruits sont enfin accessibles gr\u00e2ce au cueille-cerises ApiObi imprimable en 3D<\/p>","protected":false},"featured_media":1604,"comment_status":"open","ping_status":"closed","template":"","meta":{"_themeisle_gutenberg_block_has_review":false},"product_brand":[302],"product_cat":[142,130],"product_tag":[422,237,1019,1020,341,1018,837,1022,834,1015,1013,758,235,1016,1021,376,197],"class_list":{"0":"post-1601","1":"product","2":"type-product","3":"status-publish","4":"has-post-thumbnail","6":"product_brand-apiobi","7":"product_cat-jardinage","8":"product_cat-modeles-3d","9":"product_tag-3d","10":"product_tag-apiobi","11":"product_tag-baie","12":"product_tag-cerise","13":"product_tag-clip","14":"product_tag-cueillette","15":"product_tag-decoration","16":"product_tag-figue","17":"product_tag-filet","18":"product_tag-fruit","19":"product_tag-houblon","20":"product_tag-jardin","21":"product_tag-jardinage","22":"product_tag-jardinier","23":"product_tag-noix","24":"product_tag-outil","25":"product_tag-stl","27":"first","28":"instock","29":"featured","30":"downloadable","31":"virtual","32":"sold-individually","33":"purchasable","34":"product-type-simple"},"_links":{"self":[{"href":"https:\/\/apiobi.com\/es\/wp-json\/wp\/v2\/product\/1601","targetHints":{"allow":["GET"]}}],"collection":[{"href":"https:\/\/apiobi.com\/es\/wp-json\/wp\/v2\/product"}],"about":[{"href":"https:\/\/apiobi.com\/es\/wp-json\/wp\/v2\/types\/product"}],"replies":[{"embeddable":true,"href":"https:\/\/apiobi.com\/es\/wp-json\/wp\/v2\/comments?post=1601"}],"wp:featuredmedia":[{"embeddable":true,"href":"https:\/\/apiobi.com\/es\/wp-json\/wp\/v2\/media\/1604"}],"wp:attachment":[{"href":"https:\/\/apiobi.com\/es\/wp-json\/wp\/v2\/media?parent=1601"}],"wp:term":[{"taxonomy":"product_brand","embeddable":true,"href":"https:\/\/apiobi.com\/es\/wp-json\/wp\/v2\/product_brand?post=1601"},{"taxonomy":"product_cat","embeddable":true,"href":"https:\/\/apiobi.com\/es\/wp-json\/wp\/v2\/product_cat?post=1601"},{"taxonomy":"product_tag","embeddable":true,"href":"https:\/\/apiobi.com\/es\/wp-json\/wp\/v2\/product_tag?post=1601"}],"curies":[{"name":"wp","href":"https:\/\/api.w.org\/{rel}","templated":true}]}}