{"id":1592,"date":"2026-03-27T07:16:29","date_gmt":"2026-03-27T07:16:29","guid":{"rendered":"https:\/\/apiobi.com\/?post_type=product&#038;p=1592"},"modified":"2026-03-30T08:15:42","modified_gmt":"2026-03-30T08:15:42","slug":"%f0%9f%8d%85-support-pour-tomates-crochet-tuteur-pour-les-branches-de-tomates-fruits-et-legumes","status":"publish","type":"product","link":"https:\/\/apiobi.com\/es\/boutique\/modeles-3d\/jardinage\/%f0%9f%8d%85-support-pour-tomates-crochet-tuteur-pour-les-branches-de-tomates-fruits-et-legumes\/","title":{"rendered":"\ud83c\udf45 Porta ganchos para tomates, frutas y verduras."},"content":{"rendered":"<p>Support en S muni de 2 crochets pour soutenir les branches des plants de tomates. Convient \u00e9galement \u00e0 d&#8217;autres fruits (comme le raisin) et l\u00e9gumes (comme les cucurbitac\u00e9es).<br \/>\nPeut aussi \u00eatre utilis\u00e9 pour le houblon et le guidage de toute plante grimpante.<\/p>\n<p>Beaucoup plus pratiques que la ficelle ou les pinces, qui ab\u00eement les branches et font tomber les fruits lors de la mise en place, les crochets sont solides, durables et n&#8217;endommagent pas les plants de tomates.<\/p>\n<p>Dans certains cas, j&#8217;en utilise plusieurs pour allonger la longueur, ce qui est vraiment tr\u00e8s pratique \ud83d\ude09<\/p>\n<p>Structure robuste de <strong>15 cm<\/strong> de long<\/p>\n<p>&nbsp;<\/p>","protected":false},"excerpt":{"rendered":"<p>Crochet, tuteur en S pour maintenir fermement les branches des plants de tomates, des fruits et des l\u00e9gumes imprimable en 3D<\/p>","protected":false},"featured_media":1599,"comment_status":"open","ping_status":"closed","template":"","meta":{"_themeisle_gutenberg_block_has_review":false},"product_brand":[302],"product_cat":[142,130],"product_tag":[422,60,341,1015,224,758,235,1016,763,1005,1014,197,383,1003,1012,1000],"class_list":{"0":"post-1592","1":"product","2":"type-product","3":"status-publish","4":"has-post-thumbnail","6":"product_brand-apiobi","7":"product_cat-jardinage","8":"product_cat-modeles-3d","9":"product_tag-3d","10":"product_tag-accessoire","11":"product_tag-clip","12":"product_tag-fruit","13":"product_tag-guide","14":"product_tag-jardin","15":"product_tag-jardinage","16":"product_tag-jardinier","17":"product_tag-legume","18":"product_tag-plantation","19":"product_tag-plants","20":"product_tag-stl","21":"product_tag-support","22":"product_tag-tiges","23":"product_tag-tomate","24":"product_tag-tuteur","26":"first","27":"instock","28":"downloadable","29":"virtual","30":"sold-individually","31":"purchasable","32":"product-type-simple"},"_links":{"self":[{"href":"https:\/\/apiobi.com\/es\/wp-json\/wp\/v2\/product\/1592","targetHints":{"allow":["GET"]}}],"collection":[{"href":"https:\/\/apiobi.com\/es\/wp-json\/wp\/v2\/product"}],"about":[{"href":"https:\/\/apiobi.com\/es\/wp-json\/wp\/v2\/types\/product"}],"replies":[{"embeddable":true,"href":"https:\/\/apiobi.com\/es\/wp-json\/wp\/v2\/comments?post=1592"}],"wp:featuredmedia":[{"embeddable":true,"href":"https:\/\/apiobi.com\/es\/wp-json\/wp\/v2\/media\/1599"}],"wp:attachment":[{"href":"https:\/\/apiobi.com\/es\/wp-json\/wp\/v2\/media?parent=1592"}],"wp:term":[{"taxonomy":"product_brand","embeddable":true,"href":"https:\/\/apiobi.com\/es\/wp-json\/wp\/v2\/product_brand?post=1592"},{"taxonomy":"product_cat","embeddable":true,"href":"https:\/\/apiobi.com\/es\/wp-json\/wp\/v2\/product_cat?post=1592"},{"taxonomy":"product_tag","embeddable":true,"href":"https:\/\/apiobi.com\/es\/wp-json\/wp\/v2\/product_tag?post=1592"}],"curies":[{"name":"wp","href":"https:\/\/api.w.org\/{rel}","templated":true}]}}