{"id":1585,"date":"2026-03-27T06:47:59","date_gmt":"2026-03-27T06:47:59","guid":{"rendered":"https:\/\/apiobi.com\/?post_type=product&#038;p=1585"},"modified":"2026-03-27T07:16:15","modified_gmt":"2026-03-27T07:16:15","slug":"tuteur-guide-pour-plantes-orchidees-et-fleurs-en-pot","status":"publish","type":"product","link":"https:\/\/apiobi.com\/es\/boutique\/modeles-3d\/maison-deco-bien-etre\/tuteur-guide-pour-plantes-orchidees-et-fleurs-en-pot\/","title":{"rendered":"Tuteur guide pour plantes, orchid\u00e9es et fleurs en pot"},"content":{"rendered":"<p>Pour soutenir les tiges de vos plantes pendant leur croissance ou leur floraison, comme celles des orchid\u00e9es, nous avons con\u00e7u ce tuteur qui guide mais ne pince ni n&#8217;ab\u00eeme pas la plante. Un raccord permet de d&#8217;enficher des pics en bois, bambou ou fibre couramment vendus sous la forme de brochettes. Il devient facile d\u2019adapter la longueur du tuteur \u00e0 la hauteur de vos plantes.<\/p>","protected":false},"excerpt":{"rendered":"<p>Pour soutenir les tiges de vos plantes pendant leur croissance ou leur floraison, comme celles des orchid\u00e9es, nous avons con\u00e7u ce tuteur qui guide mais ne pince ni n&#8217;ab\u00eeme pas la plante. Un raccord permet de d&#8217;enficher des pics en bois, bambou ou fibre couramment vendus sous la forme de brochettes. Il devient facile d\u2019adapter [&hellip;]<\/p>\n","protected":false},"featured_media":1588,"comment_status":"open","ping_status":"closed","template":"","meta":{"_themeisle_gutenberg_block_has_review":false},"product_brand":[302],"product_cat":[142,144,130],"product_tag":[422,267,237,341,837,1002,761,767,646,224,888,235,881,1006,999,1001,647,1005,660,1011,1008,1010,1004,1007,1009,197,383,1003,1000],"class_list":{"0":"post-1585","1":"product","2":"type-product","3":"status-publish","4":"has-post-thumbnail","6":"product_brand-apiobi","7":"product_cat-jardinage","8":"product_cat-maison-deco-bien-etre","9":"product_cat-modeles-3d","10":"product_tag-3d","11":"product_tag-3d-printable","12":"product_tag-apiobi","13":"product_tag-clip","14":"product_tag-decoration","15":"product_tag-en-pot","16":"product_tag-fleur","17":"product_tag-flower","18":"product_tag-gardening","19":"product_tag-guide","20":"product_tag-home","21":"product_tag-jardinage","22":"product_tag-maison","23":"product_tag-orchid","24":"product_tag-orchidee","25":"product_tag-pince","26":"product_tag-plant","27":"product_tag-plantation","28":"product_tag-plante","29":"product_tag-planting","30":"product_tag-potted","31":"product_tag-seedlings","32":"product_tag-semis","33":"product_tag-stake","34":"product_tag-stems","35":"product_tag-stl","36":"product_tag-support","37":"product_tag-tiges","38":"product_tag-tuteur","40":"first","41":"instock","42":"downloadable","43":"virtual","44":"sold-individually","45":"purchasable","46":"product-type-simple"},"_links":{"self":[{"href":"https:\/\/apiobi.com\/es\/wp-json\/wp\/v2\/product\/1585","targetHints":{"allow":["GET"]}}],"collection":[{"href":"https:\/\/apiobi.com\/es\/wp-json\/wp\/v2\/product"}],"about":[{"href":"https:\/\/apiobi.com\/es\/wp-json\/wp\/v2\/types\/product"}],"replies":[{"embeddable":true,"href":"https:\/\/apiobi.com\/es\/wp-json\/wp\/v2\/comments?post=1585"}],"wp:featuredmedia":[{"embeddable":true,"href":"https:\/\/apiobi.com\/es\/wp-json\/wp\/v2\/media\/1588"}],"wp:attachment":[{"href":"https:\/\/apiobi.com\/es\/wp-json\/wp\/v2\/media?parent=1585"}],"wp:term":[{"taxonomy":"product_brand","embeddable":true,"href":"https:\/\/apiobi.com\/es\/wp-json\/wp\/v2\/product_brand?post=1585"},{"taxonomy":"product_cat","embeddable":true,"href":"https:\/\/apiobi.com\/es\/wp-json\/wp\/v2\/product_cat?post=1585"},{"taxonomy":"product_tag","embeddable":true,"href":"https:\/\/apiobi.com\/es\/wp-json\/wp\/v2\/product_tag?post=1585"}],"curies":[{"name":"wp","href":"https:\/\/api.w.org\/{rel}","templated":true}]}}