{"id":1520,"date":"2026-03-25T10:13:52","date_gmt":"2026-03-25T10:13:52","guid":{"rendered":"https:\/\/apiobi.com\/?post_type=product&#038;p=1520"},"modified":"2026-04-01T14:16:26","modified_gmt":"2026-04-01T14:16:26","slug":"pointe-balle-pour-flechette-sarbacane-a-enfoncer-sur-fut-3mm-1-8","status":"publish","type":"product","link":"https:\/\/apiobi.com\/es\/boutique\/modeles-3d\/outdoor-sport\/tir-d-entrainement-sportif-sarbacane\/pointe-balle-pour-flechette-sarbacane-a-enfoncer-sur-fut-3mm-1-8\/","title":{"rendered":"Accesorio cerbatana para dardos Precision Bullet - para ca\u00f1\u00f3n de 3mm - 1\/8\u2033."},"content":{"rendered":"<p><strong>Accessoire de pr\u00e9cision en forme de Bullet pour vos fl\u00e9chettes <\/strong>\u00e0 enfiler sur un f\u00fbt de bambou, de bois ou de fibre de verre de 3,18 mm (1\/8&#8243;).<br \/>\nElle vous permet de fabriquer vos propres darts, fl\u00e9chettes pour le tir d&#8217;entrainement sur cible<br \/>\nCe mod\u00e8le est tr\u00e8s r\u00e9sistant aux chocs et la pointe ne s&#8217;\u00e9mousse pas facilement. Si cela arrive, vous pouvez facilement aff\u00fbter le PETG, l&#8217;ABS et tous les plastiques r\u00e9sistants.<\/p>\n<p>Pr\u00e9cision utile : les pics de brochette en bois ou en bambou ont un diam\u00e8tre de <strong>1\/8&#8243; (un peu plus de 3 mm)<\/strong>. Ils co\u00fbtent tr\u00e8s peu chers et certains sont parfaits et d&#8217;excellente qualit\u00e9 pour fabriquer vos propres darts \u00e0 moindre co\u00fbt pour la pratique du tir r\u00e9cr\u00e9atif de loisir.<br \/>\nUne <strong>sarbacane .625 <\/strong>a \u00e9t\u00e9 utilis\u00e9e depuis les phases de test, puis en conditions r\u00e9elles d&#8217;utilisation avec d&#8217;excellents r\u00e9sultats.<\/p>\n<p><b data-path-to-node=\"14,0\" data-index-in-node=\"0\">\u2699\ufe0f S\u00c9CURIT\u00c9 &amp; RESPONSABILIT\u00c9 :<\/b> Ce produit est un fichier num\u00e9rique. En l&#8217;achetant, vous reconnaissez \u00eatre seul responsable de sa fabrication physique et de son usage. Les accessoires de sarbacane doivent \u00eatre utilis\u00e9s conform\u00e9ment aux lois de votre pays. <b data-path-to-node=\"14,0\" data-index-in-node=\"259\">Consultez l&#8217;Article 6 de nos CGV pour les d\u00e9tails l\u00e9gaux.<\/b><\/p>\n<p>&nbsp;<\/p>\n<p>&nbsp;<\/p>","protected":false},"excerpt":{"rendered":"<p><strong>Embout de pr\u00e9cision\u00a0<\/strong><strong>&#8216;Bullet&#8217; <\/strong><strong>de dart \u00e0 enficher <\/strong>pour f\u00fbt de 3 mm <strong>(1\/8&#8243;)<\/strong> en bambou, bois, carbone ou fibre de verre.<\/p>","protected":false},"featured_media":1524,"comment_status":"open","ping_status":"closed","template":"","meta":{"_themeisle_gutenberg_block_has_review":false},"product_brand":[302],"product_cat":[130,1023,937],"product_tag":[930,940,993,907,994,938,921,920,918,916,197,941,917],"class_list":{"0":"post-1520","1":"product","2":"type-product","3":"status-publish","4":"has-post-thumbnail","6":"product_brand-apiobi","7":"product_cat-modeles-3d","8":"product_cat-outdoor-sport","9":"product_cat-tir-d-entrainement-sportif-sarbacane","10":"product_tag-blowgun","11":"product_tag-blunt","12":"product_tag-bullet","13":"product_tag-cible","14":"product_tag-dart","15":"product_tag-fleche","16":"product_tag-flechettes","17":"product_tag-loisir","18":"product_tag-recreatif","19":"product_tag-sarbacane","20":"product_tag-stl","21":"product_tag-stunt","22":"product_tag-tir","24":"first","25":"instock","26":"featured","27":"downloadable","28":"virtual","29":"sold-individually","30":"purchasable","31":"product-type-simple"},"_links":{"self":[{"href":"https:\/\/apiobi.com\/es\/wp-json\/wp\/v2\/product\/1520","targetHints":{"allow":["GET"]}}],"collection":[{"href":"https:\/\/apiobi.com\/es\/wp-json\/wp\/v2\/product"}],"about":[{"href":"https:\/\/apiobi.com\/es\/wp-json\/wp\/v2\/types\/product"}],"replies":[{"embeddable":true,"href":"https:\/\/apiobi.com\/es\/wp-json\/wp\/v2\/comments?post=1520"}],"wp:featuredmedia":[{"embeddable":true,"href":"https:\/\/apiobi.com\/es\/wp-json\/wp\/v2\/media\/1524"}],"wp:attachment":[{"href":"https:\/\/apiobi.com\/es\/wp-json\/wp\/v2\/media?parent=1520"}],"wp:term":[{"taxonomy":"product_brand","embeddable":true,"href":"https:\/\/apiobi.com\/es\/wp-json\/wp\/v2\/product_brand?post=1520"},{"taxonomy":"product_cat","embeddable":true,"href":"https:\/\/apiobi.com\/es\/wp-json\/wp\/v2\/product_cat?post=1520"},{"taxonomy":"product_tag","embeddable":true,"href":"https:\/\/apiobi.com\/es\/wp-json\/wp\/v2\/product_tag?post=1520"}],"curies":[{"name":"wp","href":"https:\/\/api.w.org\/{rel}","templated":true}]}}