{"id":1510,"date":"2026-03-25T09:30:52","date_gmt":"2026-03-25T09:30:52","guid":{"rendered":"https:\/\/apiobi.com\/?post_type=product&#038;p=1510"},"modified":"2026-03-30T08:24:44","modified_gmt":"2026-03-30T08:24:44","slug":"moule-a-cones-dencens-a-reflux-tours-presse-4-empreintes-backflow-incense-towers-cone-mold","status":"publish","type":"product","link":"https:\/\/apiobi.com\/es\/boutique\/modeles-3d\/maison-deco-bien-etre\/meditation-relaxation\/moule-a-cones-dencens-a-reflux-tours-presse-4-empreintes-backflow-incense-towers-cone-mold\/","title":{"rendered":"Molde para conos de incienso Reflux | 4 torres de impresi\u00f3n"},"content":{"rendered":"<h4 data-section-id=\"nqzy9r\" data-start=\"115\" data-end=\"193\">Nouveau moule r\u00e9utilisable pour fabriquer 4 c\u00f4nes d&#8217;encens en forme de tour<\/h4>\n<p data-start=\"195\" data-end=\"307\">Moule &#8211; presse r\u00e9utilisable permettant de <strong data-start=\"246\" data-end=\"306\">r\u00e9aliser simultan\u00e9ment 4 c\u00f4nes d\u2019encens en forme de tours<\/strong>.<\/p>\n<p><strong>Ce moule \u00e0 c\u00f4nes d\u2019encens a \u00e9t\u00e9 con\u00e7u pour fabriquer facilement vos tours avec ou sans reflux d&#8217;air (backflow) <\/strong><strong>avec vos propres recettes de m\u00e9langes d\u2019encens.<\/strong><\/p>\n<p>Il existe de nombreux tutoriels pour cr\u00e9er vos propres recettes, avec des ingr\u00e9dients d\u00e9di\u00e9s, des ingr\u00e9dients de cuisine et des \u00e9l\u00e9ments naturels faciles \u00e0 trouver (ex. pommes de pins) .<\/p>\n<p><strong>L\u2019utilisation de ce moule est tr\u00e8s simple :<\/strong><\/p>\n<ol>\n<li>Placez les deux parties du moule dans une pince \u00e0 ressort pour les maintenir fermement.<\/li>\n<li>Remplissez ensuite votre m\u00e9lange en tassant soigneusement. Vous pouvez utilisez notre set d&#8217;outils pr\u00e9vus \u00e0 cet effet,<a href=\"https:\/\/apiobi.com\/es\/boutique\/modelos-3d\/maison-deco-bien-etre\/ensemble-de-3-outils-pour-moules-a-cones-dencens-a-reflux\/\" target=\"_blank\" rel=\"noopener\">ici<\/a>.<\/li>\n<li>Ins\u00e9rez une aiguille sur environ <strong>2 \u00e0 3 cm<\/strong> au centre des tours (toujours dans le moule) pour permettre la circulation d\u2019air n\u00e9cessaire \u00e0 l\u2019effet \u00ab backflow \u00bb.<\/li>\n<\/ol>\n<p>Et voil\u00e0, vos c\u00f4nes sont fabriqu\u00e9s et parfaitement compact\u00e9s. Vous pourrez les utiliser apr\u00e8s s\u00e9chage lent \u00e0 l&#8217;air libre!<\/p>\n<p><strong data-start=\"645\" data-end=\"667\">Taille des c\u00f4nes tours :<\/strong> 40 \u00d7 20 mm<\/p>","protected":false},"excerpt":{"rendered":"<p>Fabriquez rapidement 4 tours d&#8217;encens de 40mm avec le moule ApiObi imprimable en 3D, efficace et durable.<\/p>","protected":false},"featured_media":1514,"comment_status":"open","ping_status":"closed","template":"","meta":{"_themeisle_gutenberg_block_has_review":false},"product_brand":[302],"product_cat":[144,995,130],"product_tag":[60,349,877,883,237,885,289,889,649,837,208,875,879,406,888,230,297,884,881,362,375,376,878,886,361,374,876,887,363,882,880],"class_list":{"0":"post-1510","1":"product","2":"type-product","3":"status-publish","4":"has-post-thumbnail","6":"product_brand-apiobi","7":"product_cat-maison-deco-bien-etre","8":"product_cat-meditation-relaxation","9":"product_cat-modeles-3d","10":"product_tag-accessoire","11":"product_tag-accessory","12":"product_tag-air","13":"product_tag-ambiance","14":"product_tag-apiobi","15":"product_tag-backflow","16":"product_tag-bricolage","17":"product_tag-bruleur","18":"product_tag-cone","19":"product_tag-decoration","20":"product_tag-diy","21":"product_tag-encens","22":"product_tag-fumee","23":"product_tag-handmade","24":"product_tag-home","25":"product_tag-impression-3d","26":"product_tag-imprimable-en-3d","27":"product_tag-incense","28":"product_tag-maison","29":"product_tag-mold","30":"product_tag-moule","31":"product_tag-outil","32":"product_tag-parfum","33":"product_tag-perfume","34":"product_tag-press","35":"product_tag-presse","36":"product_tag-reflux","37":"product_tag-smoke","38":"product_tag-tool","39":"product_tag-yoga","40":"product_tag-zen","42":"first","43":"instock","44":"featured","45":"downloadable","46":"virtual","47":"sold-individually","48":"purchasable","49":"product-type-simple"},"_links":{"self":[{"href":"https:\/\/apiobi.com\/es\/wp-json\/wp\/v2\/product\/1510","targetHints":{"allow":["GET"]}}],"collection":[{"href":"https:\/\/apiobi.com\/es\/wp-json\/wp\/v2\/product"}],"about":[{"href":"https:\/\/apiobi.com\/es\/wp-json\/wp\/v2\/types\/product"}],"replies":[{"embeddable":true,"href":"https:\/\/apiobi.com\/es\/wp-json\/wp\/v2\/comments?post=1510"}],"wp:featuredmedia":[{"embeddable":true,"href":"https:\/\/apiobi.com\/es\/wp-json\/wp\/v2\/media\/1514"}],"wp:attachment":[{"href":"https:\/\/apiobi.com\/es\/wp-json\/wp\/v2\/media?parent=1510"}],"wp:term":[{"taxonomy":"product_brand","embeddable":true,"href":"https:\/\/apiobi.com\/es\/wp-json\/wp\/v2\/product_brand?post=1510"},{"taxonomy":"product_cat","embeddable":true,"href":"https:\/\/apiobi.com\/es\/wp-json\/wp\/v2\/product_cat?post=1510"},{"taxonomy":"product_tag","embeddable":true,"href":"https:\/\/apiobi.com\/es\/wp-json\/wp\/v2\/product_tag?post=1510"}],"curies":[{"name":"wp","href":"https:\/\/api.w.org\/{rel}","templated":true}]}}